{"id":514,"date":"2023-10-16T16:17:24","date_gmt":"2023-10-16T16:17:24","guid":{"rendered":"http:\/\/ricom-web7.com\/ccsb\/du-coin-dici\/"},"modified":"2024-01-23T16:33:04","modified_gmt":"2024-01-23T16:33:04","slug":"du-coin-dici","status":"publish","type":"page","link":"https:\/\/ricom-collectivites3.com\/ccsb\/?page_id=514","title":{"rendered":"Du Coin d\u2019ici"},"content":{"rendered":"<p>[et_pb_section fb_built=\u00a0\u00bb1&Prime; module_class=\u00a0\u00bbfd_raye\u00a0\u00bb _builder_version=\u00a0\u00bb4.20.4&Prime; _module_preset=\u00a0\u00bbdefault\u00a0\u00bb background_enable_color=\u00a0\u00bboff\u00a0\u00bb background_image=\u00a0\u00bbhttps:\/\/ricom-collectivites3.com\/ccsb\/wp-content\/uploads\/2023\/10\/bandeau2.jpg\u00a0\u00bb custom_padding=\u00a0\u00bb62px||0px|||\u00a0\u00bb locked=\u00a0\u00bboff\u00a0\u00bb global_colors_info=\u00a0\u00bb{}\u00a0\u00bb][et_pb_row _builder_version=\u00a0\u00bb4.20.4&Prime; _module_preset=\u00a0\u00bbdefault\u00a0\u00bb background_color=\u00a0\u00bb#FFFFFF\u00a0\u00bb width=\u00a0\u00bb100%\u00a0\u00bb max_width=\u00a0\u00bb1150px\u00a0\u00bb module_alignment=\u00a0\u00bbcenter\u00a0\u00bb custom_padding=\u00a0\u00bb23px|25px|0px|25px|false|true\u00a0\u00bb global_colors_info=\u00a0\u00bb{}\u00a0\u00bb][et_pb_column type=\u00a0\u00bb4_4&Prime; _builder_version=\u00a0\u00bb4.20.4&Prime; _module_preset=\u00a0\u00bbdefault\u00a0\u00bb global_colors_info=\u00a0\u00bb{}\u00a0\u00bb][et_pb_post_title _builder_version=\u00a0\u00bb4.20.4&Prime; _module_preset=\u00a0\u00bbdefault\u00a0\u00bb locked=\u00a0\u00bbon\u00a0\u00bb global_colors_info=\u00a0\u00bb{}\u00a0\u00bb][\/et_pb_post_title][\/et_pb_column][\/et_pb_row][\/et_pb_section][et_pb_section fb_built=\u00a0\u00bb1&Prime; _builder_version=\u00a0\u00bb4.20.4&Prime; _module_preset=\u00a0\u00bbdefault\u00a0\u00bb custom_padding=\u00a0\u00bb28px|||||\u00a0\u00bb global_colors_info=\u00a0\u00bb{}\u00a0\u00bb][et_pb_row column_structure=\u00a0\u00bb2_3,1_3&Prime; use_custom_gutter=\u00a0\u00bbon\u00a0\u00bb gutter_width=\u00a0\u00bb2&Prime; _builder_version=\u00a0\u00bb4.20.4&Prime; _module_preset=\u00a0\u00bbdefault\u00a0\u00bb width=\u00a0\u00bb100%\u00a0\u00bb max_width=\u00a0\u00bb1100px\u00a0\u00bb custom_padding=\u00a0\u00bb0px|||||\u00a0\u00bb global_colors_info=\u00a0\u00bb{}\u00a0\u00bb][et_pb_column type=\u00a0\u00bb2_3&Prime; _builder_version=\u00a0\u00bb4.20.4&Prime; _module_preset=\u00a0\u00bbdefault\u00a0\u00bb global_colors_info=\u00a0\u00bb{}\u00a0\u00bb][et_pb_text admin_label=\u00a0\u00bbCorps de texte\u00a0\u00bb _builder_version=\u00a0\u00bb4.24.0&Prime; _module_preset=\u00a0\u00bbdefault\u00a0\u00bb locked=\u00a0\u00bboff\u00a0\u00bb global_colors_info=\u00a0\u00bb{}\u00a0\u00bb]<\/p>\n<h2>Ensemble, valorisons votre commerce !<\/h2>\n<blockquote>\n<p>La Communaut\u00e9 de Communes Sa\u00f4ne-Beaujolais s\u2019engage \u00e0 <strong>soutenir et valoriser ses commer\u00e7ants<\/strong>. Qu\u2019il s\u2019agisse d\u2019une <strong>installation<\/strong>, d\u2019un <strong>changement de local<\/strong> ou d\u2019une <strong>r\u00e9novation<\/strong>, des agents sont disponibles pour vous aider vous indiquer des partenaires pour <strong>construire le projet<\/strong> et trouver des <strong>subventionnements<\/strong>.<\/p>\n<\/blockquote>\n<h3><img loading=\"lazy\" decoding=\"async\" src=\"https:\/\/ricom-collectivites3.com\/ccsb\/wp-content\/uploads\/2024\/01\/Du-Coin-dici-2.jpg\" width=\"328\" height=\"172\" alt=\"\" class=\"wp-image-4136 alignnone size-full\" style=\"display: block;margin-left: auto;margin-right: auto\" \/><\/h3>\n<h3>Plusieurs services et actions sont mis en place\u00a0:<\/h3>\n<p><strong>1\/ La d\u00e9marche <em>Du coin d\u2019ici<\/em> qui regroupe plus d\u2019une centaine d\u2019acteurs \u00e9conomiques du territoire Sa\u00f4ne Beaujolais.<\/strong> Ce regroupement organis\u00e9 par la Communaut\u00e9 de Communes est totalement gratuite pour les commer\u00e7ants et permets de r\u00e9aliser des petites vid\u00e9os de pr\u00e9sentation des commerces et des commer\u00e7ants et qui relaye \u00e9galement les grands \u00e9v\u00e8nements des commerces adh\u00e9rents.<\/p>\n<ul>\n<li>Suivez la page facebook <a href=\"https:\/\/www.facebook.com\/DuCoinDici\">Du coin d&rsquo;ici<\/a><\/li>\n<li>Suivez la page instagram <a href=\"https:\/\/www.instagram.com\/ducoindici\/\">Du coin d&rsquo;ici<\/a><\/li>\n<li>Vous \u00eates commer\u00e7ants et vous souhaitez adh\u00e9rer\u00a0? Contacter nos services<\/li>\n<\/ul>\n<p><strong>2\/ Des soutiens financiers\u00a0: une subvention co-financ\u00e9e par la r\u00e9gion et la CCSB. <\/strong>Avec la mise en \u0153uvre de cette subvention sur son territoire, la Communaut\u00e9 de Communes Sa\u00f4ne-Beaujolais souhaite soutenir les artisans et commer\u00e7ants de proximit\u00e9 dans leur projet. <strong>Pour qui ?\u00a0<\/strong>Les entreprises artisanales et commerciales dont l\u2019\u00e9tablissement d\u2019activit\u00e9 \u00e9conomique est situ\u00e9 sur le p\u00e9rim\u00e8tre de la Communaut\u00e9 de Communes Sa\u00f4ne-Beaujolais, sous r\u00e9serve de:<\/p>\n<ul>\n<li>\u00catre inscrit au registre du Commerce et des Soci\u00e9t\u00e9s ou au R\u00e9pertoire des M\u00e9tiers<\/li>\n<li>Justifier d\u2019une situation saine (pas en cours de liquidation) et r\u00e9guli\u00e8re (\u00eatre \u00e0 jour de ses cotisations sociales et fiscales\u2026)<\/li>\n<li>R\u00e9aliser un chiffre d\u2019affaires hors taxes inf\u00e9rieur \u00e0 1 million d\u2019euros HT (tous \u00e9tablissement confondus)<\/li>\n<li>Avoir une client\u00e8le principalement compos\u00e9e de particuliers (consommateur final)<\/li>\n<li>Possibilit\u00e9 pour les non s\u00e9dentaires sous certaines conditions !<\/li>\n<\/ul>\n<h3><strong>Pour quels travaux ?<\/strong><\/h3>\n<ul>\n<li>La r\u00e9novation de fa\u00e7ades, vitrines et devantures (enseigne, banne, store\u2026)<\/li>\n<li>Les am\u00e9nagements destin\u00e9s \u00e0 faciliter l\u2019accessibilit\u00e9 de votre entreprise aux personnes \u00e0 mobilit\u00e9 r\u00e9duite (nouveau syst\u00e8me d\u2019\u00e9clairage, abaissement du comptoir, installation de rampe d\u2019acc\u00e8s, d\u00e9caissement\u2026)<\/li>\n<li>Les \u00e9quipements destin\u00e9s \u00e0 assurer la s\u00e9curit\u00e9 de vos locaux (cam\u00e9ra, d\u00e9tection anti-intrusion\u2026)<\/li>\n<li>Les investissements relatifs \u00e0 la productivit\u00e9 de votre activit\u00e9 qui incluent les \u00e9quipements professionnels (four \u00e0 pain, chambre froide\u2026)<\/li>\n<\/ul>\n<h3><strong>B\u00e9n\u00e9ficiez de la subvention ?<\/strong><\/h3>\n<ul>\n<li>Montant minimal de d\u00e9pense aid\u00e9e : 10 000 \u20ac HT<\/li>\n<li>Le taux de prise en charge de vos investissements peut varier entre 10 et 15% en fonction de la nature de votre projet et de sa localisation<\/li>\n<\/ul>\n<p><strong>3\/ Des diagnostics et aides \u00e0 la r\u00e9novation \u00e9nerg\u00e9tique avec R\u00e9nov&rsquo; en Beaujolais.\u00a0<\/strong>La CCSB s\u2019est dot\u00e9e d\u2019un nouveau service d\u2019accompagnement \u00e0 la r\u00e9novation de l\u2019habitat ouvert \u00e0 tous. Son but\u00a0? R\u00e9pondre aux ambitions Territoire \u00e0 \u00c9nergie POSitive (T\u00c9POS) impliquant la pr\u00e9servation de l\u2019environnement et de r\u00e9duction des consommations d\u2019\u00e9nergies sur notre territoire. Un conseiller Habitat &amp; \u00c9nergie propose un panel de service via des permanences t\u00e9l\u00e9phoniques ou physiques.<\/p>\n<p>&nbsp;<\/p>\n<p>La d\u00e9marche \u00ab\u00a0Du coin d\u2019ici\u00a0\u00bb rassemble les commer\u00e7ants, artisans et producteurs de l\u2019ensemble de la Communaut\u00e9 de Communes Sa\u00f4ne Beaujolais.<\/p>\n<p>Son objectif est simple ; faire conna\u00eetre les produits et services du territoire en relayant les informations sur Facebook et Instagram tout en faisant d\u00e9couvrir les sp\u00e9cificit\u00e9s de chaque entreprise.<\/p>\n<p>Vous pouvez retrouver toute l\u2019actualit\u00e9 des commer\u00e7ants, producteurs et artisans sur la page facebook ou la page instagram.<\/p>\n<p>L\u2019adh\u00e9sion \u00e0 la d\u00e9marche est gratuite. Il vous suffit de signer la note d\u2019engagement.<a href=\"#_ftn1\" name=\"_ftnref1\"><span><\/span><\/a><\/p>\n<p>&nbsp;<\/p>\n<p>[\/et_pb_text][\/et_pb_column][et_pb_column type=\u00a0\u00bb1_3&Prime; _builder_version=\u00a0\u00bb4.20.4&Prime; _module_preset=\u00a0\u00bbdefault\u00a0\u00bb global_colors_info=\u00a0\u00bb{}\u00a0\u00bb][et_pb_image src=\u00a0\u00bbhttps:\/\/ricom-collectivites3.com\/ccsb\/wp-content\/uploads\/2024\/01\/Du-Coin-dici.jpg\u00a0\u00bb title_text=\u00a0\u00bbDu Coin d&rsquo;ici\u00a0\u00bb _builder_version=\u00a0\u00bb4.24.0&Prime; _module_preset=\u00a0\u00bbdefault\u00a0\u00bb global_colors_info=\u00a0\u00bb{}\u00a0\u00bb][\/et_pb_image][et_pb_code module_id=\u00a0\u00bbpartager\u00a0\u00bb _builder_version=\u00a0\u00bb4.23.1&Prime; _module_preset=\u00a0\u00bbdefault\u00a0\u00bb text_orientation=\u00a0\u00bbcenter\u00a0\u00bb custom_margin=\u00a0\u00bb||10px||false|false\u00a0\u00bb custom_padding=\u00a0\u00bb||10px||false|false\u00a0\u00bb border_style_bottom=\u00a0\u00bbdotted\u00a0\u00bb global_module=\u00a0\u00bb2806&Prime; saved_tabs=\u00a0\u00bball\u00a0\u00bb locked=\u00a0\u00bboff\u00a0\u00bb global_colors_info=\u00a0\u00bb{}\u00a0\u00bb]<span class=\"partager\">Partager ce contenu<\/span><!-- [et_pb_line_break_holder] --><div class=\"heateor_sss_sharing_container heateor_sss_horizontal_sharing\" data-heateor-ss-offset=\"0\" data-heateor-sss-href='https:\/\/ricom-collectivites3.com\/ccsb\/index.php?rest_route=%2Fwp%2Fv2%2Fpages%2F514'><div class=\"heateor_sss_sharing_ul\"><a aria-label=\"Facebook\" class=\"heateor_sss_facebook\" href=\"https:\/\/www.facebook.com\/sharer\/sharer.php?u=https%3A%2F%2Fricom-collectivites3.com%2Fccsb%2Findex.php%3Frest_route%3D%252Fwp%252Fv2%252Fpages%252F514\" title=\"Facebook\" rel=\"nofollow noopener\" target=\"_blank\" style=\"font-size:32px!important;box-shadow:none;display:inline-block;vertical-align:middle\"><span class=\"heateor_sss_svg\" style=\"background-color:#0765FE;width:30px;height:30px;border-radius:999px;display:inline-block;opacity:1;float:left;font-size:32px;box-shadow:none;display:inline-block;font-size:16px;padding:0 4px;vertical-align:middle;background-repeat:repeat;overflow:hidden;padding:0;cursor:pointer;box-sizing:content-box\"><svg style=\"display:block;border-radius:999px;\" focusable=\"false\" aria-hidden=\"true\" xmlns=\"http:\/\/www.w3.org\/2000\/svg\" width=\"100%\" height=\"100%\" viewBox=\"0 0 32 32\"><path fill=\"#fff\" d=\"M28 16c0-6.627-5.373-12-12-12S4 9.373 4 16c0 5.628 3.875 10.35 9.101 11.647v-7.98h-2.474V16H13.1v-1.58c0-4.085 1.849-5.978 5.859-5.978.76 0 2.072.15 2.608.298v3.325c-.283-.03-.775-.045-1.386-.045-1.967 0-2.728.745-2.728 2.683V16h3.92l-.673 3.667h-3.247v8.245C23.395 27.195 28 22.135 28 16Z\"><\/path><\/svg><\/span><\/a><a aria-label=\"Linkedin\" class=\"heateor_sss_button_linkedin\" href=\"https:\/\/www.linkedin.com\/sharing\/share-offsite\/?url=https%3A%2F%2Fricom-collectivites3.com%2Fccsb%2Findex.php%3Frest_route%3D%252Fwp%252Fv2%252Fpages%252F514\" title=\"Linkedin\" rel=\"nofollow noopener\" target=\"_blank\" style=\"font-size:32px!important;box-shadow:none;display:inline-block;vertical-align:middle\"><span class=\"heateor_sss_svg heateor_sss_s__default heateor_sss_s_linkedin\" style=\"background-color:#0077b5;width:30px;height:30px;border-radius:999px;display:inline-block;opacity:1;float:left;font-size:32px;box-shadow:none;display:inline-block;font-size:16px;padding:0 4px;vertical-align:middle;background-repeat:repeat;overflow:hidden;padding:0;cursor:pointer;box-sizing:content-box\"><svg style=\"display:block;border-radius:999px;\" focusable=\"false\" aria-hidden=\"true\" xmlns=\"http:\/\/www.w3.org\/2000\/svg\" width=\"100%\" height=\"100%\" viewBox=\"0 0 32 32\"><path d=\"M6.227 12.61h4.19v13.48h-4.19V12.61zm2.095-6.7a2.43 2.43 0 0 1 0 4.86c-1.344 0-2.428-1.09-2.428-2.43s1.084-2.43 2.428-2.43m4.72 6.7h4.02v1.84h.058c.56-1.058 1.927-2.176 3.965-2.176 4.238 0 5.02 2.792 5.02 6.42v7.395h-4.183v-6.56c0-1.564-.03-3.574-2.178-3.574-2.18 0-2.514 1.7-2.514 3.46v6.668h-4.187V12.61z\" fill=\"#fff\"><\/path><\/svg><\/span><\/a><a aria-label=\"Whatsapp\" class=\"heateor_sss_whatsapp\" href=\"https:\/\/api.whatsapp.com\/send?text=Du%20Coin%20d%E2%80%99ici%20https%3A%2F%2Fricom-collectivites3.com%2Fccsb%2Findex.php%3Frest_route%3D%252Fwp%252Fv2%252Fpages%252F514\" title=\"Whatsapp\" rel=\"nofollow noopener\" target=\"_blank\" style=\"font-size:32px!important;box-shadow:none;display:inline-block;vertical-align:middle\"><span class=\"heateor_sss_svg\" style=\"background-color:#55eb4c;width:30px;height:30px;border-radius:999px;display:inline-block;opacity:1;float:left;font-size:32px;box-shadow:none;display:inline-block;font-size:16px;padding:0 4px;vertical-align:middle;background-repeat:repeat;overflow:hidden;padding:0;cursor:pointer;box-sizing:content-box\"><svg style=\"display:block;border-radius:999px;\" focusable=\"false\" aria-hidden=\"true\" xmlns=\"http:\/\/www.w3.org\/2000\/svg\" width=\"100%\" height=\"100%\" viewBox=\"-6 -5 40 40\"><path class=\"heateor_sss_svg_stroke heateor_sss_no_fill\" stroke=\"#fff\" stroke-width=\"2\" fill=\"none\" d=\"M 11.579798566743314 24.396926207859085 A 10 10 0 1 0 6.808479557110079 20.73576436351046\"><\/path><path d=\"M 7 19 l -1 6 l 6 -1\" class=\"heateor_sss_no_fill heateor_sss_svg_stroke\" stroke=\"#fff\" stroke-width=\"2\" fill=\"none\"><\/path><path d=\"M 10 10 q -1 8 8 11 c 5 -1 0 -6 -1 -3 q -4 -3 -5 -5 c 4 -2 -1 -5 -1 -4\" fill=\"#fff\"><\/path><\/svg><\/span><\/a><a aria-label=\"Instagram\" class=\"heateor_sss_button_instagram\" href=\"https:\/\/www.instagram.com\/\" title=\"Instagram\" rel=\"nofollow noopener\" target=\"_blank\" style=\"font-size:32px!important;box-shadow:none;display:inline-block;vertical-align:middle\"><span class=\"heateor_sss_svg\" style=\"background-color:#53beee;width:30px;height:30px;border-radius:999px;display:inline-block;opacity:1;float:left;font-size:32px;box-shadow:none;display:inline-block;font-size:16px;padding:0 4px;vertical-align:middle;background-repeat:repeat;overflow:hidden;padding:0;cursor:pointer;box-sizing:content-box\"><svg style=\"display:block;border-radius:999px;\" version=\"1.1\" viewBox=\"-10 -10 148 148\" width=\"100%\" height=\"100%\" xml:space=\"preserve\" xmlns=\"http:\/\/www.w3.org\/2000\/svg\" xmlns:xlink=\"http:\/\/www.w3.org\/1999\/xlink\"><g><g><path d=\"M86,112H42c-14.336,0-26-11.663-26-26V42c0-14.337,11.664-26,26-26h44c14.337,0,26,11.663,26,26v44 C112,100.337,100.337,112,86,112z M42,24c-9.925,0-18,8.074-18,18v44c0,9.925,8.075,18,18,18h44c9.926,0,18-8.075,18-18V42 c0-9.926-8.074-18-18-18H42z\" fill=\"#fff\"><\/path><\/g><g><path d=\"M64,88c-13.234,0-24-10.767-24-24c0-13.234,10.766-24,24-24s24,10.766,24,24C88,77.233,77.234,88,64,88z M64,48c-8.822,0-16,7.178-16,16s7.178,16,16,16c8.822,0,16-7.178,16-16S72.822,48,64,48z\" fill=\"#fff\"><\/path><\/g><g><circle cx=\"89.5\" cy=\"38.5\" fill=\"#fff\" r=\"5.5\"><\/circle><\/g><\/g><\/svg><\/span><\/a><a aria-label=\"X\" class=\"heateor_sss_button_x\" href=\"https:\/\/twitter.com\/intent\/tweet?text=Du%20Coin%20d%E2%80%99ici&url=https%3A%2F%2Fricom-collectivites3.com%2Fccsb%2Findex.php%3Frest_route%3D%252Fwp%252Fv2%252Fpages%252F514\" title=\"X\" rel=\"nofollow noopener\" target=\"_blank\" style=\"font-size:32px!important;box-shadow:none;display:inline-block;vertical-align:middle\"><span class=\"heateor_sss_svg heateor_sss_s__default heateor_sss_s_x\" style=\"background-color:#2a2a2a;width:30px;height:30px;border-radius:999px;display:inline-block;opacity:1;float:left;font-size:32px;box-shadow:none;display:inline-block;font-size:16px;padding:0 4px;vertical-align:middle;background-repeat:repeat;overflow:hidden;padding:0;cursor:pointer;box-sizing:content-box\"><svg width=\"100%\" height=\"100%\" style=\"display:block;border-radius:999px;\" focusable=\"false\" aria-hidden=\"true\" xmlns=\"http:\/\/www.w3.org\/2000\/svg\" viewBox=\"0 0 32 32\"><path fill=\"#fff\" d=\"M21.751 7h3.067l-6.7 7.658L26 25.078h-6.172l-4.833-6.32-5.531 6.32h-3.07l7.167-8.19L6 7h6.328l4.37 5.777L21.75 7Zm-1.076 16.242h1.7L11.404 8.74H9.58l11.094 14.503Z\"><\/path><\/svg><\/span><\/a><a aria-label=\"Print\" class=\"heateor_sss_button_print\" href=\"https:\/\/ricom-collectivites3.com\/ccsb\/index.php?rest_route=%2Fwp%2Fv2%2Fpages%2F514\" onclick=\"event.preventDefault();window.print()\" title=\"Print\" rel=\"noopener\" style=\"font-size:32px!important;box-shadow:none;display:inline-block;vertical-align:middle\"><span class=\"heateor_sss_svg heateor_sss_s__default heateor_sss_s_print\" style=\"background-color:#fd6500;width:30px;height:30px;border-radius:999px;display:inline-block;opacity:1;float:left;font-size:32px;box-shadow:none;display:inline-block;font-size:16px;padding:0 4px;vertical-align:middle;background-repeat:repeat;overflow:hidden;padding:0;cursor:pointer;box-sizing:content-box\"><svg style=\"display:block;border-radius:999px;\" focusable=\"false\" aria-hidden=\"true\" xmlns=\"http:\/\/www.w3.org\/2000\/svg\" width=\"100%\" height=\"100%\" viewBox=\"-2.8 -4.5 35 35\"><path stroke=\"#fff\" class=\"heateor_sss_svg_stroke\" d=\"M 7 10 h 2 v 3 h 12 v -3 h 2 v 7 h -2 v -3 h -12 v 3 h -2 z\" stroke-width=\"1\" fill=\"#fff\"><\/path><rect class=\"heateor_sss_no_fill heateor_sss_svg_stroke\" stroke=\"#fff\" stroke-width=\"1.8\" height=\"7\" width=\"10\" x=\"10\" y=\"5\" fill=\"none\"><\/rect><rect class=\"heateor_sss_svg_stroke\" stroke=\"#fff\" stroke-width=\"1\" height=\"5\" width=\"8\" x=\"11\" y=\"16\" fill=\"#fff\"><\/rect><\/svg><\/span><\/a><\/div><div class=\"heateorSssClear\"><\/div><\/div>[\/et_pb_code][et_pb_text admin_label=\u00a0\u00bbBloc de t\u00e9l\u00e9chargement\u00a0\u00bb module_class=\u00a0\u00bbtelechargement\u00a0\u00bb _builder_version=\u00a0\u00bb4.23.4&Prime; _module_preset=\u00a0\u00bbdefault\u00a0\u00bb background_enable_color=\u00a0\u00bboff\u00a0\u00bb background_enable_image=\u00a0\u00bboff\u00a0\u00bb background_size=\u00a0\u00bbinitial\u00a0\u00bb background_position=\u00a0\u00bbtop_left\u00a0\u00bb custom_padding=\u00a0\u00bb0px|20px|20px|20px|false|true\u00a0\u00bb global_colors_info=\u00a0\u00bb{}\u00a0\u00bb]<\/p>\n<p><span class=\"tt_tel\">Documents<br \/><strong>\u00e0 t\u00e9l\u00e9charger<\/strong><\/span><\/p>\n<ul>\n<li>XXX<\/li>\n<\/ul>\n<p>[\/et_pb_text][et_pb_text admin_label=\u00a0\u00bbBloc contact\u00a0\u00bb module_class=\u00a0\u00bbsidebar_contact\u00a0\u00bb _builder_version=\u00a0\u00bb4.23.4&Prime; _module_preset=\u00a0\u00bbdefault\u00a0\u00bb text_font=\u00a0\u00bb||||||||\u00a0\u00bb text_font_size=\u00a0\u00bb1.1em\u00a0\u00bb text_line_height=\u00a0\u00bb1.3em\u00a0\u00bb header_4_font=\u00a0\u00bb|800|||||||\u00a0\u00bb background_color=\u00a0\u00bb#FFFFFF\u00a0\u00bb custom_padding=\u00a0\u00bb0px|0px|17px|30px|false|false\u00a0\u00bb border_width_all=\u00a0\u00bb1px\u00a0\u00bb border_style_all=\u00a0\u00bbdotted\u00a0\u00bb locked=\u00a0\u00bboff\u00a0\u00bb global_colors_info=\u00a0\u00bb{}\u00a0\u00bb]<\/p>\n<h3>Votre<br \/><strong>Contact<\/strong><\/h3>\n<p><strong><\/strong><\/p>\n<p><strong><span class=\"contact_service\">Service Commerce<\/span><\/strong><br \/><span class=\"contact_adresse\">105, rue de la R\u00e9publique<br \/>69220 Belleville-en-Beaujolais<\/span><\/p>\n<p><span class=\"contact_telephone\">04 74 66 35 98<\/span><br \/><span class=\"contact_mail\"><a href=\"mailto:entreprendre.ici@ccsb-saonebeaujolais.fr\" role=\"link\">contact@ccsb-saonebeaujolais.fr<\/a><\/span><\/p>\n<p>&nbsp;<\/p>\n<p>[\/et_pb_text][\/et_pb_column][\/et_pb_row][\/et_pb_section]<\/p>\n","protected":false},"excerpt":{"rendered":"<p>Ensemble, valorisons votre commerce ! La Communaut\u00e9 de Communes Sa\u00f4ne-Beaujolais s\u2019engage \u00e0 soutenir et valoriser ses commer\u00e7ants. Qu\u2019il s\u2019agisse d\u2019une installation, d\u2019un changement de local ou d\u2019une r\u00e9novation, des agents sont disponibles pour vous aider vous indiquer des partenaires pour construire le projet et trouver des subventionnements. Plusieurs services et actions sont mis en place\u00a0: [&hellip;]<\/p>\n","protected":false},"author":1,"featured_media":0,"parent":314,"menu_order":0,"comment_status":"open","ping_status":"closed","template":"","meta":{"_acf_changed":false,"_et_pb_use_builder":"on","_et_pb_old_content":"","_et_gb_content_width":"","_relevanssi_hide_post":"","_relevanssi_hide_content":"","_relevanssi_pin_for_all":"","_relevanssi_pin_keywords":"","_relevanssi_unpin_keywords":"","_relevanssi_related_keywords":"","_relevanssi_related_include_ids":"","_relevanssi_related_exclude_ids":"","_relevanssi_related_no_append":"","_relevanssi_related_not_related":"","_relevanssi_related_posts":"","_relevanssi_noindex_reason":"","footnotes":""},"class_list":["post-514","page","type-page","status-publish","hentry"],"acf":[],"_links":{"self":[{"href":"https:\/\/ricom-collectivites3.com\/ccsb\/index.php?rest_route=\/wp\/v2\/pages\/514","targetHints":{"allow":["GET"]}}],"collection":[{"href":"https:\/\/ricom-collectivites3.com\/ccsb\/index.php?rest_route=\/wp\/v2\/pages"}],"about":[{"href":"https:\/\/ricom-collectivites3.com\/ccsb\/index.php?rest_route=\/wp\/v2\/types\/page"}],"author":[{"embeddable":true,"href":"https:\/\/ricom-collectivites3.com\/ccsb\/index.php?rest_route=\/wp\/v2\/users\/1"}],"replies":[{"embeddable":true,"href":"https:\/\/ricom-collectivites3.com\/ccsb\/index.php?rest_route=%2Fwp%2Fv2%2Fcomments&post=514"}],"version-history":[{"count":12,"href":"https:\/\/ricom-collectivites3.com\/ccsb\/index.php?rest_route=\/wp\/v2\/pages\/514\/revisions"}],"predecessor-version":[{"id":4144,"href":"https:\/\/ricom-collectivites3.com\/ccsb\/index.php?rest_route=\/wp\/v2\/pages\/514\/revisions\/4144"}],"up":[{"embeddable":true,"href":"https:\/\/ricom-collectivites3.com\/ccsb\/index.php?rest_route=\/wp\/v2\/pages\/314"}],"wp:attachment":[{"href":"https:\/\/ricom-collectivites3.com\/ccsb\/index.php?rest_route=%2Fwp%2Fv2%2Fmedia&parent=514"}],"curies":[{"name":"wp","href":"https:\/\/api.w.org\/{rel}","templated":true}]}}