{"id":498,"date":"2023-10-16T16:17:22","date_gmt":"2023-10-16T16:17:22","guid":{"rendered":"http:\/\/ricom-web7.com\/ccsb\/prevention-et-reduction-des-dechets\/"},"modified":"2024-02-21T17:06:11","modified_gmt":"2024-02-21T17:06:11","slug":"prevention-et-reduction-des-dechets","status":"publish","type":"page","link":"https:\/\/ricom-collectivites3.com\/ccsb\/?page_id=498","title":{"rendered":"Pr\u00e9vention et r\u00e9duction des d\u00e9chets"},"content":{"rendered":"<p>[et_pb_section fb_built=\u00a0\u00bb1&Prime; module_class=\u00a0\u00bbfd_raye\u00a0\u00bb _builder_version=\u00a0\u00bb4.20.4&Prime; _module_preset=\u00a0\u00bbdefault\u00a0\u00bb background_enable_color=\u00a0\u00bboff\u00a0\u00bb background_enable_image=\u00a0\u00bboff\u00a0\u00bb custom_padding=\u00a0\u00bb30px||0px||false|false\u00a0\u00bb locked=\u00a0\u00bboff\u00a0\u00bb global_colors_info=\u00a0\u00bb{}\u00a0\u00bb][et_pb_row _builder_version=\u00a0\u00bb4.20.4&Prime; _module_preset=\u00a0\u00bbdefault\u00a0\u00bb background_color=\u00a0\u00bb#FFFFFF\u00a0\u00bb width=\u00a0\u00bb100%\u00a0\u00bb max_width=\u00a0\u00bb1150px\u00a0\u00bb module_alignment=\u00a0\u00bbcenter\u00a0\u00bb custom_padding=\u00a0\u00bb23px|25px|0px|25px|false|true\u00a0\u00bb global_colors_info=\u00a0\u00bb{}\u00a0\u00bb][et_pb_column type=\u00a0\u00bb4_4&Prime; _builder_version=\u00a0\u00bb4.20.4&Prime; _module_preset=\u00a0\u00bbdefault\u00a0\u00bb global_colors_info=\u00a0\u00bb{}\u00a0\u00bb][et_pb_post_title _builder_version=\u00a0\u00bb4.20.4&Prime; _module_preset=\u00a0\u00bbdefault\u00a0\u00bb locked=\u00a0\u00bbon\u00a0\u00bb global_colors_info=\u00a0\u00bb{}\u00a0\u00bb][\/et_pb_post_title][\/et_pb_column][\/et_pb_row][\/et_pb_section][et_pb_section fb_built=\u00a0\u00bb1&Prime; _builder_version=\u00a0\u00bb4.20.4&Prime; _module_preset=\u00a0\u00bbdefault\u00a0\u00bb custom_padding=\u00a0\u00bb28px|||||\u00a0\u00bb global_colors_info=\u00a0\u00bb{}\u00a0\u00bb][et_pb_row column_structure=\u00a0\u00bb2_3,1_3&Prime; _builder_version=\u00a0\u00bb4.20.4&Prime; _module_preset=\u00a0\u00bbdefault\u00a0\u00bb width=\u00a0\u00bb100%\u00a0\u00bb custom_padding=\u00a0\u00bb0px|||||\u00a0\u00bb global_colors_info=\u00a0\u00bb{}\u00a0\u00bb][et_pb_column type=\u00a0\u00bb2_3&Prime; _builder_version=\u00a0\u00bb4.20.4&Prime; _module_preset=\u00a0\u00bbdefault\u00a0\u00bb global_colors_info=\u00a0\u00bb{}\u00a0\u00bb][et_pb_text admin_label=\u00a0\u00bbCorps de texte\u00a0\u00bb _builder_version=\u00a0\u00bb4.23.4&Prime; _module_preset=\u00a0\u00bbdefault\u00a0\u00bb locked=\u00a0\u00bboff\u00a0\u00bb global_colors_info=\u00a0\u00bb{}\u00a0\u00bb]<\/p>\n<blockquote><p>Trier ses d\u00e9chets c\u2019est bien, mais face \u00e0 l\u2019urgence climatique actuelle, ce n\u2019est pas suffisant. V\u00e9ritable enjeu de soci\u00e9t\u00e9, r\u00e9duire ses d\u00e9chets est un geste d\u00e9sormais n\u00e9cessaire pour la sauvegarde de notre plan\u00e8te. <span style=\"font-size: 18.7px\">\u00ab Le meilleur d\u00e9chet est celui que l\u2019on ne produit pas ! \u00bb <\/span>Mais pourquoi\u00a0?<\/p><\/blockquote>\n<p><strong>R\u00e9duire nos d\u00e9chets permet de\u00a0:<\/strong><\/p>\n<ul>\n<li>R\u00e9duire <strong>l\u2019impact sur le climat<\/strong><\/li>\n<li>Pr\u00e9server <strong>les ressources naturelles<\/strong><\/li>\n<li>Limiter <strong>la nocivit\u00e9 des d\u00e9chets<\/strong> ou de <strong>leur traitement<\/strong><\/li>\n<li>Mieux maitriser <strong>les co\u00fbts de gestion<\/strong> des d\u00e9chets<\/li>\n<\/ul>\n<h2>Les pistes de r\u00e9duction<\/h2>\n<p>3 questions \u00e0 se poser avant l\u2019acte d\u2019achat\u00a0:<\/p>\n<ol>\n<li><strong>Ais-je vraiment besoin de cet objet ? <\/strong><\/li>\n<li><strong>Quelle alternative pour l\u2019emballage\u00a0? <\/strong><\/li>\n<li><strong>Quel rapport qualit\u00e9\/prix (dur\u00e9e de vie)\u00a0? <\/strong><\/li>\n<\/ol>\n<h3><strong>Pendant les courses\u00a0: <\/strong><\/h3>\n<p>\u00ab\u00a0Depuis la loi sur le gaspillage de f\u00e9vrier 2020, il y a un cadre juridique clair\u00a0: un commer\u00e7ant ne peut pas refuser de servir un client dans un contenant r\u00e9utilisable, sauf s\u2019il est sale ou inadapt\u00e9.\u00a0\u00bb<\/p>\n<p><strong>Je favorise l\u2019achat en vrac (halte au suremballage\u00a0!) <\/strong><\/p>\n<p><strong>Je favorise le fait-maison <\/strong><strong>\u00a0<\/strong><\/p>\n<ul>\n<li>Je suis ma liste de courses et prends<strong> mes sacs et contenants r\u00e9utilisables. <\/strong><\/li>\n<li>J\u2019ach\u00e8te <strong>en vrac ou \u00e0 la coupe <\/strong>et je privil\u00e9gie les magasins de producteurs locaux<\/li>\n<li>J\u2019ai un robinet \u00e0 la maison\u00a0: j\u2019\u00e9vite les bouteilles en plastique<\/li>\n<li>J\u2019ach\u00e8te les ingr\u00e9dients pour<strong> faire mes cosm\u00e9tiques et produits d\u2019entretiens moi-m\u00eame<\/strong>, ou bien j\u2019ach\u00e8te des<strong> flacons rechargeables <\/strong><\/li>\n<li>Pour les produits d\u2019hygi\u00e8ne, je privil\u00e9gie le <strong>lavable<\/strong>, souvent plus \u00e9conomique \u00e0 long-terme<\/li>\n<li><strong>J\u2019\u00e9vite l\u2019achat de v\u00eatements issus de la Fast Fashion<\/strong>: le tissu est de moins bonne qualit\u00e9, il s\u2019abimera plus vite et ne sera que peu ou pas recyclable<\/li>\n<li>Pour les objets et le textile, je privil\u00e9gie la seconde main ou l\u2019occasion.<\/li>\n<\/ul>\n<p>Pour cela, rendez-vous \u00e0 la Recyclerie Sa\u00f4ne-Beaujolais\u00a0! <em>+ lien<\/em>\u00a0?<\/p>\n<ul>\n<li>Je ne change mes appareils \u00e9lectroniques que lorsque j\u2019en ai<strong> besoin <\/strong>et<strong> favorise l\u2019achat d\u2019appareils r\u00e9parables ou reconditionn\u00e9s<\/strong><\/li>\n<li>Pour les appareils que je n\u2019utilise que rarement, je favorise<strong> la location, ou l\u2019achat commun <\/strong>avec les voisins<\/li>\n<li><strong>J\u2019ach\u00e8te d\u2019occasion\u00a0<\/strong>: je limite l\u2019achat, donc la fabrication de produits neufs<strong><br \/>\n<\/strong><\/li>\n<\/ul>\n<h3>R\u00e9duire ses d\u00e9chets de cuisine\u00a0:<\/h3>\n<p>Plusieurs pistes de r\u00e9duction ainsi que des astuces et conseils sont \u00e0 retrouver dans l\u2019onglet \u00ab\u00a0Gaspillage alimentaire\u00a0\u00bb <em>+ lien\u00a0?<\/em><\/p>\n<ul>\n<li><strong>\u00a0<\/strong>Acheter <strong>en vrac<\/strong> et utiliser des <strong>contenants r\u00e9utilisables<\/strong><\/li>\n<li><strong>Cuisiner maison<\/strong> avec des produits bruts<\/li>\n<li>Faire attention aux <strong>DLC<\/strong> (date limite de consommation) et <strong>DDM<\/strong> (date de durabilit\u00e9 minimale)\u00a0: pour plus d\u2019informations \u00e0 ce sujet, rendez-vous sur l\u2019onglet \u00ab\u00a0Gaspillage alimentaire\u00a0\u00bb <em>+ lien\u00a0?<\/em><\/li>\n<li>Utiliser des <strong>serviettes en tissu<\/strong><\/li>\n<li><strong>Adapter les quantit\u00e9s<\/strong>: cuisiner les bonnes proportions ou pensez \u00e0 conserver les restes dans des boites herm\u00e9tiques<\/li>\n<li>Pour les restes in\u00e9vitables, <strong>composter<\/strong> ou <strong>donner aux animaux<\/strong><\/li>\n<\/ul>\n<h3><strong>Petites astuces pour remplacer\u00a0: <\/strong><\/h3>\n<table class=\"tableau\">\n<tbody>\n<tr class=\"tabentete\">\n<td width=\"201\"><strong>Papier cuisson<\/strong><\/p>\n<ul>\n<li>Papier silicon\u00e9 r\u00e9utilisable<\/li>\n<li>Beurre + farine<\/li>\n<\/ul>\n<\/td>\n<td width=\"167\"><strong>Papier aluminium<\/strong><\/p>\n<ul>\n<li>Papillotes en silicone <em>(pour utilisation au four)<\/em><\/li>\n<li>Charlotte \u00e0 plat lavable <em>(pour conserver des aliments)<\/em><\/li>\n<\/ul>\n<\/td>\n<td width=\"236\"><strong>Film alimentaire<\/strong><\/p>\n<ul>\n<li>Tupperware<\/li>\n<li>Bee wrap (tissu + cire d\u2019abeille)<\/li>\n<li>Assiette renvers\u00e9e<\/li>\n<li>Charlotte \u00e0 plat lavable<\/li>\n<\/ul>\n<\/td>\n<\/tr>\n<\/tbody>\n<\/table>\n<h3><strong>Les d\u00e9chets alimentaires <\/strong><\/h3>\n<p>R\u00e9duire le gaspillage alimentaire est la premi\u00e8re \u00e9tape. Pour vos \u00e9pluchures de fruits et de l\u00e9gumes, le compostage est la solution la plus vertueuse.<\/p>\n<p>Le compostage est possible gr\u00e2ce au <u>compostage individuel<\/u>\u00a0: vous pouvez installer un composteur ext\u00e9rieur dans votre jardin ou vous \u00e9quiper d\u2019un lombricomposteur, \u00e0 installer \u00e0 l\u2019int\u00e9rieur.<br \/>\nDes solutions de <u>compostage partag\u00e9 <\/u>existent \u00e9galement.<\/p>\n<p>Nous vous invitons \u00e0 consulter les pages d\u00e9di\u00e9es au compostage pour plus d\u2019informations. + lien<\/p>\n<h3><strong>Les astuces pour une salle de bain 0 d\u00e9chets <\/strong><\/h3>\n<ul>\n<li>Utiliser des cotons et lingettes lavables<\/li>\n<li>Fabriquer soi-m\u00eame ses cosm\u00e9tiques (plus \u00e9conomique, plus \u00e9cologique et plus s\u00fbr pour la sant\u00e9)<\/li>\n<li>Utiliser des produits solides ou rechargeables (d\u00e9odorant, dentifrice, savon et shampoing solide)<\/li>\n<li>Utiliser une brosse \u00e0 dents \u00e0 t\u00eate interchangeable<\/li>\n<li>Utiliser des protections lavables (protections p\u00e9riodiques, couches)<\/li>\n<\/ul>\n<h2><strong>Et pour l&rsquo;entretien de la maison ?<\/strong><\/h2>\n<ul>\n<li>Utiliser des \u00e9quipements durables et \u00e9viter les lingettes jetables<\/li>\n<li>Privil\u00e9gier les ingr\u00e9dients naturels \u00e0 multiples utilisations (citron, vinaigre blanc, bicarbonate de soude\u2026)<\/li>\n<li>Faire ses produits maison : de nombreuses recettes existent sur internet (lessive, poudre de lave-vaisselle, liquide vaisselle\u2026etc.)<strong><br \/>\n<\/strong><\/li>\n<\/ul>\n<h3><strong>Le papier <\/strong><\/h3>\n<ul>\n<li>Je donne ou je vends mes livres<\/li>\n<li>Je limite les impressions<\/li>\n<li>Je conserve mes papiers de brouillon pour les r\u00e9utiliser<\/li>\n<li>Je colle un \u00ab stop pub \u00bb sur ma bo\u00eete aux lettres.<\/li>\n<\/ul>\n<h3><strong>Les d\u00e9chets du jardin <\/strong><\/h3>\n<ul>\n<li>Tondre uniquement les chemins de passage\u00a0: cela permet \u00e0 la biodiversit\u00e9 de revenir doucement s\u2019installer dans votre jardin<\/li>\n<li>Planter des vari\u00e9t\u00e9s r\u00e9gionales \u00e0 croissance lente\u00a0: moins de tailles \u00e0 effectuer donc moins de d\u00e9chets produits<\/li>\n<li>Exp\u00e9rimenter le paillage, le mulching et le broyage\u00a0:<\/li>\n<\/ul>\n<p><strong>Le paillage<\/strong> est un proc\u00e9d\u00e9 simple qui consiste \u00e0 recouvrir le sol avec les v\u00e9g\u00e9taux issus de l\u2019entretien du jardin. Tonte de pelouse, feuilles mortes, branchages broy\u00e9s peuvent servir \u00e0 pailler dans le potager sous une haie ou dans un massif de fleurs. Le paillage maintient ou recr\u00e9\u00e9 l\u2019\u00e9quilibre du sol. Pour les jardiniers, 1h de temps \u00e0 pailler permet de gagner 10h d\u2019entretien\u00a0!<\/p>\n<p><strong>Le mulching<\/strong> (paillis de pelouse) est une technique de tonte qui d\u00e9pose l\u2019herbe tondue sur le sol. Les brins d\u2019herbe se d\u00e9composent naturellement et nourrissent le sol. Des tondeuses mulching existent mais vous pouvez aussi le r\u00e9aliser avec votre tondeuse en \u00f4tant le bac de r\u00e9cup\u00e9ration.<\/p>\n<p>Et on \u00e9vite aussi l\u2019utilisation d\u2019engrais chimiques\u00a0!<\/p>\n<p><strong>Le broyage<\/strong> est un proc\u00e9d\u00e9 permettant de r\u00e9duire et recycler les petits branchages, les tailles d\u2019arbustes et de plantes\u2026 Le broyat qui en sort pourra \u00eatre r\u00e9utilis\u00e9 dans votre composteur ou en paillage<br \/>\n[\/et_pb_text][\/et_pb_column][et_pb_column type=\u00a0\u00bb1_3&Prime; _builder_version=\u00a0\u00bb4.20.4&Prime; _module_preset=\u00a0\u00bbdefault\u00a0\u00bb global_colors_info=\u00a0\u00bb{}\u00a0\u00bb][et_pb_code module_id=\u00a0\u00bbpartager\u00a0\u00bb _builder_version=\u00a0\u00bb4.23.1&Prime; _module_preset=\u00a0\u00bbdefault\u00a0\u00bb text_orientation=\u00a0\u00bbcenter\u00a0\u00bb custom_margin=\u00a0\u00bb||10px||false|false\u00a0\u00bb custom_padding=\u00a0\u00bb||10px||false|false\u00a0\u00bb border_style_bottom=\u00a0\u00bbdotted\u00a0\u00bb global_module=\u00a0\u00bb2806&Prime; saved_tabs=\u00a0\u00bball\u00a0\u00bb locked=\u00a0\u00bboff\u00a0\u00bb global_colors_info=\u00a0\u00bb{}\u00a0\u00bb]<span class=\"partager\">Partager ce contenu<\/span><!-- [et_pb_line_break_holder] --><div class=\"heateor_sss_sharing_container heateor_sss_horizontal_sharing\" data-heateor-ss-offset=\"0\" data-heateor-sss-href='https:\/\/ricom-collectivites3.com\/ccsb\/index.php?rest_route=%2Fwp%2Fv2%2Fpages%2F498'><div class=\"heateor_sss_sharing_ul\"><a aria-label=\"Facebook\" class=\"heateor_sss_facebook\" href=\"https:\/\/www.facebook.com\/sharer\/sharer.php?u=https%3A%2F%2Fricom-collectivites3.com%2Fccsb%2Findex.php%3Frest_route%3D%252Fwp%252Fv2%252Fpages%252F498\" title=\"Facebook\" rel=\"nofollow noopener\" target=\"_blank\" style=\"font-size:32px!important;box-shadow:none;display:inline-block;vertical-align:middle\"><span class=\"heateor_sss_svg\" style=\"background-color:#0765FE;width:30px;height:30px;border-radius:999px;display:inline-block;opacity:1;float:left;font-size:32px;box-shadow:none;display:inline-block;font-size:16px;padding:0 4px;vertical-align:middle;background-repeat:repeat;overflow:hidden;padding:0;cursor:pointer;box-sizing:content-box\"><svg style=\"display:block;border-radius:999px;\" focusable=\"false\" aria-hidden=\"true\" xmlns=\"http:\/\/www.w3.org\/2000\/svg\" width=\"100%\" height=\"100%\" viewBox=\"0 0 32 32\"><path fill=\"#fff\" d=\"M28 16c0-6.627-5.373-12-12-12S4 9.373 4 16c0 5.628 3.875 10.35 9.101 11.647v-7.98h-2.474V16H13.1v-1.58c0-4.085 1.849-5.978 5.859-5.978.76 0 2.072.15 2.608.298v3.325c-.283-.03-.775-.045-1.386-.045-1.967 0-2.728.745-2.728 2.683V16h3.92l-.673 3.667h-3.247v8.245C23.395 27.195 28 22.135 28 16Z\"><\/path><\/svg><\/span><\/a><a aria-label=\"Linkedin\" class=\"heateor_sss_button_linkedin\" href=\"https:\/\/www.linkedin.com\/sharing\/share-offsite\/?url=https%3A%2F%2Fricom-collectivites3.com%2Fccsb%2Findex.php%3Frest_route%3D%252Fwp%252Fv2%252Fpages%252F498\" title=\"Linkedin\" rel=\"nofollow noopener\" target=\"_blank\" style=\"font-size:32px!important;box-shadow:none;display:inline-block;vertical-align:middle\"><span class=\"heateor_sss_svg heateor_sss_s__default heateor_sss_s_linkedin\" style=\"background-color:#0077b5;width:30px;height:30px;border-radius:999px;display:inline-block;opacity:1;float:left;font-size:32px;box-shadow:none;display:inline-block;font-size:16px;padding:0 4px;vertical-align:middle;background-repeat:repeat;overflow:hidden;padding:0;cursor:pointer;box-sizing:content-box\"><svg style=\"display:block;border-radius:999px;\" focusable=\"false\" aria-hidden=\"true\" xmlns=\"http:\/\/www.w3.org\/2000\/svg\" width=\"100%\" height=\"100%\" viewBox=\"0 0 32 32\"><path d=\"M6.227 12.61h4.19v13.48h-4.19V12.61zm2.095-6.7a2.43 2.43 0 0 1 0 4.86c-1.344 0-2.428-1.09-2.428-2.43s1.084-2.43 2.428-2.43m4.72 6.7h4.02v1.84h.058c.56-1.058 1.927-2.176 3.965-2.176 4.238 0 5.02 2.792 5.02 6.42v7.395h-4.183v-6.56c0-1.564-.03-3.574-2.178-3.574-2.18 0-2.514 1.7-2.514 3.46v6.668h-4.187V12.61z\" fill=\"#fff\"><\/path><\/svg><\/span><\/a><a aria-label=\"Whatsapp\" class=\"heateor_sss_whatsapp\" href=\"https:\/\/api.whatsapp.com\/send?text=Pr%C3%A9vention%20et%20r%C3%A9duction%20des%20d%C3%A9chets%20https%3A%2F%2Fricom-collectivites3.com%2Fccsb%2Findex.php%3Frest_route%3D%252Fwp%252Fv2%252Fpages%252F498\" title=\"Whatsapp\" rel=\"nofollow noopener\" target=\"_blank\" style=\"font-size:32px!important;box-shadow:none;display:inline-block;vertical-align:middle\"><span class=\"heateor_sss_svg\" style=\"background-color:#55eb4c;width:30px;height:30px;border-radius:999px;display:inline-block;opacity:1;float:left;font-size:32px;box-shadow:none;display:inline-block;font-size:16px;padding:0 4px;vertical-align:middle;background-repeat:repeat;overflow:hidden;padding:0;cursor:pointer;box-sizing:content-box\"><svg style=\"display:block;border-radius:999px;\" focusable=\"false\" aria-hidden=\"true\" xmlns=\"http:\/\/www.w3.org\/2000\/svg\" width=\"100%\" height=\"100%\" viewBox=\"-6 -5 40 40\"><path class=\"heateor_sss_svg_stroke heateor_sss_no_fill\" stroke=\"#fff\" stroke-width=\"2\" fill=\"none\" d=\"M 11.579798566743314 24.396926207859085 A 10 10 0 1 0 6.808479557110079 20.73576436351046\"><\/path><path d=\"M 7 19 l -1 6 l 6 -1\" class=\"heateor_sss_no_fill heateor_sss_svg_stroke\" stroke=\"#fff\" stroke-width=\"2\" fill=\"none\"><\/path><path d=\"M 10 10 q -1 8 8 11 c 5 -1 0 -6 -1 -3 q -4 -3 -5 -5 c 4 -2 -1 -5 -1 -4\" fill=\"#fff\"><\/path><\/svg><\/span><\/a><a aria-label=\"Instagram\" class=\"heateor_sss_button_instagram\" href=\"https:\/\/www.instagram.com\/\" title=\"Instagram\" rel=\"nofollow noopener\" target=\"_blank\" style=\"font-size:32px!important;box-shadow:none;display:inline-block;vertical-align:middle\"><span class=\"heateor_sss_svg\" style=\"background-color:#53beee;width:30px;height:30px;border-radius:999px;display:inline-block;opacity:1;float:left;font-size:32px;box-shadow:none;display:inline-block;font-size:16px;padding:0 4px;vertical-align:middle;background-repeat:repeat;overflow:hidden;padding:0;cursor:pointer;box-sizing:content-box\"><svg style=\"display:block;border-radius:999px;\" version=\"1.1\" viewBox=\"-10 -10 148 148\" width=\"100%\" height=\"100%\" xml:space=\"preserve\" xmlns=\"http:\/\/www.w3.org\/2000\/svg\" xmlns:xlink=\"http:\/\/www.w3.org\/1999\/xlink\"><g><g><path d=\"M86,112H42c-14.336,0-26-11.663-26-26V42c0-14.337,11.664-26,26-26h44c14.337,0,26,11.663,26,26v44 C112,100.337,100.337,112,86,112z M42,24c-9.925,0-18,8.074-18,18v44c0,9.925,8.075,18,18,18h44c9.926,0,18-8.075,18-18V42 c0-9.926-8.074-18-18-18H42z\" fill=\"#fff\"><\/path><\/g><g><path d=\"M64,88c-13.234,0-24-10.767-24-24c0-13.234,10.766-24,24-24s24,10.766,24,24C88,77.233,77.234,88,64,88z M64,48c-8.822,0-16,7.178-16,16s7.178,16,16,16c8.822,0,16-7.178,16-16S72.822,48,64,48z\" fill=\"#fff\"><\/path><\/g><g><circle cx=\"89.5\" cy=\"38.5\" fill=\"#fff\" r=\"5.5\"><\/circle><\/g><\/g><\/svg><\/span><\/a><a aria-label=\"X\" class=\"heateor_sss_button_x\" href=\"https:\/\/twitter.com\/intent\/tweet?text=Pr%C3%A9vention%20et%20r%C3%A9duction%20des%20d%C3%A9chets&url=https%3A%2F%2Fricom-collectivites3.com%2Fccsb%2Findex.php%3Frest_route%3D%252Fwp%252Fv2%252Fpages%252F498\" title=\"X\" rel=\"nofollow noopener\" target=\"_blank\" style=\"font-size:32px!important;box-shadow:none;display:inline-block;vertical-align:middle\"><span class=\"heateor_sss_svg heateor_sss_s__default heateor_sss_s_x\" style=\"background-color:#2a2a2a;width:30px;height:30px;border-radius:999px;display:inline-block;opacity:1;float:left;font-size:32px;box-shadow:none;display:inline-block;font-size:16px;padding:0 4px;vertical-align:middle;background-repeat:repeat;overflow:hidden;padding:0;cursor:pointer;box-sizing:content-box\"><svg width=\"100%\" height=\"100%\" style=\"display:block;border-radius:999px;\" focusable=\"false\" aria-hidden=\"true\" xmlns=\"http:\/\/www.w3.org\/2000\/svg\" viewBox=\"0 0 32 32\"><path fill=\"#fff\" d=\"M21.751 7h3.067l-6.7 7.658L26 25.078h-6.172l-4.833-6.32-5.531 6.32h-3.07l7.167-8.19L6 7h6.328l4.37 5.777L21.75 7Zm-1.076 16.242h1.7L11.404 8.74H9.58l11.094 14.503Z\"><\/path><\/svg><\/span><\/a><a aria-label=\"Print\" class=\"heateor_sss_button_print\" href=\"https:\/\/ricom-collectivites3.com\/ccsb\/index.php?rest_route=%2Fwp%2Fv2%2Fpages%2F498\" onclick=\"event.preventDefault();window.print()\" title=\"Print\" rel=\"noopener\" style=\"font-size:32px!important;box-shadow:none;display:inline-block;vertical-align:middle\"><span class=\"heateor_sss_svg heateor_sss_s__default heateor_sss_s_print\" style=\"background-color:#fd6500;width:30px;height:30px;border-radius:999px;display:inline-block;opacity:1;float:left;font-size:32px;box-shadow:none;display:inline-block;font-size:16px;padding:0 4px;vertical-align:middle;background-repeat:repeat;overflow:hidden;padding:0;cursor:pointer;box-sizing:content-box\"><svg style=\"display:block;border-radius:999px;\" focusable=\"false\" aria-hidden=\"true\" xmlns=\"http:\/\/www.w3.org\/2000\/svg\" width=\"100%\" height=\"100%\" viewBox=\"-2.8 -4.5 35 35\"><path stroke=\"#fff\" class=\"heateor_sss_svg_stroke\" d=\"M 7 10 h 2 v 3 h 12 v -3 h 2 v 7 h -2 v -3 h -12 v 3 h -2 z\" stroke-width=\"1\" fill=\"#fff\"><\/path><rect class=\"heateor_sss_no_fill heateor_sss_svg_stroke\" stroke=\"#fff\" stroke-width=\"1.8\" height=\"7\" width=\"10\" x=\"10\" y=\"5\" fill=\"none\"><\/rect><rect class=\"heateor_sss_svg_stroke\" stroke=\"#fff\" stroke-width=\"1\" height=\"5\" width=\"8\" x=\"11\" y=\"16\" fill=\"#fff\"><\/rect><\/svg><\/span><\/a><\/div><div class=\"heateorSssClear\"><\/div><\/div>[\/et_pb_code][et_pb_text admin_label=\u00a0\u00bbBloc contact\u00a0\u00bb module_class=\u00a0\u00bbsidebar_contact\u00a0\u00bb _builder_version=\u00a0\u00bb4.23.4&Prime; _module_preset=\u00a0\u00bbdefault\u00a0\u00bb text_font=\u00a0\u00bb||||||||\u00a0\u00bb text_font_size=\u00a0\u00bb1.1em\u00a0\u00bb text_line_height=\u00a0\u00bb1.3em\u00a0\u00bb header_4_font=\u00a0\u00bb|800|||||||\u00a0\u00bb background_color=\u00a0\u00bb#FFFFFF\u00a0\u00bb custom_padding=\u00a0\u00bb0px|30px|17px|30px|false|true\u00a0\u00bb border_width_all=\u00a0\u00bb1px\u00a0\u00bb border_style_all=\u00a0\u00bbdotted\u00a0\u00bb locked=\u00a0\u00bboff\u00a0\u00bb global_colors_info=\u00a0\u00bb{}\u00a0\u00bb]<\/p>\n<h3>Votre<br \/>\n<strong>Contact<\/strong><\/h3>\n<p>&nbsp;<\/p>\n<p><strong><span class=\"contact_service\">Service Gestion des d\u00e9chets<\/span><\/strong><br \/>\n<span class=\"contact_adresse\">65, rue Pierre Cothenet<br \/>\n69220 Belleville-en-Beaujolais<\/span><\/p>\n<p><span class=\"contact_telephone\">04 74 66 18 24<\/span><br \/>\n<span class=\"contact_mail\"><a href=\"mailto:dechets@ccsb-saonebeaujolais.fr\">dechets@ccsb-saonebeaujolais.fr<\/a><\/span><br \/>\n[\/et_pb_text][et_pb_text module_id=\u00a0\u00bbcol_actus\u00a0\u00bb _builder_version=\u00a0\u00bb4.23.1&Prime; _module_preset=\u00a0\u00bbdefault\u00a0\u00bb ul_line_height=\u00a0\u00bb1.4em\u00a0\u00bb custom_padding=\u00a0\u00bb|20px||20px|true|true\u00a0\u00bb border_width_all=\u00a0\u00bb1px\u00a0\u00bb border_style_all=\u00a0\u00bbdotted\u00a0\u00bb global_colors_info=\u00a0\u00bb{}\u00a0\u00bb]<\/p>\n<h3>Pour<br \/>\n<strong>approfondir<\/strong><\/h3>\n<p>&nbsp;<\/p>\n<p>Se lancer dans la r\u00e9duction de ses d\u00e9chets peut para\u00eetre complexe et difficile \u00e0 mettre en place.<\/p>\n<p>Pour vous lancer, nous vous conseillons de changer vos habitudes petit \u00e0 petit\u00a0: vous pouvez suivre des d\u00e9fis mensuels, et ajouter un ou deux gestes par mois dans votre quotidien par exemple.<\/p>\n<p><strong>La r\u00e9f\u00e9rence<\/strong> du z\u00e9ro d\u00e9chet en France, l\u2019association Z\u00e9ro Waste France\u00a0: <a href=\"https:\/\/www.zerowastefrance.org\/\">https:\/\/www.zerowastefrance.org\/<\/a> Faites le plein de conseils et d\u2019astuces sur leur site internet\u00a0!<\/p>\n<p>De nombreux livres sur le sujet existent, en voici quelques-uns\u00a0(\u00e0 acheter d\u2019occasion ou dans votre librairie ind\u00e9pendante\u00a0!) :<\/p>\n<ul>\n<li><em><u>Famille presque Z\u00e9ro d\u00e9chets<\/u><\/em>, de B\u00e9n\u00e9dicte Moret et J\u00e9r\u00e9mie Pichon<br \/>\nRetrouvez toutes les r\u00e9f\u00e9rences de cette famille en transition \u00e9cologique juste ici\u00a0: <a href=\"https:\/\/www.famillezerodechet.com\/boutique\/Famille-Zero-Dechet-Ze-Guide-p504938252\">https:\/\/www.famillezerodechet.com\/boutique\/Famille-Zero-Dechet-Ze-Guide-p504938252<\/a><\/li>\n<\/ul>\n<ul>\n<li><em><u>Z\u00e9ro d\u00e9chet, le manuel d\u2019\u00e9cologie quotidienne<\/u><\/em>, de Julie Bernier<br \/>\nDe nombreuses r\u00e9f\u00e9rences de cette autrice qui sensibilise sur la pratique du z\u00e9ro d\u00e9chet, de la permaculture et du jardinage naturel sous le pseudo \u00ab\u00a0Sortez tout vert\u00a0\u00bb\u00a0:<br \/>\n<a href=\"https:\/\/sorteztoutvert.fr\/\">https:\/\/sorteztoutvert.fr\/<\/a><\/li>\n<\/ul>\n<ul>\n<li><em><u>Z\u00e9ro d\u00e9chet, 100 astuces pour all\u00e9ger sa vie<\/u><\/em>, de B\u00e9a Johnson<br \/>\nUne des premi\u00e8res r\u00e9f\u00e9rences litt\u00e9raires sur la pratique du Z\u00e9ro d\u00e9chets, les premiers pas d\u2019une transition vers un quotidien plus responsable et la d\u00e9couverte des fameux \u00ab\u00a05R\u00a0: Refuser, R\u00e9duire, R\u00e9utiliser, Recycler, Retourner \u00e0 la Terre\u00a0\u00bb<br \/>\n<a href=\"https:\/\/arenes.fr\/livre\/zero-dechet\/\">https:\/\/arenes.fr\/livre\/zero-dechet\/<\/a><\/li>\n<\/ul>\n<p><strong>Surtout, ne craignez pas d\u2019essayer, de vous tromper, de t\u00e2tonner, d\u2019exp\u00e9rimenter\u00a0!<\/strong> C\u2019est comme cela que vous trouverez ce qui vous convient le mieux.<\/p>\n<p>&nbsp;<br \/>\n[\/et_pb_text][\/et_pb_column][\/et_pb_row][\/et_pb_section]<\/p>\n","protected":false},"excerpt":{"rendered":"<p>Trier ses d\u00e9chets c\u2019est bien, mais face \u00e0 l\u2019urgence climatique actuelle, ce n\u2019est pas suffisant. V\u00e9ritable enjeu de soci\u00e9t\u00e9, r\u00e9duire ses d\u00e9chets est un geste d\u00e9sormais n\u00e9cessaire pour la sauvegarde de notre plan\u00e8te. \u00ab Le meilleur d\u00e9chet est celui que l\u2019on ne produit pas ! \u00bb Mais pourquoi\u00a0? R\u00e9duire nos d\u00e9chets permet de\u00a0: R\u00e9duire l\u2019impact [&hellip;]<\/p>\n","protected":false},"author":1,"featured_media":0,"parent":0,"menu_order":0,"comment_status":"open","ping_status":"open","template":"","meta":{"_acf_changed":false,"_et_pb_use_builder":"on","_et_pb_old_content":"","_et_gb_content_width":"","_relevanssi_hide_post":"","_relevanssi_hide_content":"","_relevanssi_pin_for_all":"","_relevanssi_pin_keywords":"","_relevanssi_unpin_keywords":"","_relevanssi_related_keywords":"","_relevanssi_related_include_ids":"","_relevanssi_related_exclude_ids":"","_relevanssi_related_no_append":"","_relevanssi_related_not_related":"","_relevanssi_related_posts":"","_relevanssi_noindex_reason":"","footnotes":""},"class_list":["post-498","page","type-page","status-publish","hentry"],"acf":[],"_links":{"self":[{"href":"https:\/\/ricom-collectivites3.com\/ccsb\/index.php?rest_route=\/wp\/v2\/pages\/498","targetHints":{"allow":["GET"]}}],"collection":[{"href":"https:\/\/ricom-collectivites3.com\/ccsb\/index.php?rest_route=\/wp\/v2\/pages"}],"about":[{"href":"https:\/\/ricom-collectivites3.com\/ccsb\/index.php?rest_route=\/wp\/v2\/types\/page"}],"author":[{"embeddable":true,"href":"https:\/\/ricom-collectivites3.com\/ccsb\/index.php?rest_route=\/wp\/v2\/users\/1"}],"replies":[{"embeddable":true,"href":"https:\/\/ricom-collectivites3.com\/ccsb\/index.php?rest_route=%2Fwp%2Fv2%2Fcomments&post=498"}],"version-history":[{"count":20,"href":"https:\/\/ricom-collectivites3.com\/ccsb\/index.php?rest_route=\/wp\/v2\/pages\/498\/revisions"}],"predecessor-version":[{"id":4946,"href":"https:\/\/ricom-collectivites3.com\/ccsb\/index.php?rest_route=\/wp\/v2\/pages\/498\/revisions\/4946"}],"wp:attachment":[{"href":"https:\/\/ricom-collectivites3.com\/ccsb\/index.php?rest_route=%2Fwp%2Fv2%2Fmedia&parent=498"}],"curies":[{"name":"wp","href":"https:\/\/api.w.org\/{rel}","templated":true}]}}