{"id":4962,"date":"2024-02-22T11:38:39","date_gmt":"2024-02-22T11:38:39","guid":{"rendered":"https:\/\/ricom-collectivites3.com\/ccsb\/?page_id=4962"},"modified":"2024-02-22T11:40:24","modified_gmt":"2024-02-22T11:40:24","slug":"collecte-des-biodechets","status":"publish","type":"page","link":"https:\/\/ricom-collectivites3.com\/ccsb\/?page_id=4962","title":{"rendered":"Collecte des biod\u00e9chets"},"content":{"rendered":"<p>[et_pb_section fb_built=\u00a0\u00bb1&Prime; module_class=\u00a0\u00bbfd_raye\u00a0\u00bb _builder_version=\u00a0\u00bb4.20.4&Prime; _module_preset=\u00a0\u00bbdefault\u00a0\u00bb background_enable_color=\u00a0\u00bboff\u00a0\u00bb background_enable_image=\u00a0\u00bboff\u00a0\u00bb custom_padding=\u00a0\u00bb30px||0px||false|false\u00a0\u00bb locked=\u00a0\u00bboff\u00a0\u00bb global_colors_info=\u00a0\u00bb{}\u00a0\u00bb theme_builder_area=\u00a0\u00bbpost_content\u00a0\u00bb][et_pb_row _builder_version=\u00a0\u00bb4.20.4&Prime; _module_preset=\u00a0\u00bbdefault\u00a0\u00bb background_color=\u00a0\u00bb#FFFFFF\u00a0\u00bb width=\u00a0\u00bb100%\u00a0\u00bb max_width=\u00a0\u00bb1150px\u00a0\u00bb module_alignment=\u00a0\u00bbcenter\u00a0\u00bb custom_padding=\u00a0\u00bb23px|25px|0px|25px|false|true\u00a0\u00bb global_colors_info=\u00a0\u00bb{}\u00a0\u00bb theme_builder_area=\u00a0\u00bbpost_content\u00a0\u00bb][et_pb_column type=\u00a0\u00bb4_4&Prime; _builder_version=\u00a0\u00bb4.20.4&Prime; _module_preset=\u00a0\u00bbdefault\u00a0\u00bb global_colors_info=\u00a0\u00bb{}\u00a0\u00bb theme_builder_area=\u00a0\u00bbpost_content\u00a0\u00bb][et_pb_post_title _builder_version=\u00a0\u00bb4.20.4&Prime; _module_preset=\u00a0\u00bbdefault\u00a0\u00bb locked=\u00a0\u00bbon\u00a0\u00bb global_colors_info=\u00a0\u00bb{}\u00a0\u00bb theme_builder_area=\u00a0\u00bbpost_content\u00a0\u00bb][\/et_pb_post_title][\/et_pb_column][\/et_pb_row][\/et_pb_section][et_pb_section fb_built=\u00a0\u00bb1&Prime; _builder_version=\u00a0\u00bb4.20.4&Prime; _module_preset=\u00a0\u00bbdefault\u00a0\u00bb custom_padding=\u00a0\u00bb28px|||||\u00a0\u00bb global_colors_info=\u00a0\u00bb{}\u00a0\u00bb theme_builder_area=\u00a0\u00bbpost_content\u00a0\u00bb][et_pb_row column_structure=\u00a0\u00bb2_3,1_3&Prime; _builder_version=\u00a0\u00bb4.20.4&Prime; _module_preset=\u00a0\u00bbdefault\u00a0\u00bb width=\u00a0\u00bb100%\u00a0\u00bb custom_padding=\u00a0\u00bb0px|||||\u00a0\u00bb global_colors_info=\u00a0\u00bb{}\u00a0\u00bb theme_builder_area=\u00a0\u00bbpost_content\u00a0\u00bb][et_pb_column type=\u00a0\u00bb2_3&Prime; _builder_version=\u00a0\u00bb4.20.4&Prime; _module_preset=\u00a0\u00bbdefault\u00a0\u00bb global_colors_info=\u00a0\u00bb{}\u00a0\u00bb theme_builder_area=\u00a0\u00bbpost_content\u00a0\u00bb][et_pb_text admin_label=\u00a0\u00bbCorps de texte\u00a0\u00bb _builder_version=\u00a0\u00bb4.23.2&Prime; _module_preset=\u00a0\u00bbdefault\u00a0\u00bb locked=\u00a0\u00bboff\u00a0\u00bb global_colors_info=\u00a0\u00bb{}\u00a0\u00bb theme_builder_area=\u00a0\u00bbpost_content\u00a0\u00bb]<\/p>\n<h2>Ensemble, r\u00e9duisons nos d\u00e9chets !<\/h2>\n<blockquote>\n<p>Le compostage collectif (ou compostage partag\u00e9) se d\u00e9veloppe depuis quelques ann\u00e9es sur le territoire. Il consiste en l\u2019installation de plusieurs composteurs de gros volume au m\u00eame endroit, afin de permettre \u00e0 plusieurs usagers de composter sur un m\u00eame site.<\/p>\n<\/blockquote>\n<p>Le compostage collectif peut s\u2019installer en pied d\u2019immeuble, dans un centre-bourg, ou bien encore pour une cantine scolaire par exemple.<\/p>\n<h3><strong>Le fonctionnement d\u2019un site de compostage collectif<\/strong><\/h3>\n<p>La plupart du temps, un site de compostage collectif se compose de 3 composteurs.<\/p>\n<ul><\/ul>\n<p>[\/et_pb_text][et_pb_image src=\u00a0\u00bbhttps:\/\/ricom-collectivites3.com\/ccsb\/wp-content\/uploads\/2023\/12\/compostcollectif1.jpg\u00a0\u00bb title_text=\u00a0\u00bbcompostcollectif1&Prime; _builder_version=\u00a0\u00bb4.23.1&Prime; _module_preset=\u00a0\u00bbdefault\u00a0\u00bb global_colors_info=\u00a0\u00bb{}\u00a0\u00bb theme_builder_area=\u00a0\u00bbpost_content\u00a0\u00bb][\/et_pb_image][et_pb_text admin_label=\u00a0\u00bbCorps de texte\u00a0\u00bb _builder_version=\u00a0\u00bb4.23.1&Prime; _module_preset=\u00a0\u00bbdefault\u00a0\u00bb locked=\u00a0\u00bboff\u00a0\u00bb global_colors_info=\u00a0\u00bb{}\u00a0\u00bb theme_builder_area=\u00a0\u00bbpost_content\u00a0\u00bb]<\/p>\n<p>Le premier bac sert \u00e0 la r\u00e9serve de broyat, indispensable \u00e0 la r\u00e9ussite d&rsquo;un bon compost. Le second bac est le bac d&rsquo;apport, c&rsquo;est dans celui-ci que les usagers vont venir d\u00e9poser leurs biod\u00e9chets. Enfin, le troisi\u00e8me bac est appel\u00e9 bac de maturation : c&rsquo;est dans celui-l\u00e0 que le compost va terminer de se former, avant de pouvoir nourrir vos plantes !<\/p>\n<p><strong>Dans un composteur partag\u00e9, je peux d\u00e9poser<br \/><\/strong><u>Des d\u00e9chets de cuisine\u00a0:<\/u><\/p>\n<ul>\n<li>\u00e9pluchures de fruits et de l\u00e9gumes,<\/li>\n<li>coquilles d\u2019\u0153ufs \u00e9cras\u00e9es,<\/li>\n<li>restes de repas (f\u00e9culents uniquement),<\/li>\n<li>marc de caf\u00e9 avec le filtre<\/li>\n<li>sachets de th\u00e9 (sauf forme pyramidale = fibre plastique !)<\/li>\n<li>fruits et l\u00e9gumes ab\u00eem\u00e9s EN MORCEAUX<\/li>\n<\/ul>\n<p><u>Des petits d\u00e9chets verts\u00a0:<\/u><\/p>\n<ul>\n<li>leurs fan\u00e9es,<\/li>\n<li>fanes de l\u00e9gumes (je peux aussi les r\u00e9utiliser en cuisine\u00a0!)<\/li>\n<\/ul>\n<p><u>Aucun autre d\u00e9chet vert n\u2019est accept\u00e9 dans des composteurs partag\u00e9s\u00a0: cela repr\u00e9sente beaucoup trop de volume de d\u00e9chets et interf\u00e8re dans la bonne pratique du compostage.<\/u><\/p>\n<p><u><\/u><\/p>\n<p><strong>Je ne d\u00e9pose pas dans un composteur partag\u00e9\u00a0: <\/strong><br \/>Viande, poisson, produits laitiers, os, mati\u00e8res grasses, plantes malades, d\u00e9chets verts, gros branchages, v\u00e9g\u00e9taux trait\u00e9s, m\u00e9dicaments, d\u00e9chets toxiques, liti\u00e8res, sac d\u2019aspirateur et son contenu<br \/><u>Aucun sac n\u2019est accept\u00e9<\/u> (sac kraft, sac biod\u00e9gradable, sac plastique \u2026).<\/p>\n<p><strong>Les consignes sont diff\u00e9rentes qu\u2019en compostage individuel\u00a0! Cela est tout \u00e0 fait normal. Comme il s\u2019agit d\u2019un compostage collectif, le volume de d\u00e9chet apport\u00e9 est plus important.<\/strong><\/p>\n<p>[\/et_pb_text][et_pb_image src=\u00a0\u00bbhttps:\/\/ricom-collectivites3.com\/ccsb\/wp-content\/uploads\/2023\/12\/consignes.png\u00a0\u00bb title_text=\u00a0\u00bbconsignes\u00a0\u00bb _builder_version=\u00a0\u00bb4.23.1&Prime; _module_preset=\u00a0\u00bbdefault\u00a0\u00bb global_colors_info=\u00a0\u00bb{}\u00a0\u00bb theme_builder_area=\u00a0\u00bbpost_content\u00a0\u00bb][\/et_pb_image][et_pb_text admin_label=\u00a0\u00bbCorps de texte\u00a0\u00bb _builder_version=\u00a0\u00bb4.23.1&Prime; _module_preset=\u00a0\u00bbdefault\u00a0\u00bb locked=\u00a0\u00bboff\u00a0\u00bb global_colors_info=\u00a0\u00bb{}\u00a0\u00bb theme_builder_area=\u00a0\u00bbpost_content\u00a0\u00bb]<\/p>\n<p><strong>Les 4 marches \u00e0 suivre pour apporter vos d\u00e9chets alimentaires sur un site de compostage partag\u00e9 <\/strong><\/p>\n<ul>\n<li><u>Vous \u00e9quiper d\u2019un bioseau<br \/><\/u>Pour faciliter votre d\u00e9p\u00f4t de d\u00e9chet et votre tri \u00e0 la maison, il est n\u00e9cessaire de s\u2019inscrire sur un site de compostage collectif. En retour de la fiche d\u2019inscription, vous pourrez repartir avec un bioseau (un contenant pour trier vos d\u00e9chets alimentaires) et un livret sur le compostage collectif. Pour vous renseigner, vous pouvez joindre notre service Gestion des d\u00e9chets au 04 74 66 18 24 (services techniques) ou par mail \u00e0 <a href=\"mailto:dechets@ccsb-saonebeaujolais.fr\"><em>dechets@ccsb-saonebeaujolais.fr<\/em><\/a><\/li>\n<\/ul>\n<p>[\/et_pb_text][et_pb_image src=\u00a0\u00bbhttps:\/\/ricom-collectivites3.com\/ccsb\/wp-content\/uploads\/2023\/12\/bioseau.jpg\u00a0\u00bb title_text=\u00a0\u00bbbioseau\u00a0\u00bb _builder_version=\u00a0\u00bb4.23.1&Prime; _module_preset=\u00a0\u00bbdefault\u00a0\u00bb global_colors_info=\u00a0\u00bb{}\u00a0\u00bb theme_builder_area=\u00a0\u00bbpost_content\u00a0\u00bb][\/et_pb_image][et_pb_text admin_label=\u00a0\u00bbCorps de texte\u00a0\u00bb _builder_version=\u00a0\u00bb4.23.1&Prime; _module_preset=\u00a0\u00bbdefault\u00a0\u00bb locked=\u00a0\u00bboff\u00a0\u00bb global_colors_info=\u00a0\u00bb{}\u00a0\u00bb theme_builder_area=\u00a0\u00bbpost_content\u00a0\u00bb]&nbsp;<\/p>\n<ul><\/ul>\n<ul>\n<li><u>Trier vos d\u00e9chets \u00e0 la maison<\/u><br \/>\nA la cuisine, triez tous vos d\u00e9chets de pr\u00e9paration (\u00e9pluchures de fruits et de l\u00e9gumes, fanes de l\u00e9gumes, coquilles d\u2019\u0153ufs) et vos restes de repas (f\u00e9culents uniquement) ou fruits et l\u00e9gumes ab\u00eem\u00e9s dans votre bioseau. Assurez-vous de morceler tous vos d\u00e9chets\u00a0: une peau de melon en \u00e9t\u00e9 sera trop \u00e9paisse par exemple, il faut en faire des morceaux plus petits afin de faciliter le travail de d\u00e9composition.<\/li>\n<\/ul>\n<p>&nbsp;<\/p>\n<ul>\n<li><u>D\u00e9posez vos d\u00e9chets en vrac dans le composteur d\u2019apport<\/u><br \/>\nVos d\u00e9chets se d\u00e9posent uniquement dans le composteur d\u2019apport, souvent le composteur qui est au milieu. Les d\u00e9chets se d\u00e9posent en vrac, pas de sac\u00a0!<br \/>\nAvec la griffe, accroch\u00e9e sur le composteur, \u00e9talez vos d\u00e9chets pour qu\u2019ils ne restent pas en tas (sinon, mauvaises odeurs assur\u00e9es !).<\/li>\n<\/ul>\n<p>&nbsp;<\/p>\n<ul>\n<li><u>Ajoutez du broyat de bois<\/u><br \/>\nComme les d\u00e9chets verts ne sont pas accept\u00e9s, le broyat de bois est LA seule mati\u00e8re s\u00e8che qui est apport\u00e9e dans le composteur collectif pour \u00e9quilibrer l\u2019humidit\u00e9.<br \/>\nVous devez ajouter du broyat de bois par-dessus vos d\u00e9chets alimentaires. Ce geste est indispensable pour assurer le bon \u00e9quilibre du compost, et \u00e9viter d\u2019attirer des moucherons.<\/li>\n<\/ul>\n<p>La bonne dose\u00a0: ajoutez un tiers de broyat pour deux tiers de d\u00e9chets alimentaires.<\/p>\n<h3>Comment r\u00e9cup\u00e9rer du compost\u00a0?<\/h3>\n<p>Si vous d\u00e9posez vos d\u00e9chets alimentaires sur un site de compostage partag\u00e9, vous pouvez r\u00e9cup\u00e9rer du compost\u00a0! Pour vos plantes en pots, vos aromates en jardini\u00e8re \u2026<\/p>\n<p>Des distributions sont organis\u00e9es lorsque le compost est m\u00fbr et peut \u00eatre r\u00e9cup\u00e9r\u00e9. Soyez attentif \u00e0 l\u2019affichage sur le panneau d\u2019affichage du site, une distribution de compost est toujours annonc\u00e9e en amont.<\/p>\n<h3>Envie d\u2019\u00eatre b\u00e9n\u00e9vole\u00a0? <\/h3>\n<p>Les sites de compostage collectif sont suivis de pr\u00e8s pour assurer leur bon fonctionnement. Chaque site install\u00e9 est accompagn\u00e9 de personnes b\u00e9n\u00e9voles ou d\u2019agents communaux, que l\u2019on appelle des <strong>\u00ab\u00a0r\u00e9f\u00e9rents de site\u00a0\u00bb<\/strong>. Ces r\u00e9f\u00e9rents de site sont les premiers dans la fili\u00e8re compostage, et permettent d\u2019assurer les gestes indispensables\u00a0: brassage du bac r\u00e9gulier avec une fourche, retrait des erreurs, communication aupr\u00e8s des participants via de l\u2019affichage, transfert du bac d\u2019apport lorsqu\u2019il est plein vers le bac de maturation \u2026<\/p>\n<p>Cela vous int\u00e9resse\u00a0? Chaque r\u00e9f\u00e9rent de site est form\u00e9 par la CCSB afin de conna\u00eetre les gestes de base et d\u2019en apprendre davantage sur la pratique du compostage. Vous rejoignez ainsi le r\u00e9seau d\u2019acteurs du compostage sur le territoire\u00a0!<\/p>\n<ul><\/ul>\n<p>[\/et_pb_text][\/et_pb_column][et_pb_column type=\u00a0\u00bb1_3&Prime; _builder_version=\u00a0\u00bb4.20.4&Prime; _module_preset=\u00a0\u00bbdefault\u00a0\u00bb global_colors_info=\u00a0\u00bb{}\u00a0\u00bb theme_builder_area=\u00a0\u00bbpost_content\u00a0\u00bb][et_pb_code module_id=\u00a0\u00bbpartager\u00a0\u00bb _builder_version=\u00a0\u00bb4.23.1&Prime; _module_preset=\u00a0\u00bbdefault\u00a0\u00bb text_orientation=\u00a0\u00bbcenter\u00a0\u00bb custom_margin=\u00a0\u00bb||10px||false|false\u00a0\u00bb custom_padding=\u00a0\u00bb||10px||false|false\u00a0\u00bb border_style_bottom=\u00a0\u00bbdotted\u00a0\u00bb global_module=\u00a0\u00bb2806&Prime; saved_tabs=\u00a0\u00bball\u00a0\u00bb locked=\u00a0\u00bboff\u00a0\u00bb global_colors_info=\u00a0\u00bb{}\u00a0\u00bb theme_builder_area=\u00a0\u00bbpost_content\u00a0\u00bb]<span class=\"partager\">Partager ce contenu<\/span><!-- [et_pb_line_break_holder] --><div class=\"heateor_sss_sharing_container heateor_sss_horizontal_sharing\" data-heateor-ss-offset=\"0\" data-heateor-sss-href='https:\/\/ricom-collectivites3.com\/ccsb\/index.php?rest_route=%2Fwp%2Fv2%2Fpages%2F4962'><div class=\"heateor_sss_sharing_ul\"><a aria-label=\"Facebook\" class=\"heateor_sss_facebook\" href=\"https:\/\/www.facebook.com\/sharer\/sharer.php?u=https%3A%2F%2Fricom-collectivites3.com%2Fccsb%2Findex.php%3Frest_route%3D%252Fwp%252Fv2%252Fpages%252F4962\" title=\"Facebook\" rel=\"nofollow noopener\" target=\"_blank\" style=\"font-size:32px!important;box-shadow:none;display:inline-block;vertical-align:middle\"><span class=\"heateor_sss_svg\" style=\"background-color:#0765FE;width:30px;height:30px;border-radius:999px;display:inline-block;opacity:1;float:left;font-size:32px;box-shadow:none;display:inline-block;font-size:16px;padding:0 4px;vertical-align:middle;background-repeat:repeat;overflow:hidden;padding:0;cursor:pointer;box-sizing:content-box\"><svg style=\"display:block;border-radius:999px;\" focusable=\"false\" aria-hidden=\"true\" xmlns=\"http:\/\/www.w3.org\/2000\/svg\" width=\"100%\" height=\"100%\" viewBox=\"0 0 32 32\"><path fill=\"#fff\" d=\"M28 16c0-6.627-5.373-12-12-12S4 9.373 4 16c0 5.628 3.875 10.35 9.101 11.647v-7.98h-2.474V16H13.1v-1.58c0-4.085 1.849-5.978 5.859-5.978.76 0 2.072.15 2.608.298v3.325c-.283-.03-.775-.045-1.386-.045-1.967 0-2.728.745-2.728 2.683V16h3.92l-.673 3.667h-3.247v8.245C23.395 27.195 28 22.135 28 16Z\"><\/path><\/svg><\/span><\/a><a aria-label=\"Linkedin\" class=\"heateor_sss_button_linkedin\" href=\"https:\/\/www.linkedin.com\/sharing\/share-offsite\/?url=https%3A%2F%2Fricom-collectivites3.com%2Fccsb%2Findex.php%3Frest_route%3D%252Fwp%252Fv2%252Fpages%252F4962\" title=\"Linkedin\" rel=\"nofollow noopener\" target=\"_blank\" style=\"font-size:32px!important;box-shadow:none;display:inline-block;vertical-align:middle\"><span class=\"heateor_sss_svg heateor_sss_s__default heateor_sss_s_linkedin\" style=\"background-color:#0077b5;width:30px;height:30px;border-radius:999px;display:inline-block;opacity:1;float:left;font-size:32px;box-shadow:none;display:inline-block;font-size:16px;padding:0 4px;vertical-align:middle;background-repeat:repeat;overflow:hidden;padding:0;cursor:pointer;box-sizing:content-box\"><svg style=\"display:block;border-radius:999px;\" focusable=\"false\" aria-hidden=\"true\" xmlns=\"http:\/\/www.w3.org\/2000\/svg\" width=\"100%\" height=\"100%\" viewBox=\"0 0 32 32\"><path d=\"M6.227 12.61h4.19v13.48h-4.19V12.61zm2.095-6.7a2.43 2.43 0 0 1 0 4.86c-1.344 0-2.428-1.09-2.428-2.43s1.084-2.43 2.428-2.43m4.72 6.7h4.02v1.84h.058c.56-1.058 1.927-2.176 3.965-2.176 4.238 0 5.02 2.792 5.02 6.42v7.395h-4.183v-6.56c0-1.564-.03-3.574-2.178-3.574-2.18 0-2.514 1.7-2.514 3.46v6.668h-4.187V12.61z\" fill=\"#fff\"><\/path><\/svg><\/span><\/a><a aria-label=\"Whatsapp\" class=\"heateor_sss_whatsapp\" href=\"https:\/\/api.whatsapp.com\/send?text=Collecte%20des%20biod%C3%A9chets%20https%3A%2F%2Fricom-collectivites3.com%2Fccsb%2Findex.php%3Frest_route%3D%252Fwp%252Fv2%252Fpages%252F4962\" title=\"Whatsapp\" rel=\"nofollow noopener\" target=\"_blank\" style=\"font-size:32px!important;box-shadow:none;display:inline-block;vertical-align:middle\"><span class=\"heateor_sss_svg\" style=\"background-color:#55eb4c;width:30px;height:30px;border-radius:999px;display:inline-block;opacity:1;float:left;font-size:32px;box-shadow:none;display:inline-block;font-size:16px;padding:0 4px;vertical-align:middle;background-repeat:repeat;overflow:hidden;padding:0;cursor:pointer;box-sizing:content-box\"><svg style=\"display:block;border-radius:999px;\" focusable=\"false\" aria-hidden=\"true\" xmlns=\"http:\/\/www.w3.org\/2000\/svg\" width=\"100%\" height=\"100%\" viewBox=\"-6 -5 40 40\"><path class=\"heateor_sss_svg_stroke heateor_sss_no_fill\" stroke=\"#fff\" stroke-width=\"2\" fill=\"none\" d=\"M 11.579798566743314 24.396926207859085 A 10 10 0 1 0 6.808479557110079 20.73576436351046\"><\/path><path d=\"M 7 19 l -1 6 l 6 -1\" class=\"heateor_sss_no_fill heateor_sss_svg_stroke\" stroke=\"#fff\" stroke-width=\"2\" fill=\"none\"><\/path><path d=\"M 10 10 q -1 8 8 11 c 5 -1 0 -6 -1 -3 q -4 -3 -5 -5 c 4 -2 -1 -5 -1 -4\" fill=\"#fff\"><\/path><\/svg><\/span><\/a><a aria-label=\"Instagram\" class=\"heateor_sss_button_instagram\" href=\"https:\/\/www.instagram.com\/\" title=\"Instagram\" rel=\"nofollow noopener\" target=\"_blank\" style=\"font-size:32px!important;box-shadow:none;display:inline-block;vertical-align:middle\"><span class=\"heateor_sss_svg\" style=\"background-color:#53beee;width:30px;height:30px;border-radius:999px;display:inline-block;opacity:1;float:left;font-size:32px;box-shadow:none;display:inline-block;font-size:16px;padding:0 4px;vertical-align:middle;background-repeat:repeat;overflow:hidden;padding:0;cursor:pointer;box-sizing:content-box\"><svg style=\"display:block;border-radius:999px;\" version=\"1.1\" viewBox=\"-10 -10 148 148\" width=\"100%\" height=\"100%\" xml:space=\"preserve\" xmlns=\"http:\/\/www.w3.org\/2000\/svg\" xmlns:xlink=\"http:\/\/www.w3.org\/1999\/xlink\"><g><g><path d=\"M86,112H42c-14.336,0-26-11.663-26-26V42c0-14.337,11.664-26,26-26h44c14.337,0,26,11.663,26,26v44 C112,100.337,100.337,112,86,112z M42,24c-9.925,0-18,8.074-18,18v44c0,9.925,8.075,18,18,18h44c9.926,0,18-8.075,18-18V42 c0-9.926-8.074-18-18-18H42z\" fill=\"#fff\"><\/path><\/g><g><path d=\"M64,88c-13.234,0-24-10.767-24-24c0-13.234,10.766-24,24-24s24,10.766,24,24C88,77.233,77.234,88,64,88z M64,48c-8.822,0-16,7.178-16,16s7.178,16,16,16c8.822,0,16-7.178,16-16S72.822,48,64,48z\" fill=\"#fff\"><\/path><\/g><g><circle cx=\"89.5\" cy=\"38.5\" fill=\"#fff\" r=\"5.5\"><\/circle><\/g><\/g><\/svg><\/span><\/a><a aria-label=\"X\" class=\"heateor_sss_button_x\" href=\"https:\/\/twitter.com\/intent\/tweet?text=Collecte%20des%20biod%C3%A9chets&url=https%3A%2F%2Fricom-collectivites3.com%2Fccsb%2Findex.php%3Frest_route%3D%252Fwp%252Fv2%252Fpages%252F4962\" title=\"X\" rel=\"nofollow noopener\" target=\"_blank\" style=\"font-size:32px!important;box-shadow:none;display:inline-block;vertical-align:middle\"><span class=\"heateor_sss_svg heateor_sss_s__default heateor_sss_s_x\" style=\"background-color:#2a2a2a;width:30px;height:30px;border-radius:999px;display:inline-block;opacity:1;float:left;font-size:32px;box-shadow:none;display:inline-block;font-size:16px;padding:0 4px;vertical-align:middle;background-repeat:repeat;overflow:hidden;padding:0;cursor:pointer;box-sizing:content-box\"><svg width=\"100%\" height=\"100%\" style=\"display:block;border-radius:999px;\" focusable=\"false\" aria-hidden=\"true\" xmlns=\"http:\/\/www.w3.org\/2000\/svg\" viewBox=\"0 0 32 32\"><path fill=\"#fff\" d=\"M21.751 7h3.067l-6.7 7.658L26 25.078h-6.172l-4.833-6.32-5.531 6.32h-3.07l7.167-8.19L6 7h6.328l4.37 5.777L21.75 7Zm-1.076 16.242h1.7L11.404 8.74H9.58l11.094 14.503Z\"><\/path><\/svg><\/span><\/a><a aria-label=\"Print\" class=\"heateor_sss_button_print\" href=\"https:\/\/ricom-collectivites3.com\/ccsb\/index.php?rest_route=%2Fwp%2Fv2%2Fpages%2F4962\" onclick=\"event.preventDefault();window.print()\" title=\"Print\" rel=\"noopener\" style=\"font-size:32px!important;box-shadow:none;display:inline-block;vertical-align:middle\"><span class=\"heateor_sss_svg heateor_sss_s__default heateor_sss_s_print\" style=\"background-color:#fd6500;width:30px;height:30px;border-radius:999px;display:inline-block;opacity:1;float:left;font-size:32px;box-shadow:none;display:inline-block;font-size:16px;padding:0 4px;vertical-align:middle;background-repeat:repeat;overflow:hidden;padding:0;cursor:pointer;box-sizing:content-box\"><svg style=\"display:block;border-radius:999px;\" focusable=\"false\" aria-hidden=\"true\" xmlns=\"http:\/\/www.w3.org\/2000\/svg\" width=\"100%\" height=\"100%\" viewBox=\"-2.8 -4.5 35 35\"><path stroke=\"#fff\" class=\"heateor_sss_svg_stroke\" d=\"M 7 10 h 2 v 3 h 12 v -3 h 2 v 7 h -2 v -3 h -12 v 3 h -2 z\" stroke-width=\"1\" fill=\"#fff\"><\/path><rect class=\"heateor_sss_no_fill heateor_sss_svg_stroke\" stroke=\"#fff\" stroke-width=\"1.8\" height=\"7\" width=\"10\" x=\"10\" y=\"5\" fill=\"none\"><\/rect><rect class=\"heateor_sss_svg_stroke\" stroke=\"#fff\" stroke-width=\"1\" height=\"5\" width=\"8\" x=\"11\" y=\"16\" fill=\"#fff\"><\/rect><\/svg><\/span><\/a><\/div><div class=\"heateorSssClear\"><\/div><\/div>[\/et_pb_code][et_pb_text admin_label=\u00a0\u00bbBloc de t\u00e9l\u00e9chargement\u00a0\u00bb module_class=\u00a0\u00bbtelechargement\u00a0\u00bb _builder_version=\u00a0\u00bb4.23.2&Prime; _module_preset=\u00a0\u00bbdefault\u00a0\u00bb background_enable_color=\u00a0\u00bboff\u00a0\u00bb background_enable_image=\u00a0\u00bboff\u00a0\u00bb background_size=\u00a0\u00bbinitial\u00a0\u00bb background_position=\u00a0\u00bbtop_left\u00a0\u00bb custom_padding=\u00a0\u00bb0px|20px|20px|20px|false|true\u00a0\u00bb global_colors_info=\u00a0\u00bb{}\u00a0\u00bb theme_builder_area=\u00a0\u00bbpost_content\u00a0\u00bb]<\/p>\n<p><span class=\"tt_tel\">Documents<br \/><strong>\u00e0 t\u00e9l\u00e9charger<\/strong><\/span><\/p>\n<ul>\n<li><a href=\"https:\/\/ricom-collectivites3.com\/ccsb\/wp-content\/uploads\/2023\/12\/Fiche-Participant-pour-compostage-partage.pdf\" target=\"_blank\" rel=\"noopener\">Fiche d\u2019inscription au compostage partag\u00e9<\/a><\/li>\n<li><a href=\"https:\/\/ricom-collectivites3.com\/ccsb\/wp-content\/uploads\/2023\/12\/Aff-recherche-referents.pdf\" target=\"_blank\" rel=\"noopener\">Affiche recherche de r\u00e9f\u00e9rents site de compostage<\/a><\/li>\n<li><a href=\"https:\/\/ricom-collectivites3.com\/ccsb\/wp-content\/uploads\/2023\/12\/Livret-du-compostage-partage.pdf\" target=\"_blank\" rel=\"noopener\">Livret du compostage partag\u00e9<\/a><\/li>\n<li><a href=\"https:\/\/ricom-collectivites3.com\/ccsb\/wp-content\/uploads\/2023\/12\/guide-pratique-compostage-et-paillage-ADEME.pdf\" target=\"_blank\" rel=\"noopener\">Guide ADEME Compostage et Paillage<\/a><\/li>\n<li><a href=\"https:\/\/ricom-collectivites3.com\/ccsb\/wp-content\/uploads\/2023\/12\/Planches-coloriage-Compost-CCSB.pdf\" target=\"_blank\" rel=\"noopener\">Coloriages<\/a><\/li>\n<li><a href=\"https:\/\/ricom-collectivites3.com\/ccsb\/wp-content\/uploads\/2023\/12\/RCC-guide-dutilisation-du-compost.pdf\" target=\"_blank\" rel=\"noopener\">Guide d&rsquo;utilisation du compost<\/a><\/li>\n<\/ul>\n<p>[\/et_pb_text][et_pb_text admin_label=\u00a0\u00bbBloc contact\u00a0\u00bb module_class=\u00a0\u00bbsidebar_contact\u00a0\u00bb _builder_version=\u00a0\u00bb4.23.2&Prime; _module_preset=\u00a0\u00bbdefault\u00a0\u00bb text_font=\u00a0\u00bb||||||||\u00a0\u00bb text_font_size=\u00a0\u00bb1.1em\u00a0\u00bb text_line_height=\u00a0\u00bb1.3em\u00a0\u00bb header_4_font=\u00a0\u00bb|800|||||||\u00a0\u00bb background_color=\u00a0\u00bb#FFFFFF\u00a0\u00bb custom_padding=\u00a0\u00bb0px|30px|17px|30px|false|true\u00a0\u00bb border_width_all=\u00a0\u00bb1px\u00a0\u00bb border_style_all=\u00a0\u00bbdotted\u00a0\u00bb locked=\u00a0\u00bboff\u00a0\u00bb global_colors_info=\u00a0\u00bb{}\u00a0\u00bb theme_builder_area=\u00a0\u00bbpost_content\u00a0\u00bb]<\/p>\n<h3>Votre<br \/><strong>Contact<\/strong><\/h3>\n<p>&nbsp;<\/p>\n<p><strong><span class=\"contact_service\">Service Gestion des d\u00e9chets<\/span><\/strong><br \/><span class=\"contact_adresse\">65, rue Pierre Cothenet<br \/>69220 Belleville-en-Beaujolais<\/span><\/p>\n<p><span class=\"contact_telephone\">04 74 66 18 24<\/span><br \/><span class=\"contact_mail\"><a href=\"mailto:dechets@ccsb-saonebeaujolais.fr\">dechets@ccsb-saonebeaujolais.fr<\/a><\/span><\/p>\n<p>[\/et_pb_text][\/et_pb_column][\/et_pb_row][\/et_pb_section]<\/p>\n","protected":false},"excerpt":{"rendered":"<p>Ensemble, r\u00e9duisons nos d\u00e9chets ! Le compostage collectif (ou compostage partag\u00e9) se d\u00e9veloppe depuis quelques ann\u00e9es sur le territoire. Il consiste en l\u2019installation de plusieurs composteurs de gros volume au m\u00eame endroit, afin de permettre \u00e0 plusieurs usagers de composter sur un m\u00eame site. Le compostage collectif peut s\u2019installer en pied d\u2019immeuble, dans un centre-bourg, [&hellip;]<\/p>\n","protected":false},"author":3,"featured_media":0,"parent":495,"menu_order":0,"comment_status":"closed","ping_status":"closed","template":"","meta":{"_acf_changed":false,"_et_pb_use_builder":"on","_et_pb_old_content":"","_et_gb_content_width":"","_relevanssi_hide_post":"","_relevanssi_hide_content":"","_relevanssi_pin_for_all":"","_relevanssi_pin_keywords":"","_relevanssi_unpin_keywords":"","_relevanssi_related_keywords":"","_relevanssi_related_include_ids":"","_relevanssi_related_exclude_ids":"","_relevanssi_related_no_append":"","_relevanssi_related_not_related":"","_relevanssi_related_posts":"","_relevanssi_noindex_reason":"","footnotes":""},"class_list":["post-4962","page","type-page","status-publish","hentry"],"acf":[],"_links":{"self":[{"href":"https:\/\/ricom-collectivites3.com\/ccsb\/index.php?rest_route=\/wp\/v2\/pages\/4962","targetHints":{"allow":["GET"]}}],"collection":[{"href":"https:\/\/ricom-collectivites3.com\/ccsb\/index.php?rest_route=\/wp\/v2\/pages"}],"about":[{"href":"https:\/\/ricom-collectivites3.com\/ccsb\/index.php?rest_route=\/wp\/v2\/types\/page"}],"author":[{"embeddable":true,"href":"https:\/\/ricom-collectivites3.com\/ccsb\/index.php?rest_route=\/wp\/v2\/users\/3"}],"replies":[{"embeddable":true,"href":"https:\/\/ricom-collectivites3.com\/ccsb\/index.php?rest_route=%2Fwp%2Fv2%2Fcomments&post=4962"}],"version-history":[{"count":3,"href":"https:\/\/ricom-collectivites3.com\/ccsb\/index.php?rest_route=\/wp\/v2\/pages\/4962\/revisions"}],"predecessor-version":[{"id":4966,"href":"https:\/\/ricom-collectivites3.com\/ccsb\/index.php?rest_route=\/wp\/v2\/pages\/4962\/revisions\/4966"}],"up":[{"embeddable":true,"href":"https:\/\/ricom-collectivites3.com\/ccsb\/index.php?rest_route=\/wp\/v2\/pages\/495"}],"wp:attachment":[{"href":"https:\/\/ricom-collectivites3.com\/ccsb\/index.php?rest_route=%2Fwp%2Fv2%2Fmedia&parent=4962"}],"curies":[{"name":"wp","href":"https:\/\/api.w.org\/{rel}","templated":true}]}}