{"id":481,"date":"2023-10-16T16:17:22","date_gmt":"2023-10-16T16:17:22","guid":{"rendered":"http:\/\/ricom-web7.com\/ccsb\/navette-de-belleville-en-beaujolais\/"},"modified":"2024-01-24T07:59:32","modified_gmt":"2024-01-24T07:59:32","slug":"en-transport-en-commun","status":"publish","type":"page","link":"https:\/\/ricom-collectivites3.com\/ccsb\/?page_id=481","title":{"rendered":"En transport en commun"},"content":{"rendered":"<p>[et_pb_section fb_built=\u00a0\u00bb1&Prime; module_class=\u00a0\u00bbfd_raye\u00a0\u00bb _builder_version=\u00a0\u00bb4.20.4&Prime; _module_preset=\u00a0\u00bbdefault\u00a0\u00bb custom_padding=\u00a0\u00bb30px||0px||false|false\u00a0\u00bb locked=\u00a0\u00bboff\u00a0\u00bb global_colors_info=\u00a0\u00bb{}\u00a0\u00bb background_enable_color=\u00a0\u00bboff\u00a0\u00bb background_enable_image=\u00a0\u00bboff\u00a0\u00bb][et_pb_row _builder_version=\u00a0\u00bb4.20.4&Prime; _module_preset=\u00a0\u00bbdefault\u00a0\u00bb background_color=\u00a0\u00bb#FFFFFF\u00a0\u00bb width=\u00a0\u00bb100%\u00a0\u00bb max_width=\u00a0\u00bb1150px\u00a0\u00bb module_alignment=\u00a0\u00bbcenter\u00a0\u00bb custom_padding=\u00a0\u00bb23px|25px|0px|25px|false|true\u00a0\u00bb global_colors_info=\u00a0\u00bb{}\u00a0\u00bb][et_pb_column type=\u00a0\u00bb4_4&Prime; _builder_version=\u00a0\u00bb4.20.4&Prime; _module_preset=\u00a0\u00bbdefault\u00a0\u00bb global_colors_info=\u00a0\u00bb{}\u00a0\u00bb][et_pb_post_title _builder_version=\u00a0\u00bb4.20.4&Prime; _module_preset=\u00a0\u00bbdefault\u00a0\u00bb locked=\u00a0\u00bbon\u00a0\u00bb global_colors_info=\u00a0\u00bb{}\u00a0\u00bb][\/et_pb_post_title][\/et_pb_column][\/et_pb_row][\/et_pb_section][et_pb_section fb_built=\u00a0\u00bb1&Prime; _builder_version=\u00a0\u00bb4.20.4&Prime; _module_preset=\u00a0\u00bbdefault\u00a0\u00bb custom_padding=\u00a0\u00bb28px|||||\u00a0\u00bb global_colors_info=\u00a0\u00bb{}\u00a0\u00bb][et_pb_row column_structure=\u00a0\u00bb2_3,1_3&Prime; use_custom_gutter=\u00a0\u00bbon\u00a0\u00bb gutter_width=\u00a0\u00bb2&Prime; _builder_version=\u00a0\u00bb4.20.4&Prime; _module_preset=\u00a0\u00bbdefault\u00a0\u00bb width=\u00a0\u00bb100%\u00a0\u00bb max_width=\u00a0\u00bb1100px\u00a0\u00bb custom_padding=\u00a0\u00bb0px|||||\u00a0\u00bb global_colors_info=\u00a0\u00bb{}\u00a0\u00bb][et_pb_column type=\u00a0\u00bb2_3&Prime; _builder_version=\u00a0\u00bb4.20.4&Prime; _module_preset=\u00a0\u00bbdefault\u00a0\u00bb global_colors_info=\u00a0\u00bb{}\u00a0\u00bb][et_pb_text admin_label=\u00a0\u00bbCorps de texte\u00a0\u00bb _builder_version=\u00a0\u00bb4.23.4&Prime; _module_preset=\u00a0\u00bbdefault\u00a0\u00bb locked=\u00a0\u00bboff\u00a0\u00bb global_colors_info=\u00a0\u00bb{}\u00a0\u00bb]<\/p>\n<blockquote>\n<p>Le r\u00e9seau des Cars du Rh\u00f4ne est g\u00e9r\u00e9 par <a href=\"https:\/\/www.sytral.fr\/\" target=\"_blank\" rel=\"noopener\">SYTRAL Mobilit\u00e9s<\/a> dont la Communaut\u00e9 de Communes Sa\u00f4ne-Beaujolais est membre.<\/p>\n<\/blockquote>\n<p>Cinq lignes du r\u00e9seau Cars du Rh\u00f4ne desservent le territoire de la CCSB et offrent des liaisons avec les diff\u00e9rents p\u00f4les urbains du territoire\u00a0:<\/p>\n<ul>\n<li>La\u00a0<a href=\"https:\/\/fra01.safelinks.protection.outlook.com\/?url=https%3A%2F%2Fwww.carsdurhone.fr%2Fsites%2Fcarsdurhone%2Ffiles%2Flines%2F2023-08%2FLigne%2520117_BELLEVILLE%2520SUR%2520SAONE_VILLEFRANCHE%2520SUR%2520SAONE_2023%25202024_web_v2.pdf&amp;data=05%7C01%7Cj.corsan%40belleville-en-beaujolais.fr%7C5712f57b0e28489de7b808dbb5ef7db4%7C7eaf81bb3892404aa84f9ec64972707a%7C0%7C0%7C638303812430002813%7CUnknown%7CTWFpbGZsb3d8eyJWIjoiMC4wLjAwMDAiLCJQIjoiV2luMzIiLCJBTiI6Ik1haWwiLCJXVCI6Mn0%3D%7C3000%7C%7C%7C&amp;sdata=FQhmJ4%2BId2MoTZ7GQYDC5P9MZl1Mj%2BP2vv24A1w0qm4%3D&amp;reserved=0\">ligne 117<\/a><strong>\u00a0Belleville-en-Beaujolais &lt;&gt; Villefranche-sur-Sa\u00f4ne<\/strong> dessert la commune de Saint-Georges-de-Reneins. Anciennement 118, la ligne permet toujours de rallier Lyon Vaise sans changer de car, le v\u00e9hicule changeant de nom \u00e0 Villefranche-sur-Sa\u00f4ne pour devenir 118 et continuer vers Lyon comme avant.<\/li>\n<li>La\u00a0<a href=\"https:\/\/fra01.safelinks.protection.outlook.com\/?url=https%3A%2F%2Fwww.carsdurhone.fr%2Fsites%2Fcarsdurhone%2Ffiles%2Flines%2F2023-08%2F234-BELLEVILLE%2520EN%2520BEAUJOLAIS%2520-%2520BELLEVILLE%2520EN%2520BEAUJOLAIS%25202023-2024%2520v2.pdf&amp;data=05%7C01%7Cj.corsan%40belleville-en-beaujolais.fr%7C5712f57b0e28489de7b808dbb5ef7db4%7C7eaf81bb3892404aa84f9ec64972707a%7C0%7C0%7C638303812430002813%7CUnknown%7CTWFpbGZsb3d8eyJWIjoiMC4wLjAwMDAiLCJQIjoiV2luMzIiLCJBTiI6Ik1haWwiLCJXVCI6Mn0%3D%7C3000%7C%7C%7C&amp;sdata=AKXekVSzOrEhF8N29fpcoG62vqRbg5dpjuDlBsDLrs4%3D&amp;reserved=0\">ligne 234<\/a><strong>\u00a0Belleville-en-Beaujolais &lt;&gt; Belleville-en-Beaujolais<\/strong> fait une boucle dans la commune en partant et revenant \u00e0 la gare SNCF.<\/li>\n<li>La\u00a0<a href=\"https:\/\/fra01.safelinks.protection.outlook.com\/?url=https%3A%2F%2Fwww.carsdurhone.fr%2Fsites%2Fcarsdurhone%2Ffiles%2Flines%2F2023-08%2F235-BEAUJEU%2520-%2520BELLEVILLE%2520EN%2520BEAUJOLAIS%25202023-2024%2520v7.pdf&amp;data=05%7C01%7Cj.corsan%40belleville-en-beaujolais.fr%7C5712f57b0e28489de7b808dbb5ef7db4%7C7eaf81bb3892404aa84f9ec64972707a%7C0%7C0%7C638303812430002813%7CUnknown%7CTWFpbGZsb3d8eyJWIjoiMC4wLjAwMDAiLCJQIjoiV2luMzIiLCJBTiI6Ik1haWwiLCJXVCI6Mn0%3D%7C3000%7C%7C%7C&amp;sdata=%2FXWselnuemqBllG8Eh8hraTGYhGo6Icv2c2y0%2FK1%2B6w%3D&amp;reserved=0\">ligne 235<\/a><strong>\u00a0Belleville-en-Beaujolais &lt;&gt; Beaujeu<\/strong>\u00a0dessert les communes de Cerci\u00e9, Quinci\u00e9-en-Beaujolais et R\u00e9gni\u00e9-Durette.<\/li>\n<li>La\u00a0<a href=\"https:\/\/fra01.safelinks.protection.outlook.com\/?url=https%3A%2F%2Fwww.carsdurhone.fr%2Fsites%2Fcarsdurhone%2Ffiles%2Flines%2F2023-08%2F236-DEUX%2520GROSNES-VILLEFRANCHE%2520S%2520SAONE%2520-%25202023%25202024%2520v5%2520plan.pdf&amp;data=05%7C01%7Cj.corsan%40belleville-en-beaujolais.fr%7C5712f57b0e28489de7b808dbb5ef7db4%7C7eaf81bb3892404aa84f9ec64972707a%7C0%7C0%7C638303812430002813%7CUnknown%7CTWFpbGZsb3d8eyJWIjoiMC4wLjAwMDAiLCJQIjoiV2luMzIiLCJBTiI6Ik1haWwiLCJXVCI6Mn0%3D%7C3000%7C%7C%7C&amp;sdata=TzNqRPZUXstQp92FAI0NCvffS18qGgLdyiv2GMcV5%2F8%3D&amp;reserved=0\">ligne 236<\/a><strong>\u00a0Deux-Grosnes &lt;&gt; Villefranche-sur-Sa\u00f4ne<\/strong> dessert les communes de Les Ardillats, Saint-Didier-sur-Beaujeu, Beaujeu, Quinci\u00e9-en-Beaujolais et Odenas.<\/li>\n<li>La\u00a0<a href=\"https:\/\/fra01.safelinks.protection.outlook.com\/?url=https%3A%2F%2Fwww.carsdurhone.fr%2Fsites%2Fcarsdurhone%2Ffiles%2Flines%2F2023-08%2F238-FLEURIE%2520-%2520BELLEVILLE%2520EN%2520BEAUJOLAIS%25202023-2024%2520v5.pdf&amp;data=05%7C01%7Cj.corsan%40belleville-en-beaujolais.fr%7C5712f57b0e28489de7b808dbb5ef7db4%7C7eaf81bb3892404aa84f9ec64972707a%7C0%7C0%7C638303812430002813%7CUnknown%7CTWFpbGZsb3d8eyJWIjoiMC4wLjAwMDAiLCJQIjoiV2luMzIiLCJBTiI6Ik1haWwiLCJXVCI6Mn0%3D%7C3000%7C%7C%7C&amp;sdata=%2FZqwu5KkyIYTvLv5oZCdUxKNEZ%2B1A7%2Bt709SrX%2Fpah8%3D&amp;reserved=0\">ligne 238<\/a><strong>\u00a0Belleville-en-Beaujolais &lt;&gt; Fleurie<\/strong>\u00a0dessert les communes de Villi\u00e9-Morgon, Lanci\u00e9 et la gare SNCF de Roman\u00e8che-Thorins.<\/li>\n<\/ul>\n<p>Retrouvez toutes les informations sur le r\u00e9seau Cars du Rh\u00f4ne\u00a0<a href=\"https:\/\/fra01.safelinks.protection.outlook.com\/?url=https%3A%2F%2Fwww.carsdurhone.fr%2F&amp;data=05%7C01%7Cj.corsan%40belleville-en-beaujolais.fr%7C5712f57b0e28489de7b808dbb5ef7db4%7C7eaf81bb3892404aa84f9ec64972707a%7C0%7C0%7C638303812430002813%7CUnknown%7CTWFpbGZsb3d8eyJWIjoiMC4wLjAwMDAiLCJQIjoiV2luMzIiLCJBTiI6Ik1haWwiLCJXVCI6Mn0%3D%7C3000%7C%7C%7C&amp;sdata=DjEZo8vd5d0YzXjSigGI%2FpZbvjg%2FuZZVS1zrhLAyIxA%3D&amp;reserved=0\">ici<\/a>.<\/p>\n<p>[\/et_pb_text][et_pb_image src=\u00a0\u00bbhttps:\/\/ricom-collectivites3.com\/ccsb\/wp-content\/uploads\/2023\/12\/Reseau-Cars-du-Rhone-CC-Saone-Beaujolais-scaled.jpg\u00a0\u00bb title_text=\u00a0\u00bbR\u00e9seau Cars du Rh\u00f4ne &#8211; CC Sa\u00f4ne Beaujolais\u00a0\u00bb _builder_version=\u00a0\u00bb4.23.1&Prime; _module_preset=\u00a0\u00bbdefault\u00a0\u00bb global_colors_info=\u00a0\u00bb{}\u00a0\u00bb][\/et_pb_image][et_pb_text admin_label=\u00a0\u00bbCorps de texte\u00a0\u00bb _builder_version=\u00a0\u00bb4.23.4&Prime; _module_preset=\u00a0\u00bbdefault\u00a0\u00bb locked=\u00a0\u00bboff\u00a0\u00bb global_colors_info=\u00a0\u00bb{}\u00a0\u00bb]<\/p>\n<blockquote>\n<p>Quelques lignes de cars de la r\u00e9gion Auvergne Rh\u00f4ne-Alpes ont pour terminus Belleville-en-Beaujolais. Ces lignes traversent notamment le d\u00e9partement de l\u2019Ain et quatre d\u2019entre elles relient la gare de Belleville-en-Beaujolais avec la commune de Gu\u00e9reins.\u00a0<\/p>\n<\/blockquote>\n<ul>\n<li>La\u00a0<a href=\"https:\/\/fra01.safelinks.protection.outlook.com\/?url=https%3A%2F%2Fwww.laregionvoustransporte.fr%2Flignes%2Fx25-villefranche-macon-tgv&amp;data=05%7C01%7Cj.corsan%40belleville-en-beaujolais.fr%7C5712f57b0e28489de7b808dbb5ef7db4%7C7eaf81bb3892404aa84f9ec64972707a%7C0%7C0%7C638303812430002813%7CUnknown%7CTWFpbGZsb3d8eyJWIjoiMC4wLjAwMDAiLCJQIjoiV2luMzIiLCJBTiI6Ik1haWwiLCJXVCI6Mn0%3D%7C3000%7C%7C%7C&amp;sdata=0CqGr3S5H7twYGN5wgRWsjb%2B7NVHFHQnEpER5RgrfUk%3D&amp;reserved=0\">ligne X25<\/a><strong>\u00a0Villefranche-sur-Sa\u00f4ne &lt;&gt; Belleville-en-Beaujolais &lt;&gt; M\u00e2con Loch\u00e9 TGV<\/strong> est g\u00e9r\u00e9e par la R\u00e9gion Auvergne Rh\u00f4ne-Alpes et permet les correspondances avec les TGV partant et arrivant en gare de M\u00e2con Loch\u00e9 TGV.<\/li>\n<li>La\u00a0<a href=\"https:\/\/www.laregionvoustransporte.fr\/media\/2029\/download?inline=inline\">ligne A13 <\/a><strong>\u00a0Saint-Germain-au-Mont-D\u2019or &lt;&gt; Belleville-en-Beaujolais <\/strong>est g\u00e9r\u00e9e par la R\u00e9gion Auvergne Rh\u00f4ne-Alpes et dessert le Champ de Foire et la gare SNCF de Belleville-en-Beaujolais.<\/li>\n<li>La\u00a0<a href=\"https:\/\/www.laregionvoustransporte.fr\/media\/2030\/download?inline=inline\">ligne A14 <\/a><strong>\u00a0M\u00e2con &lt;&gt; Belleville-en-Beaujolais <\/strong>est g\u00e9r\u00e9e par la R\u00e9gion Auvergne Rh\u00f4ne-Alpes et dessert le Champ de Foire et la gare SNCF de Belleville-en-Beaujolais.<\/li>\n<li>La\u00a0<a href=\"https:\/\/www.laregionvoustransporte.fr\/media\/2050\/download?inline=inline\">ligne A20 <\/a><strong>\u00a0Bourg-en-Bresse &lt;&gt; Belleville-en-Beaujolais <\/strong>est g\u00e9r\u00e9e par la R\u00e9gion Auvergne Rh\u00f4ne-Alpes et dessert le Champ de Foire et la gare SNCF de Belleville-en-Beaujolais.<\/li>\n<li>La\u00a0<a href=\"https:\/\/transportsdelain.fr\/wp-content\/uploads\/RARA-AIN-Fiche-horaires-2023-2024-A91-web.pdf\">ligne A91 <\/a><strong>\u00a0Villars-les-Dombes &lt;&gt; Saint-Trivier &lt;&gt; Belleville-en-Beaujolais <\/strong>est g\u00e9r\u00e9e par la R\u00e9gion Auvergne Rh\u00f4ne-Alpes et dessert la gare SNCF de Belleville-en-Beaujolais.<\/li>\n<\/ul>\n<p>Retrouvez toutes les informations sur les cars de la R\u00e9gion Auvergne-Rh\u00f4ne-Alpes <a href=\"https:\/\/www.laregionvoustransporte.fr\">ici<\/a>.<\/p>\n<h3>Les trains express r\u00e9gionaux (TER SNCF) et les gares du territoire<\/h3>\n<p>Le territoire de la Communaut\u00e9 de Communes Sa\u00f4ne-Beaujolais est travers\u00e9 par la ligne de train reliant Lyon \u00e0 Dijon via M\u00e2con (fiche horaire de la ligne <a href=\"https:\/\/ter-fiches-horaires.sncf.fr\/publish\/Fiche_horaires_Dijon_Macon_Lyon_SA2024_V2.pdf\">ici<\/a>).<\/p>\n<p>Deux gares sont situ\u00e9es sur le territoire de la Communaut\u00e9 de Communes Sa\u00f4ne-Beaujolais\u00a0: Belleville-en-Beaujolais et Saint-Georges-de-Reneins.<\/p>\n<p>Le p\u00f4le gare de Belleville-en-Beaujolais dispose en plus de la ligne de TER, de correspondances avec plusieurs lignes du r\u00e9seau des Cars du Rh\u00f4ne (LR117, LR234, LR235 et LR 238) et de la R\u00e9gion (X25, A13, A14, A20 et A91). Plusieurs parkings totalisant un total de 650 places de stationnement voiture, 49 places de stationnement v\u00e9lo en consigne collective et 16 appuis v\u00e9los compl\u00e8tent le p\u00f4le d\u2019\u00e9change multimodal.<\/p>\n<p>Retrouvez toutes les informations sur la gare de Belleville-en-Beaujolais <a href=\"https:\/\/www.garesetconnexions.sncf\/fr\/gares-services\/belleville-saone\">ici<\/a>.<\/p>\n<p>La gare de Saint-Georges-de-Reneins dispose de 125 places de stationnement voiture et 4 consignes individuelles de stationnement v\u00e9lo. La ligne r\u00e9guli\u00e8re 117 passe \u00e0 400m de la gare.<\/p>\n<p>Retrouvez toutes les informations sur la gare de Saint-Georges-de-Reneins <a href=\"https:\/\/www.garesetconnexions.sncf\/fr\/gares-services\/saint-georges-reneins\">ici<\/a>.\u00a0<\/p>\n<p>Tous les renseignements sur les horaires des trains en r\u00e9gion Auvergne-Rh\u00f4ne-Alpes\u00a0<a href=\"https:\/\/www.ter.sncf.com\/auvergne-rhone-alpes\">ici<\/a><span>.<\/span>\u00a0<\/p>\n<h4>Le transport scolaire<\/h4>\n<p>Le transport scolaire est g\u00e9r\u00e9 par SYTRAL Mobilit\u00e9s, les lignes scolaires sont nomm\u00e9es \u00ab Lignes fr\u00e9quences \u00bb. Retrouver toutes les informations et fiches horaire des lignes de transport scolaire <a href=\"https:\/\/www.carsdurhone.fr\/lignes-horaires\">ici<\/a>.<\/p>\n<p>[\/et_pb_text][\/et_pb_column][et_pb_column type=\u00a0\u00bb1_3&Prime; _builder_version=\u00a0\u00bb4.20.4&Prime; _module_preset=\u00a0\u00bbdefault\u00a0\u00bb global_colors_info=\u00a0\u00bb{}\u00a0\u00bb][et_pb_code module_id=\u00a0\u00bbpartager\u00a0\u00bb _builder_version=\u00a0\u00bb4.23.1&Prime; _module_preset=\u00a0\u00bbdefault\u00a0\u00bb text_orientation=\u00a0\u00bbcenter\u00a0\u00bb custom_margin=\u00a0\u00bb||10px||false|false\u00a0\u00bb custom_padding=\u00a0\u00bb||10px||false|false\u00a0\u00bb border_style_bottom=\u00a0\u00bbdotted\u00a0\u00bb global_module=\u00a0\u00bb2806&Prime; saved_tabs=\u00a0\u00bball\u00a0\u00bb locked=\u00a0\u00bboff\u00a0\u00bb global_colors_info=\u00a0\u00bb{}\u00a0\u00bb]<span class=\"partager\">Partager ce contenu<\/span><!-- [et_pb_line_break_holder] --><div class=\"heateor_sss_sharing_container heateor_sss_horizontal_sharing\" data-heateor-ss-offset=\"0\" data-heateor-sss-href='https:\/\/ricom-collectivites3.com\/ccsb\/index.php?rest_route=%2Fwp%2Fv2%2Fpages%2F481'><div class=\"heateor_sss_sharing_ul\"><a aria-label=\"Facebook\" class=\"heateor_sss_facebook\" href=\"https:\/\/www.facebook.com\/sharer\/sharer.php?u=https%3A%2F%2Fricom-collectivites3.com%2Fccsb%2Findex.php%3Frest_route%3D%252Fwp%252Fv2%252Fpages%252F481\" title=\"Facebook\" rel=\"nofollow noopener\" target=\"_blank\" style=\"font-size:32px!important;box-shadow:none;display:inline-block;vertical-align:middle\"><span class=\"heateor_sss_svg\" style=\"background-color:#0765FE;width:30px;height:30px;border-radius:999px;display:inline-block;opacity:1;float:left;font-size:32px;box-shadow:none;display:inline-block;font-size:16px;padding:0 4px;vertical-align:middle;background-repeat:repeat;overflow:hidden;padding:0;cursor:pointer;box-sizing:content-box\"><svg style=\"display:block;border-radius:999px;\" focusable=\"false\" aria-hidden=\"true\" xmlns=\"http:\/\/www.w3.org\/2000\/svg\" width=\"100%\" height=\"100%\" viewBox=\"0 0 32 32\"><path fill=\"#fff\" d=\"M28 16c0-6.627-5.373-12-12-12S4 9.373 4 16c0 5.628 3.875 10.35 9.101 11.647v-7.98h-2.474V16H13.1v-1.58c0-4.085 1.849-5.978 5.859-5.978.76 0 2.072.15 2.608.298v3.325c-.283-.03-.775-.045-1.386-.045-1.967 0-2.728.745-2.728 2.683V16h3.92l-.673 3.667h-3.247v8.245C23.395 27.195 28 22.135 28 16Z\"><\/path><\/svg><\/span><\/a><a aria-label=\"Linkedin\" class=\"heateor_sss_button_linkedin\" href=\"https:\/\/www.linkedin.com\/sharing\/share-offsite\/?url=https%3A%2F%2Fricom-collectivites3.com%2Fccsb%2Findex.php%3Frest_route%3D%252Fwp%252Fv2%252Fpages%252F481\" title=\"Linkedin\" rel=\"nofollow noopener\" target=\"_blank\" style=\"font-size:32px!important;box-shadow:none;display:inline-block;vertical-align:middle\"><span class=\"heateor_sss_svg heateor_sss_s__default heateor_sss_s_linkedin\" style=\"background-color:#0077b5;width:30px;height:30px;border-radius:999px;display:inline-block;opacity:1;float:left;font-size:32px;box-shadow:none;display:inline-block;font-size:16px;padding:0 4px;vertical-align:middle;background-repeat:repeat;overflow:hidden;padding:0;cursor:pointer;box-sizing:content-box\"><svg style=\"display:block;border-radius:999px;\" focusable=\"false\" aria-hidden=\"true\" xmlns=\"http:\/\/www.w3.org\/2000\/svg\" width=\"100%\" height=\"100%\" viewBox=\"0 0 32 32\"><path d=\"M6.227 12.61h4.19v13.48h-4.19V12.61zm2.095-6.7a2.43 2.43 0 0 1 0 4.86c-1.344 0-2.428-1.09-2.428-2.43s1.084-2.43 2.428-2.43m4.72 6.7h4.02v1.84h.058c.56-1.058 1.927-2.176 3.965-2.176 4.238 0 5.02 2.792 5.02 6.42v7.395h-4.183v-6.56c0-1.564-.03-3.574-2.178-3.574-2.18 0-2.514 1.7-2.514 3.46v6.668h-4.187V12.61z\" fill=\"#fff\"><\/path><\/svg><\/span><\/a><a aria-label=\"Whatsapp\" class=\"heateor_sss_whatsapp\" href=\"https:\/\/api.whatsapp.com\/send?text=En%20transport%20en%20commun%20https%3A%2F%2Fricom-collectivites3.com%2Fccsb%2Findex.php%3Frest_route%3D%252Fwp%252Fv2%252Fpages%252F481\" title=\"Whatsapp\" rel=\"nofollow noopener\" target=\"_blank\" style=\"font-size:32px!important;box-shadow:none;display:inline-block;vertical-align:middle\"><span class=\"heateor_sss_svg\" style=\"background-color:#55eb4c;width:30px;height:30px;border-radius:999px;display:inline-block;opacity:1;float:left;font-size:32px;box-shadow:none;display:inline-block;font-size:16px;padding:0 4px;vertical-align:middle;background-repeat:repeat;overflow:hidden;padding:0;cursor:pointer;box-sizing:content-box\"><svg style=\"display:block;border-radius:999px;\" focusable=\"false\" aria-hidden=\"true\" xmlns=\"http:\/\/www.w3.org\/2000\/svg\" width=\"100%\" height=\"100%\" viewBox=\"-6 -5 40 40\"><path class=\"heateor_sss_svg_stroke heateor_sss_no_fill\" stroke=\"#fff\" stroke-width=\"2\" fill=\"none\" d=\"M 11.579798566743314 24.396926207859085 A 10 10 0 1 0 6.808479557110079 20.73576436351046\"><\/path><path d=\"M 7 19 l -1 6 l 6 -1\" class=\"heateor_sss_no_fill heateor_sss_svg_stroke\" stroke=\"#fff\" stroke-width=\"2\" fill=\"none\"><\/path><path d=\"M 10 10 q -1 8 8 11 c 5 -1 0 -6 -1 -3 q -4 -3 -5 -5 c 4 -2 -1 -5 -1 -4\" fill=\"#fff\"><\/path><\/svg><\/span><\/a><a aria-label=\"Instagram\" class=\"heateor_sss_button_instagram\" href=\"https:\/\/www.instagram.com\/\" title=\"Instagram\" rel=\"nofollow noopener\" target=\"_blank\" style=\"font-size:32px!important;box-shadow:none;display:inline-block;vertical-align:middle\"><span class=\"heateor_sss_svg\" style=\"background-color:#53beee;width:30px;height:30px;border-radius:999px;display:inline-block;opacity:1;float:left;font-size:32px;box-shadow:none;display:inline-block;font-size:16px;padding:0 4px;vertical-align:middle;background-repeat:repeat;overflow:hidden;padding:0;cursor:pointer;box-sizing:content-box\"><svg style=\"display:block;border-radius:999px;\" version=\"1.1\" viewBox=\"-10 -10 148 148\" width=\"100%\" height=\"100%\" xml:space=\"preserve\" xmlns=\"http:\/\/www.w3.org\/2000\/svg\" xmlns:xlink=\"http:\/\/www.w3.org\/1999\/xlink\"><g><g><path d=\"M86,112H42c-14.336,0-26-11.663-26-26V42c0-14.337,11.664-26,26-26h44c14.337,0,26,11.663,26,26v44 C112,100.337,100.337,112,86,112z M42,24c-9.925,0-18,8.074-18,18v44c0,9.925,8.075,18,18,18h44c9.926,0,18-8.075,18-18V42 c0-9.926-8.074-18-18-18H42z\" fill=\"#fff\"><\/path><\/g><g><path d=\"M64,88c-13.234,0-24-10.767-24-24c0-13.234,10.766-24,24-24s24,10.766,24,24C88,77.233,77.234,88,64,88z M64,48c-8.822,0-16,7.178-16,16s7.178,16,16,16c8.822,0,16-7.178,16-16S72.822,48,64,48z\" fill=\"#fff\"><\/path><\/g><g><circle cx=\"89.5\" cy=\"38.5\" fill=\"#fff\" r=\"5.5\"><\/circle><\/g><\/g><\/svg><\/span><\/a><a aria-label=\"X\" class=\"heateor_sss_button_x\" href=\"https:\/\/twitter.com\/intent\/tweet?text=En%20transport%20en%20commun&url=https%3A%2F%2Fricom-collectivites3.com%2Fccsb%2Findex.php%3Frest_route%3D%252Fwp%252Fv2%252Fpages%252F481\" title=\"X\" rel=\"nofollow noopener\" target=\"_blank\" style=\"font-size:32px!important;box-shadow:none;display:inline-block;vertical-align:middle\"><span class=\"heateor_sss_svg heateor_sss_s__default heateor_sss_s_x\" style=\"background-color:#2a2a2a;width:30px;height:30px;border-radius:999px;display:inline-block;opacity:1;float:left;font-size:32px;box-shadow:none;display:inline-block;font-size:16px;padding:0 4px;vertical-align:middle;background-repeat:repeat;overflow:hidden;padding:0;cursor:pointer;box-sizing:content-box\"><svg width=\"100%\" height=\"100%\" style=\"display:block;border-radius:999px;\" focusable=\"false\" aria-hidden=\"true\" xmlns=\"http:\/\/www.w3.org\/2000\/svg\" viewBox=\"0 0 32 32\"><path fill=\"#fff\" d=\"M21.751 7h3.067l-6.7 7.658L26 25.078h-6.172l-4.833-6.32-5.531 6.32h-3.07l7.167-8.19L6 7h6.328l4.37 5.777L21.75 7Zm-1.076 16.242h1.7L11.404 8.74H9.58l11.094 14.503Z\"><\/path><\/svg><\/span><\/a><a aria-label=\"Print\" class=\"heateor_sss_button_print\" href=\"https:\/\/ricom-collectivites3.com\/ccsb\/index.php?rest_route=%2Fwp%2Fv2%2Fpages%2F481\" onclick=\"event.preventDefault();window.print()\" title=\"Print\" rel=\"noopener\" style=\"font-size:32px!important;box-shadow:none;display:inline-block;vertical-align:middle\"><span class=\"heateor_sss_svg heateor_sss_s__default heateor_sss_s_print\" style=\"background-color:#fd6500;width:30px;height:30px;border-radius:999px;display:inline-block;opacity:1;float:left;font-size:32px;box-shadow:none;display:inline-block;font-size:16px;padding:0 4px;vertical-align:middle;background-repeat:repeat;overflow:hidden;padding:0;cursor:pointer;box-sizing:content-box\"><svg style=\"display:block;border-radius:999px;\" focusable=\"false\" aria-hidden=\"true\" xmlns=\"http:\/\/www.w3.org\/2000\/svg\" width=\"100%\" height=\"100%\" viewBox=\"-2.8 -4.5 35 35\"><path stroke=\"#fff\" class=\"heateor_sss_svg_stroke\" d=\"M 7 10 h 2 v 3 h 12 v -3 h 2 v 7 h -2 v -3 h -12 v 3 h -2 z\" stroke-width=\"1\" fill=\"#fff\"><\/path><rect class=\"heateor_sss_no_fill heateor_sss_svg_stroke\" stroke=\"#fff\" stroke-width=\"1.8\" height=\"7\" width=\"10\" x=\"10\" y=\"5\" fill=\"none\"><\/rect><rect class=\"heateor_sss_svg_stroke\" stroke=\"#fff\" stroke-width=\"1\" height=\"5\" width=\"8\" x=\"11\" y=\"16\" fill=\"#fff\"><\/rect><\/svg><\/span><\/a><\/div><div class=\"heateorSssClear\"><\/div><\/div>[\/et_pb_code][et_pb_text admin_label=\u00a0\u00bbBloc de t\u00e9l\u00e9chargement\u00a0\u00bb module_class=\u00a0\u00bbtelechargement\u00a0\u00bb _builder_version=\u00a0\u00bb4.23.4&Prime; _module_preset=\u00a0\u00bbdefault\u00a0\u00bb background_enable_color=\u00a0\u00bboff\u00a0\u00bb background_enable_image=\u00a0\u00bboff\u00a0\u00bb background_size=\u00a0\u00bbinitial\u00a0\u00bb background_position=\u00a0\u00bbtop_left\u00a0\u00bb custom_padding=\u00a0\u00bb0px|20px|20px|20px|false|true\u00a0\u00bb global_colors_info=\u00a0\u00bb{}\u00a0\u00bb]<\/p>\n<p><span class=\"tt_tel\">Documents<br \/><strong>\u00e0 t\u00e9l\u00e9charger<\/strong><\/span><\/p>\n<ul>\n<li><a href=\"https:\/\/ricom-collectivites3.com\/ccsb\/wp-content\/uploads\/2023\/12\/234-BELLEVILLE-EN-BEAUJOLAIS-BELLEVILLE-EN-BEAUJOLAIS-2023-2024-v2.pdf\">Plan des lignes de cars Sa\u00f4ne-Beaujolais<\/a><\/li>\n<\/ul>\n<p>[\/et_pb_text][et_pb_text admin_label=\u00a0\u00bbBloc contact\u00a0\u00bb module_class=\u00a0\u00bbsidebar_contact\u00a0\u00bb _builder_version=\u00a0\u00bb4.23.4&Prime; _module_preset=\u00a0\u00bbdefault\u00a0\u00bb text_font=\u00a0\u00bb||||||||\u00a0\u00bb text_font_size=\u00a0\u00bb1.1em\u00a0\u00bb text_line_height=\u00a0\u00bb1.3em\u00a0\u00bb header_4_font=\u00a0\u00bb|800|||||||\u00a0\u00bb background_color=\u00a0\u00bb#FFFFFF\u00a0\u00bb custom_padding=\u00a0\u00bb0px|30px|17px|30px|false|true\u00a0\u00bb border_width_all=\u00a0\u00bb1px\u00a0\u00bb border_style_all=\u00a0\u00bbdotted\u00a0\u00bb locked=\u00a0\u00bboff\u00a0\u00bb global_colors_info=\u00a0\u00bb{}\u00a0\u00bb]<\/p>\n<h3>Votre<br \/><strong>Contact<\/strong><\/h3>\n<p>&nbsp;<\/p>\n<p><strong><span class=\"contact_service\">Service Mobilit\u00e9s<\/span><\/strong><br \/><span class=\"contact_adresse\">105, rue de la R\u00e9publique<br \/>69220 Belleville-en-Beaujolais<\/span><\/p>\n<p><span class=\"contact_telephone\">04 74 66 35 98<\/span><br \/><span class=\"contact_mail\">mobilite@ccsb-saonebeaujolais.fr<\/span><\/p>\n<p>[\/et_pb_text][\/et_pb_column][\/et_pb_row][\/et_pb_section]<\/p>\n","protected":false},"excerpt":{"rendered":"<p>Le r\u00e9seau des Cars du Rh\u00f4ne est g\u00e9r\u00e9 par SYTRAL Mobilit\u00e9s dont la Communaut\u00e9 de Communes Sa\u00f4ne-Beaujolais est membre. Cinq lignes du r\u00e9seau Cars du Rh\u00f4ne desservent le territoire de la CCSB et offrent des liaisons avec les diff\u00e9rents p\u00f4les urbains du territoire\u00a0: La\u00a0ligne 117\u00a0Belleville-en-Beaujolais &lt;&gt; Villefranche-sur-Sa\u00f4ne dessert la commune de Saint-Georges-de-Reneins. Anciennement 118, la [&hellip;]<\/p>\n","protected":false},"author":1,"featured_media":0,"parent":298,"menu_order":0,"comment_status":"open","ping_status":"closed","template":"","meta":{"_acf_changed":false,"_et_pb_use_builder":"on","_et_pb_old_content":"","_et_gb_content_width":"","_relevanssi_hide_post":"","_relevanssi_hide_content":"","_relevanssi_pin_for_all":"","_relevanssi_pin_keywords":"","_relevanssi_unpin_keywords":"","_relevanssi_related_keywords":"","_relevanssi_related_include_ids":"","_relevanssi_related_exclude_ids":"","_relevanssi_related_no_append":"","_relevanssi_related_not_related":"","_relevanssi_related_posts":"","_relevanssi_noindex_reason":"","footnotes":""},"class_list":["post-481","page","type-page","status-publish","hentry"],"acf":[],"_links":{"self":[{"href":"https:\/\/ricom-collectivites3.com\/ccsb\/index.php?rest_route=\/wp\/v2\/pages\/481","targetHints":{"allow":["GET"]}}],"collection":[{"href":"https:\/\/ricom-collectivites3.com\/ccsb\/index.php?rest_route=\/wp\/v2\/pages"}],"about":[{"href":"https:\/\/ricom-collectivites3.com\/ccsb\/index.php?rest_route=\/wp\/v2\/types\/page"}],"author":[{"embeddable":true,"href":"https:\/\/ricom-collectivites3.com\/ccsb\/index.php?rest_route=\/wp\/v2\/users\/1"}],"replies":[{"embeddable":true,"href":"https:\/\/ricom-collectivites3.com\/ccsb\/index.php?rest_route=%2Fwp%2Fv2%2Fcomments&post=481"}],"version-history":[{"count":13,"href":"https:\/\/ricom-collectivites3.com\/ccsb\/index.php?rest_route=\/wp\/v2\/pages\/481\/revisions"}],"predecessor-version":[{"id":4190,"href":"https:\/\/ricom-collectivites3.com\/ccsb\/index.php?rest_route=\/wp\/v2\/pages\/481\/revisions\/4190"}],"up":[{"embeddable":true,"href":"https:\/\/ricom-collectivites3.com\/ccsb\/index.php?rest_route=\/wp\/v2\/pages\/298"}],"wp:attachment":[{"href":"https:\/\/ricom-collectivites3.com\/ccsb\/index.php?rest_route=%2Fwp%2Fv2%2Fmedia&parent=481"}],"curies":[{"name":"wp","href":"https:\/\/api.w.org\/{rel}","templated":true}]}}