{"id":3879,"date":"2024-01-16T12:56:00","date_gmt":"2024-01-16T12:56:00","guid":{"rendered":"https:\/\/ricom-web7.com\/ccsb\/?page_id=3879"},"modified":"2024-02-01T07:24:07","modified_gmt":"2024-02-01T07:24:07","slug":"bowatts","status":"publish","type":"page","link":"https:\/\/ricom-collectivites3.com\/ccsb\/?page_id=3879","title":{"rendered":"B\u00f4Watts"},"content":{"rendered":"<p>[et_pb_section fb_built=\u00a0\u00bb1&Prime; module_class=\u00a0\u00bbfd_raye\u00a0\u00bb _builder_version=\u00a0\u00bb4.20.4&Prime; _module_preset=\u00a0\u00bbdefault\u00a0\u00bb background_enable_color=\u00a0\u00bboff\u00a0\u00bb background_image=\u00a0\u00bbhttps:\/\/ricom-collectivites3.com\/ccsb\/wp-content\/uploads\/2023\/10\/bandeau2.jpg\u00a0\u00bb custom_padding=\u00a0\u00bb62px||0px|||\u00a0\u00bb locked=\u00a0\u00bboff\u00a0\u00bb global_colors_info=\u00a0\u00bb{}\u00a0\u00bb][et_pb_row _builder_version=\u00a0\u00bb4.20.4&Prime; _module_preset=\u00a0\u00bbdefault\u00a0\u00bb background_color=\u00a0\u00bb#FFFFFF\u00a0\u00bb width=\u00a0\u00bb100%\u00a0\u00bb max_width=\u00a0\u00bb1150px\u00a0\u00bb module_alignment=\u00a0\u00bbcenter\u00a0\u00bb custom_padding=\u00a0\u00bb23px|25px|0px|25px|false|true\u00a0\u00bb global_colors_info=\u00a0\u00bb{}\u00a0\u00bb][et_pb_column type=\u00a0\u00bb4_4&Prime; _builder_version=\u00a0\u00bb4.20.4&Prime; _module_preset=\u00a0\u00bbdefault\u00a0\u00bb global_colors_info=\u00a0\u00bb{}\u00a0\u00bb][et_pb_post_title _builder_version=\u00a0\u00bb4.20.4&Prime; _module_preset=\u00a0\u00bbdefault\u00a0\u00bb locked=\u00a0\u00bbon\u00a0\u00bb global_colors_info=\u00a0\u00bb{}\u00a0\u00bb][\/et_pb_post_title][\/et_pb_column][\/et_pb_row][\/et_pb_section][et_pb_section fb_built=\u00a0\u00bb1&Prime; _builder_version=\u00a0\u00bb4.20.4&Prime; _module_preset=\u00a0\u00bbdefault\u00a0\u00bb custom_padding=\u00a0\u00bb28px|||||\u00a0\u00bb global_colors_info=\u00a0\u00bb{}\u00a0\u00bb][et_pb_row column_structure=\u00a0\u00bb2_3,1_3&Prime; use_custom_gutter=\u00a0\u00bbon\u00a0\u00bb gutter_width=\u00a0\u00bb2&Prime; _builder_version=\u00a0\u00bb4.20.4&Prime; _module_preset=\u00a0\u00bbdefault\u00a0\u00bb width=\u00a0\u00bb100%\u00a0\u00bb max_width=\u00a0\u00bb1100px\u00a0\u00bb custom_padding=\u00a0\u00bb0px|||||\u00a0\u00bb global_colors_info=\u00a0\u00bb{}\u00a0\u00bb][et_pb_column type=\u00a0\u00bb2_3&Prime; _builder_version=\u00a0\u00bb4.20.4&Prime; _module_preset=\u00a0\u00bbdefault\u00a0\u00bb global_colors_info=\u00a0\u00bb{}\u00a0\u00bb][et_pb_text admin_label=\u00a0\u00bbCorps de texte\u00a0\u00bb _builder_version=\u00a0\u00bb4.24.0&Prime; _module_preset=\u00a0\u00bbdefault\u00a0\u00bb hover_enabled=\u00a0\u00bb0&Prime; locked=\u00a0\u00bboff\u00a0\u00bb global_colors_info=\u00a0\u00bb{}\u00a0\u00bb sticky_enabled=\u00a0\u00bb0&Prime;]<\/p>\n<h2>B\u00f4Watts\u00a0: l\u2019\u00e9lectricit\u00e9 verte du Beaujolais<\/h2>\n<p>Dans le cadre de sa strat\u00e9gie de r\u00e9appropriation publique et citoyenne de la question \u00e9nerg\u00e9tique, la CCSB a souhait\u00e9 lancer une marque locale d\u2019\u00e9lectricit\u00e9 verte, intitul\u00e9e B\u00f4Watts.<\/p>\n<p>L\u2019objectif \u00e0 terme de B\u00f4Watts est de cr\u00e9er un \u00ab\u00a0circuit court\u00a0\u00bb de l\u2019\u00e9lectricit\u00e9 en rapprochant les sites de production des consommateurs et ainsi, de maitriser le co\u00fbt de vente du kWh d\u2019\u00e9lectricit\u00e9. La CCSB d\u00e9veloppe actuellement des installations solaires qui viendront alimenter la marque locale.<\/p>\n<p>&nbsp;<\/p>\n<h1 style=\"text-align: center\">Rendez-vous sur le site Internet de la marque :<\/h1>\n<h1 style=\"text-align: center\"><a href=\"https:\/\/www.bowatts-beaujolais.fr\/\" target=\"_blank\" rel=\"noopener\">bowatts-beaujolais.fr<\/a><\/h1>\n<h3><strong><\/strong><\/h3>\n<h3><strong>Qu\u2019est ce que propose l\u2019offre B\u00f4Watts\u00a0?<\/strong><\/h3>\n<ul>\n<li>Une marque locale d\u2019\u00e9lectricit\u00e9 verte\u00a0;<\/li>\n<li>Un service novateur, permettant \u00e0 chacun de se r\u00e9approprier l\u2019\u00e9nergie sur son territoire. Gr\u00e2ce \u00e0 B\u00f4Watts, la collectivit\u00e9 propose une offre pour reprendre le pouvoir sur votre facture \u00e9nerg\u00e9tique et son impact \u00e9cologique\u00a0;<\/li>\n<li>Un contrat de fourniture d\u2019\u00e9lectricit\u00e9 100% verte et d\u2019origine fran\u00e7aise aupr\u00e8s de notre partenaire <strong>Alpiq<\/strong>au m\u00eame prix que l\u2019offre classique et r\u00e8glement\u00e9e\u00a0;<\/li>\n<li>La visualisation en temps r\u00e9el de ses consommations via le capteur nrLINK compos\u00e9 d\u2019un capteur connect\u00e9 au compteur LINKY et d\u2019un afficheur d\u00e9port\u00e9 Adaptez vos gestes en fonction de vos habitudes de vie \u00e0 l\u2019aide des outils de suivi de consommation offerts et r\u00e9alisez\u00a0<strong>jusqu\u2019\u00e0 23% d\u2019\u00e9conomies en \u00e9lectricit\u00e9<\/strong>(d\u2019apr\u00e8s une \u00e9tude du CNRS).<\/li>\n<li>Une plateforme pour analyser ses consommations, voir l\u2019\u00e9tat du r\u00e9seau et obtenir des conseils personnalis\u00e9s.<\/li>\n<\/ul>\n<h3><strong>Qui peut b\u00e9n\u00e9ficier de l\u2019offre B\u00f4Watts ?<\/strong><\/h3>\n<ul>\n<li>Les particuliers habitant dans\u00a0une des 35 communes de la CCSB.<\/li>\n<li>Une offre pour les professionnels bient\u00f4t disponible.<\/li>\n<\/ul>\n<h3><strong>Changer de fournisseur en moins de 5 minutes\u00a0?<\/strong><\/h3>\n<ul>\n<li>L\u2019adh\u00e9sion est sans engagement,<\/li>\n<li>Le changement de fournisseur est gratuit et<\/li>\n<li>Le nouveau fournisseur se charge de r\u00e9silier votre contrat actuel.<\/li>\n<\/ul>\n<p>[\/et_pb_text][et_pb_code _builder_version=\u00a0\u00bb4.23.1&Prime; _module_preset=\u00a0\u00bbdefault\u00a0\u00bb global_colors_info=\u00a0\u00bb{}\u00a0\u00bb][\/et_pb_code][\/et_pb_column][et_pb_column type=\u00a0\u00bb1_3&Prime; _builder_version=\u00a0\u00bb4.20.4&Prime; _module_preset=\u00a0\u00bbdefault\u00a0\u00bb global_colors_info=\u00a0\u00bb{}\u00a0\u00bb][et_pb_image src=\u00a0\u00bbhttps:\/\/ricom-collectivites3.com\/ccsb\/wp-content\/uploads\/2024\/02\/1706028675990-74345c24-157f-428d-be9d-a4b5d0a9d169_1.jpg\u00a0\u00bb _builder_version=\u00a0\u00bb4.24.0&Prime; _module_preset=\u00a0\u00bbdefault\u00a0\u00bb hover_enabled=\u00a0\u00bb0&Prime; sticky_enabled=\u00a0\u00bb0&Prime; title_text=\u00a0\u00bb1706028675990-74345c24-157f-428d-be9d-a4b5d0a9d169_1&Prime;][\/et_pb_image][et_pb_image src=\u00a0\u00bbhttps:\/\/ricom-collectivites3.com\/ccsb\/wp-content\/uploads\/2024\/02\/1706028675990-74345c24-157f-428d-be9d-a4b5d0a9d169_4.jpg\u00a0\u00bb _builder_version=\u00a0\u00bb4.24.0&Prime; _module_preset=\u00a0\u00bbdefault\u00a0\u00bb hover_enabled=\u00a0\u00bb0&Prime; sticky_enabled=\u00a0\u00bb0&Prime; title_text=\u00a0\u00bb1706028675990-74345c24-157f-428d-be9d-a4b5d0a9d169_4&Prime;][\/et_pb_image][et_pb_image src=\u00a0\u00bbhttps:\/\/ricom-collectivites3.com\/ccsb\/wp-content\/uploads\/2024\/02\/1706028675990-74345c24-157f-428d-be9d-a4b5d0a9d169_8.jpg\u00a0\u00bb _builder_version=\u00a0\u00bb4.24.0&Prime; _module_preset=\u00a0\u00bbdefault\u00a0\u00bb hover_enabled=\u00a0\u00bb0&Prime; sticky_enabled=\u00a0\u00bb0&Prime; title_text=\u00a0\u00bb1706028675990-74345c24-157f-428d-be9d-a4b5d0a9d169_8&Prime;][\/et_pb_image][et_pb_image src=\u00a0\u00bbhttps:\/\/ricom-collectivites3.com\/ccsb\/wp-content\/uploads\/2024\/02\/1706028675990-74345c24-157f-428d-be9d-a4b5d0a9d169_3.jpg\u00a0\u00bb _builder_version=\u00a0\u00bb4.24.0&Prime; _module_preset=\u00a0\u00bbdefault\u00a0\u00bb hover_enabled=\u00a0\u00bb0&Prime; sticky_enabled=\u00a0\u00bb0&Prime; title_text=\u00a0\u00bb1706028675990-74345c24-157f-428d-be9d-a4b5d0a9d169_3&Prime;][\/et_pb_image][\/et_pb_column][\/et_pb_row][\/et_pb_section]<\/p>\n","protected":false},"excerpt":{"rendered":"<p>B\u00f4Watts\u00a0: l\u2019\u00e9lectricit\u00e9 verte du Beaujolais Dans le cadre de sa strat\u00e9gie de r\u00e9appropriation publique et citoyenne de la question \u00e9nerg\u00e9tique, la CCSB a souhait\u00e9 lancer une marque locale d\u2019\u00e9lectricit\u00e9 verte, intitul\u00e9e B\u00f4Watts. L\u2019objectif \u00e0 terme de B\u00f4Watts est de cr\u00e9er un \u00ab\u00a0circuit court\u00a0\u00bb de l\u2019\u00e9lectricit\u00e9 en rapprochant les sites de production des consommateurs et ainsi, [&hellip;]<\/p>\n","protected":false},"author":2,"featured_media":0,"parent":301,"menu_order":0,"comment_status":"open","ping_status":"open","template":"","meta":{"_acf_changed":false,"_et_pb_use_builder":"on","_et_pb_old_content":"","_et_gb_content_width":"","_relevanssi_hide_post":"","_relevanssi_hide_content":"","_relevanssi_pin_for_all":"","_relevanssi_pin_keywords":"","_relevanssi_unpin_keywords":"","_relevanssi_related_keywords":"","_relevanssi_related_include_ids":"","_relevanssi_related_exclude_ids":"","_relevanssi_related_no_append":"","_relevanssi_related_not_related":"","_relevanssi_related_posts":"","_relevanssi_noindex_reason":"","footnotes":""},"class_list":["post-3879","page","type-page","status-publish","hentry"],"acf":[],"_links":{"self":[{"href":"https:\/\/ricom-collectivites3.com\/ccsb\/index.php?rest_route=\/wp\/v2\/pages\/3879","targetHints":{"allow":["GET"]}}],"collection":[{"href":"https:\/\/ricom-collectivites3.com\/ccsb\/index.php?rest_route=\/wp\/v2\/pages"}],"about":[{"href":"https:\/\/ricom-collectivites3.com\/ccsb\/index.php?rest_route=\/wp\/v2\/types\/page"}],"author":[{"embeddable":true,"href":"https:\/\/ricom-collectivites3.com\/ccsb\/index.php?rest_route=\/wp\/v2\/users\/2"}],"replies":[{"embeddable":true,"href":"https:\/\/ricom-collectivites3.com\/ccsb\/index.php?rest_route=%2Fwp%2Fv2%2Fcomments&post=3879"}],"version-history":[{"count":4,"href":"https:\/\/ricom-collectivites3.com\/ccsb\/index.php?rest_route=\/wp\/v2\/pages\/3879\/revisions"}],"predecessor-version":[{"id":4417,"href":"https:\/\/ricom-collectivites3.com\/ccsb\/index.php?rest_route=\/wp\/v2\/pages\/3879\/revisions\/4417"}],"up":[{"embeddable":true,"href":"https:\/\/ricom-collectivites3.com\/ccsb\/index.php?rest_route=\/wp\/v2\/pages\/301"}],"wp:attachment":[{"href":"https:\/\/ricom-collectivites3.com\/ccsb\/index.php?rest_route=%2Fwp%2Fv2%2Fmedia&parent=3879"}],"curies":[{"name":"wp","href":"https:\/\/api.w.org\/{rel}","templated":true}]}}