{"id":3871,"date":"2024-01-16T11:15:02","date_gmt":"2024-01-16T11:15:02","guid":{"rendered":"https:\/\/ricom-web7.com\/ccsb\/?page_id=3871"},"modified":"2024-02-01T07:13:14","modified_gmt":"2024-02-01T07:13:14","slug":"photovoltaique","status":"publish","type":"page","link":"https:\/\/ricom-collectivites3.com\/ccsb\/?page_id=3871","title":{"rendered":"Photovolta\u00efque"},"content":{"rendered":"<p>[et_pb_section fb_built=\u00a0\u00bb1&Prime; module_class=\u00a0\u00bbfd_raye\u00a0\u00bb _builder_version=\u00a0\u00bb4.20.4&Prime; _module_preset=\u00a0\u00bbdefault\u00a0\u00bb background_enable_color=\u00a0\u00bboff\u00a0\u00bb background_image=\u00a0\u00bbhttps:\/\/ricom-collectivites3.com\/ccsb\/wp-content\/uploads\/2023\/10\/bandeau2.jpg\u00a0\u00bb custom_padding=\u00a0\u00bb62px||0px|||\u00a0\u00bb locked=\u00a0\u00bboff\u00a0\u00bb global_colors_info=\u00a0\u00bb{}\u00a0\u00bb][et_pb_row _builder_version=\u00a0\u00bb4.20.4&Prime; _module_preset=\u00a0\u00bbdefault\u00a0\u00bb background_color=\u00a0\u00bb#FFFFFF\u00a0\u00bb width=\u00a0\u00bb100%\u00a0\u00bb max_width=\u00a0\u00bb1150px\u00a0\u00bb module_alignment=\u00a0\u00bbcenter\u00a0\u00bb custom_padding=\u00a0\u00bb23px|25px|0px|25px|false|true\u00a0\u00bb global_colors_info=\u00a0\u00bb{}\u00a0\u00bb][et_pb_column type=\u00a0\u00bb4_4&Prime; _builder_version=\u00a0\u00bb4.20.4&Prime; _module_preset=\u00a0\u00bbdefault\u00a0\u00bb global_colors_info=\u00a0\u00bb{}\u00a0\u00bb][et_pb_post_title _builder_version=\u00a0\u00bb4.20.4&Prime; _module_preset=\u00a0\u00bbdefault\u00a0\u00bb locked=\u00a0\u00bbon\u00a0\u00bb global_colors_info=\u00a0\u00bb{}\u00a0\u00bb][\/et_pb_post_title][\/et_pb_column][\/et_pb_row][\/et_pb_section][et_pb_section fb_built=\u00a0\u00bb1&Prime; _builder_version=\u00a0\u00bb4.20.4&Prime; _module_preset=\u00a0\u00bbdefault\u00a0\u00bb custom_padding=\u00a0\u00bb28px|||||\u00a0\u00bb global_colors_info=\u00a0\u00bb{}\u00a0\u00bb][et_pb_row column_structure=\u00a0\u00bb2_3,1_3&Prime; use_custom_gutter=\u00a0\u00bbon\u00a0\u00bb gutter_width=\u00a0\u00bb2&Prime; _builder_version=\u00a0\u00bb4.20.4&Prime; _module_preset=\u00a0\u00bbdefault\u00a0\u00bb width=\u00a0\u00bb100%\u00a0\u00bb max_width=\u00a0\u00bb1100px\u00a0\u00bb custom_padding=\u00a0\u00bb0px|||||\u00a0\u00bb global_colors_info=\u00a0\u00bb{}\u00a0\u00bb][et_pb_column type=\u00a0\u00bb2_3&Prime; _builder_version=\u00a0\u00bb4.20.4&Prime; _module_preset=\u00a0\u00bbdefault\u00a0\u00bb global_colors_info=\u00a0\u00bb{}\u00a0\u00bb][et_pb_text admin_label=\u00a0\u00bbCorps de texte\u00a0\u00bb _builder_version=\u00a0\u00bb4.24.0&Prime; _module_preset=\u00a0\u00bbdefault\u00a0\u00bb hover_enabled=\u00a0\u00bb0&Prime; locked=\u00a0\u00bboff\u00a0\u00bb global_colors_info=\u00a0\u00bb{}\u00a0\u00bb sticky_enabled=\u00a0\u00bb0&Prime;]<\/p>\n<h3>Les grands projets photovolta\u00efques\u00a0: massifier la production<\/h3>\n<p>La Communaut\u00e9 de Communes Sa\u00f4ne-Beaujolais est fortement impliqu\u00e9e pour le d\u00e9veloppement des \u00e9nergies renouvelables. Elle est \u00e9galement consciente de la n\u00e9cessit\u00e9 de passer \u00e0 la vitesse sup\u00e9rieure afin d\u2019atteindre les objectifs ambitieux d\u00e9finis dans ses documents de planification.<\/p>\n<p>La CCSB a fait le choix d\u2019inscrire dans ses statuts la comp\u00e9tence facultative li\u00e9e au d\u00e9veloppement des \u00e9nergies renouvelables. Le conseil communautaire a \u00e9galement d\u00e9fini dans une d\u00e9lib\u00e9ration cadre les modalit\u00e9s de mise en \u0153uvre de sa strat\u00e9gie de massification du photovolta\u00efque sur son territoire.<\/p>\n<p><strong>L\u2019objectif fix\u00e9 est d\u2019installer 50 \u00e0 60 MWc suppl\u00e9mentaires de photovolta\u00efque d\u2019ici 2030, sur des toitures, des ombri\u00e8res et des fonciers priv\u00e9s et publics, en priorit\u00e9 sur des sites d\u00e9grad\u00e9s et d\u00e9laiss\u00e9s.<\/strong><\/p>\n<p>Afin de mener sa strat\u00e9gie de massification photovolta\u00efque, la CCSB a publi\u00e9 en septembre 2021 un appel \u00e0 manifestation d\u2019int\u00e9r\u00eat pour identifier un partenaire technique, producteur d\u2019\u00e9nergie photovolta\u00efque, pour accompagner la CCSB dans cette ambition. La soci\u00e9t\u00e9, Corfu Solaire, groupe Terre et Lac Solaire a \u00e9t\u00e9 retenue pour travailler avec la CCSB.<\/p>\n<h2>La strat\u00e9gie de massification du photovolta\u00efque et le partenariat avec Corfu Solaire visent trois principaux objectifs\u00a0:<\/h2>\n<h3>Massifier et diversifier les sites de production<\/h3>\n<p>Le solaire photovolta\u00efque est l\u2019\u00e9nergie renouvelable qui pr\u00e9sente le plus de potentiel sur le territoire de la CCSB. Son d\u00e9veloppement a donc \u00e9t\u00e9 jug\u00e9 prioritaire en toitures, en ombri\u00e8res et sur des sites au sol d\u00e9grad\u00e9s.<\/p>\n<h3>Se r\u00e9approprier la question \u00e9nerg\u00e9tique et partager la valeur des projets \u00e0 travers un partenariat public-priv\u00e9<\/h3>\n<p>Afin de porter ces projets une soci\u00e9t\u00e9 partenariale (SAS \u00e9nergie) qui associe la Communaut\u00e9 de communes Sa\u00f4ne-Beaujolais, d&rsquo;autres collectivit\u00e9s et Corfu Solaire va \u00eatre cr\u00e9\u00e9e. Cette solution a \u00e9t\u00e9 rendue possible par les lois du 17 ao\u00fbt 2015 relative \u00e0 la transition \u00e9nerg\u00e9tique pour la croissance verte et du 8 novembre 2019 relative \u00e0 l\u2019\u00e9nergie et au climat (dite loi \u00ab Energie-Climat \u00bb). Ce dispositif permet de partager la valeur produite avec les acteurs du territoire, tout en offrant aux collectivit\u00e9s locales une ma\u00eetrise de la strat\u00e9gie et un r\u00e9el pouvoir de d\u00e9cision.<\/p>\n<h3>Innover<\/h3>\n<p>Dans le cadre de son partenariat, la CCSB avait retenu un partenaire en capacit\u00e9 de proposer des solutions innovantes autour du photovolta\u00efque. Deux pistes de travail sont \u00e9tudi\u00e9es\u00a0: un projet agrivolta\u00efque alliant production agricole et \u00e9lectrique et un projet de panneaux verticaux en bordure de route (la \u00ab\u00a0haie\u00a0\u00bb photovolta\u00efque).<\/p>\n<h2>Les toitures publiques<\/h2>\n<p>Des toitures communales et intercommunales ont b\u00e9n\u00e9fici\u00e9 d\u2019installations photovolta\u00efques depuis 2019 en partenariat avec le Syndicat d\u2019Energies du Rh\u00f4ne pour de la production d\u2019\u00e9nergie solaire photovolta\u00efque. 20 installations sont en service sur les communes de Avenas, Azolette, Belleville-en-Beaujolais, Cenves, Corcelles-en-Beaujolais, Drac\u00e9, Fleurie, Julli\u00e9, Marchampt, Monsols, Saint-Cl\u00e9ment-de-Vers, Saint-Jacques-des-Arr\u00eats et Trades. La production s\u2019\u00e9l\u00e8ve en moyenne \u00e0 500 MWh par an pour une puissance install\u00e9e totale de 400kWc.<\/p>\n<p>[\/et_pb_text][et_pb_gallery gallery_ids=\u00a0\u00bb2620&Prime; fullwidth=\u00a0\u00bbon\u00a0\u00bb _builder_version=\u00a0\u00bb4.23.1&Prime; _module_preset=\u00a0\u00bbdefault\u00a0\u00bb global_colors_info=\u00a0\u00bb{}\u00a0\u00bb][\/et_pb_gallery][et_pb_text _builder_version=\u00a0\u00bb4.24.0&Prime; _module_preset=\u00a0\u00bbdefault\u00a0\u00bb hover_enabled=\u00a0\u00bb0&Prime; global_colors_info=\u00a0\u00bb{}\u00a0\u00bb sticky_enabled=\u00a0\u00bb0&Prime;]<\/p>\n<h3>Les grandes toitures priv\u00e9es<\/h3>\n<p>Les grandes toitures priv\u00e9es d\u2019entreprises, d\u2019industries ou encore les hangars agricoles pr\u00e9sentent des potentiels importants pour installer du solaire photovolta\u00efque. En amont, il faut v\u00e9rifier ce potentiel en r\u00e9alisant une \u00e9tude d\u2019opportunit\u00e9 et s\u2019assurer que la structure est assez r\u00e9sistante pour accueillir les panneaux.<\/p>\n<p>Deux principaux mod\u00e8les sont envisageables\u00a0:<\/p>\n<ul>\n<li><strong>Mod\u00e8le propri\u00e9taire<\/strong>: le propri\u00e9taire du b\u00e2timent investit directement dans une installation. Il b\u00e9n\u00e9ficie de la vente d\u2019\u00e9lectricit\u00e9 pendant 20 ans (si vente totale) ou d\u2019\u00e9conomies sur sa facture (si autoconsommation).<\/li>\n<li><strong>Mod\u00e8le locataire<\/strong>: le propri\u00e9taire du b\u00e2timent met sa toiture \u00e0 disposition d\u2019un op\u00e9rateur qui lui verse un loyer pendant la dur\u00e9e du bail de mise \u00e0 disposition.<\/li>\n<\/ul>\n<p><em>\u00a0Vous avez un projet sur une grande toiture, contacter le service climat-\u00e9nergie de la CCSB\u00a0: <a href=\"mailto:d\u00e9veloppementdurable@ccsb-saonebeaujolais.fr\">d\u00e9veloppementdurable@ccsb-saonebeaujolais.fr<\/a><\/em><\/p>\n<p>&nbsp;<\/p>\n<h3>Les toitures des particuliers<\/h3>\n<p><strong><u>Installer des panneaux solaires photovolta\u00efques sur votre maison.<\/u><\/strong><\/p>\n<p>Une installation de 25\u00a0m<sup>2<\/sup> de panneaux photovolta\u00efques peut produire en un an l\u2019\u00e9quivalent de la consommation \u00e9lectrique (hors chauffage, cuisine et eau chaude) d\u2019une famille de 4\u00a0personnes, soit environ 2\u00a0500\u00a0kWh. La production \u00e9lectrique individuelle prend tout son sens quand elle s\u2019int\u00e8gre dans une d\u00e9marche de maitrise de la consommation d\u2019\u00e9nergie\u00a0: utilisation d\u2019\u00e9quipements \u00e9lectriques tr\u00e8s performants, suppression des veilles inutiles, bons gestes d\u2019\u00e9conomies d\u2019\u00e9nergie. Elle peut aussi se combiner avec une r\u00e9novation \u00e9nerg\u00e9tique avec <a href=\"http:\/\/renovenbeaujolais.fr\/\">R\u00e9nov&rsquo;en Beaujolais<\/a>.<\/p>\n<p><strong><u>Vendre ou auto-consommer l&rsquo;\u00e9lectricit\u00e9\u00a0?<\/u><\/strong><\/p>\n<p>Vous pouvez utiliser chez vous l\u2019\u00e9lectricit\u00e9 que vous produisez (auto-consommation totale ou partielle avec vente du surplus) ou la vendre \u00e0 une compagnie d\u2019\u00e9lectricit\u00e9, dans la majorit\u00e9 des cas \u00e0 \u00c9lectricit\u00e9 de France (EDF). Dans les deux cas, un contrat est \u00e9tabli entre vous et la compagnie pour le prix d\u2019achat du kilowattheure que vous produisez.<\/p>\n<p>Le<a href=\"https:\/\/www.photovoltaique.info\/fr\/tarifs-dachat-et-autoconsommation\/tarifs-dachat\/arrete-tarifaire-en-vigueur\/\"> tarif d\u2019achat en vigueur<\/a> au moment de la signature du contrat restera valable pendant toute la dur\u00e9e du contrat (20\u00a0ans).<\/p>\n<p>La CCSB n\u2019apporte pas d\u2019aides directes aux particuliers pour l\u2019installation de solaire photovolta\u00efque car l\u2019Etat apporte d\u00e9j\u00e0 son soutien avec une prime \u00e0 l\u2019investissement et le tarif d\u2019achat pour l\u2019autoconsommation et le tarif d\u2019achat pour la vente totale. Une installation bien dimensionn\u00e9e, est une installation rentable.<\/p>\n<p><strong><u>V\u00e9rifier son devis et choisir un installateur certifi\u00e9<\/u><\/strong><\/p>\n<p>Avant d\u2019investir dans une installation solaire photovolta\u00efque, il est important de consulter plusieurs installateurs et de faire r\u00e9aliser plusieurs devis.<\/p>\n<p>Un outil en ligne gratuit et ind\u00e9pendant vous permettra d\u2019\u00e9valuer votre devis en fonction des caract\u00e9ristiques de votre installation\u00a0: <a href=\"https:\/\/evaluer-mon-devis.photovoltaique.info\/\">https:\/\/evaluer-mon-devis.photovoltaique.info\/<\/a><\/p>\n<p>&nbsp;<\/p>\n<p>[\/et_pb_text][\/et_pb_column][et_pb_column type=\u00a0\u00bb1_3&Prime; _builder_version=\u00a0\u00bb4.20.4&Prime; _module_preset=\u00a0\u00bbdefault\u00a0\u00bb global_colors_info=\u00a0\u00bb{}\u00a0\u00bb][et_pb_code module_id=\u00a0\u00bbpartager\u00a0\u00bb _builder_version=\u00a0\u00bb4.23.1&Prime; _module_preset=\u00a0\u00bbdefault\u00a0\u00bb text_orientation=\u00a0\u00bbcenter\u00a0\u00bb custom_margin=\u00a0\u00bb||10px||false|false\u00a0\u00bb custom_padding=\u00a0\u00bb||10px||false|false\u00a0\u00bb border_style_bottom=\u00a0\u00bbdotted\u00a0\u00bb global_module=\u00a0\u00bb2806&Prime; saved_tabs=\u00a0\u00bball\u00a0\u00bb locked=\u00a0\u00bboff\u00a0\u00bb global_colors_info=\u00a0\u00bb{}\u00a0\u00bb]<span class=\"partager\">Partager ce contenu<\/span><!-- [et_pb_line_break_holder] --><div class=\"heateor_sss_sharing_container heateor_sss_horizontal_sharing\" data-heateor-ss-offset=\"0\" data-heateor-sss-href='https:\/\/ricom-collectivites3.com\/ccsb\/index.php?rest_route=%2Fwp%2Fv2%2Fpages%2F3871'><div class=\"heateor_sss_sharing_ul\"><a aria-label=\"Facebook\" class=\"heateor_sss_facebook\" href=\"https:\/\/www.facebook.com\/sharer\/sharer.php?u=https%3A%2F%2Fricom-collectivites3.com%2Fccsb%2Findex.php%3Frest_route%3D%252Fwp%252Fv2%252Fpages%252F3871\" title=\"Facebook\" rel=\"nofollow noopener\" target=\"_blank\" style=\"font-size:32px!important;box-shadow:none;display:inline-block;vertical-align:middle\"><span class=\"heateor_sss_svg\" style=\"background-color:#0765FE;width:30px;height:30px;border-radius:999px;display:inline-block;opacity:1;float:left;font-size:32px;box-shadow:none;display:inline-block;font-size:16px;padding:0 4px;vertical-align:middle;background-repeat:repeat;overflow:hidden;padding:0;cursor:pointer;box-sizing:content-box\"><svg style=\"display:block;border-radius:999px;\" focusable=\"false\" aria-hidden=\"true\" xmlns=\"http:\/\/www.w3.org\/2000\/svg\" width=\"100%\" height=\"100%\" viewBox=\"0 0 32 32\"><path fill=\"#fff\" d=\"M28 16c0-6.627-5.373-12-12-12S4 9.373 4 16c0 5.628 3.875 10.35 9.101 11.647v-7.98h-2.474V16H13.1v-1.58c0-4.085 1.849-5.978 5.859-5.978.76 0 2.072.15 2.608.298v3.325c-.283-.03-.775-.045-1.386-.045-1.967 0-2.728.745-2.728 2.683V16h3.92l-.673 3.667h-3.247v8.245C23.395 27.195 28 22.135 28 16Z\"><\/path><\/svg><\/span><\/a><a aria-label=\"Linkedin\" class=\"heateor_sss_button_linkedin\" href=\"https:\/\/www.linkedin.com\/sharing\/share-offsite\/?url=https%3A%2F%2Fricom-collectivites3.com%2Fccsb%2Findex.php%3Frest_route%3D%252Fwp%252Fv2%252Fpages%252F3871\" title=\"Linkedin\" rel=\"nofollow noopener\" target=\"_blank\" style=\"font-size:32px!important;box-shadow:none;display:inline-block;vertical-align:middle\"><span class=\"heateor_sss_svg heateor_sss_s__default heateor_sss_s_linkedin\" style=\"background-color:#0077b5;width:30px;height:30px;border-radius:999px;display:inline-block;opacity:1;float:left;font-size:32px;box-shadow:none;display:inline-block;font-size:16px;padding:0 4px;vertical-align:middle;background-repeat:repeat;overflow:hidden;padding:0;cursor:pointer;box-sizing:content-box\"><svg style=\"display:block;border-radius:999px;\" focusable=\"false\" aria-hidden=\"true\" xmlns=\"http:\/\/www.w3.org\/2000\/svg\" width=\"100%\" height=\"100%\" viewBox=\"0 0 32 32\"><path d=\"M6.227 12.61h4.19v13.48h-4.19V12.61zm2.095-6.7a2.43 2.43 0 0 1 0 4.86c-1.344 0-2.428-1.09-2.428-2.43s1.084-2.43 2.428-2.43m4.72 6.7h4.02v1.84h.058c.56-1.058 1.927-2.176 3.965-2.176 4.238 0 5.02 2.792 5.02 6.42v7.395h-4.183v-6.56c0-1.564-.03-3.574-2.178-3.574-2.18 0-2.514 1.7-2.514 3.46v6.668h-4.187V12.61z\" fill=\"#fff\"><\/path><\/svg><\/span><\/a><a aria-label=\"Whatsapp\" class=\"heateor_sss_whatsapp\" href=\"https:\/\/api.whatsapp.com\/send?text=Photovolta%C3%AFque%20https%3A%2F%2Fricom-collectivites3.com%2Fccsb%2Findex.php%3Frest_route%3D%252Fwp%252Fv2%252Fpages%252F3871\" title=\"Whatsapp\" rel=\"nofollow noopener\" target=\"_blank\" style=\"font-size:32px!important;box-shadow:none;display:inline-block;vertical-align:middle\"><span class=\"heateor_sss_svg\" style=\"background-color:#55eb4c;width:30px;height:30px;border-radius:999px;display:inline-block;opacity:1;float:left;font-size:32px;box-shadow:none;display:inline-block;font-size:16px;padding:0 4px;vertical-align:middle;background-repeat:repeat;overflow:hidden;padding:0;cursor:pointer;box-sizing:content-box\"><svg style=\"display:block;border-radius:999px;\" focusable=\"false\" aria-hidden=\"true\" xmlns=\"http:\/\/www.w3.org\/2000\/svg\" width=\"100%\" height=\"100%\" viewBox=\"-6 -5 40 40\"><path class=\"heateor_sss_svg_stroke heateor_sss_no_fill\" stroke=\"#fff\" stroke-width=\"2\" fill=\"none\" d=\"M 11.579798566743314 24.396926207859085 A 10 10 0 1 0 6.808479557110079 20.73576436351046\"><\/path><path d=\"M 7 19 l -1 6 l 6 -1\" class=\"heateor_sss_no_fill heateor_sss_svg_stroke\" stroke=\"#fff\" stroke-width=\"2\" fill=\"none\"><\/path><path d=\"M 10 10 q -1 8 8 11 c 5 -1 0 -6 -1 -3 q -4 -3 -5 -5 c 4 -2 -1 -5 -1 -4\" fill=\"#fff\"><\/path><\/svg><\/span><\/a><a aria-label=\"Instagram\" class=\"heateor_sss_button_instagram\" href=\"https:\/\/www.instagram.com\/\" title=\"Instagram\" rel=\"nofollow noopener\" target=\"_blank\" style=\"font-size:32px!important;box-shadow:none;display:inline-block;vertical-align:middle\"><span class=\"heateor_sss_svg\" style=\"background-color:#53beee;width:30px;height:30px;border-radius:999px;display:inline-block;opacity:1;float:left;font-size:32px;box-shadow:none;display:inline-block;font-size:16px;padding:0 4px;vertical-align:middle;background-repeat:repeat;overflow:hidden;padding:0;cursor:pointer;box-sizing:content-box\"><svg style=\"display:block;border-radius:999px;\" version=\"1.1\" viewBox=\"-10 -10 148 148\" width=\"100%\" height=\"100%\" xml:space=\"preserve\" xmlns=\"http:\/\/www.w3.org\/2000\/svg\" xmlns:xlink=\"http:\/\/www.w3.org\/1999\/xlink\"><g><g><path d=\"M86,112H42c-14.336,0-26-11.663-26-26V42c0-14.337,11.664-26,26-26h44c14.337,0,26,11.663,26,26v44 C112,100.337,100.337,112,86,112z M42,24c-9.925,0-18,8.074-18,18v44c0,9.925,8.075,18,18,18h44c9.926,0,18-8.075,18-18V42 c0-9.926-8.074-18-18-18H42z\" fill=\"#fff\"><\/path><\/g><g><path d=\"M64,88c-13.234,0-24-10.767-24-24c0-13.234,10.766-24,24-24s24,10.766,24,24C88,77.233,77.234,88,64,88z M64,48c-8.822,0-16,7.178-16,16s7.178,16,16,16c8.822,0,16-7.178,16-16S72.822,48,64,48z\" fill=\"#fff\"><\/path><\/g><g><circle cx=\"89.5\" cy=\"38.5\" fill=\"#fff\" r=\"5.5\"><\/circle><\/g><\/g><\/svg><\/span><\/a><a aria-label=\"X\" class=\"heateor_sss_button_x\" href=\"https:\/\/twitter.com\/intent\/tweet?text=Photovolta%C3%AFque&url=https%3A%2F%2Fricom-collectivites3.com%2Fccsb%2Findex.php%3Frest_route%3D%252Fwp%252Fv2%252Fpages%252F3871\" title=\"X\" rel=\"nofollow noopener\" target=\"_blank\" style=\"font-size:32px!important;box-shadow:none;display:inline-block;vertical-align:middle\"><span class=\"heateor_sss_svg heateor_sss_s__default heateor_sss_s_x\" style=\"background-color:#2a2a2a;width:30px;height:30px;border-radius:999px;display:inline-block;opacity:1;float:left;font-size:32px;box-shadow:none;display:inline-block;font-size:16px;padding:0 4px;vertical-align:middle;background-repeat:repeat;overflow:hidden;padding:0;cursor:pointer;box-sizing:content-box\"><svg width=\"100%\" height=\"100%\" style=\"display:block;border-radius:999px;\" focusable=\"false\" aria-hidden=\"true\" xmlns=\"http:\/\/www.w3.org\/2000\/svg\" viewBox=\"0 0 32 32\"><path fill=\"#fff\" d=\"M21.751 7h3.067l-6.7 7.658L26 25.078h-6.172l-4.833-6.32-5.531 6.32h-3.07l7.167-8.19L6 7h6.328l4.37 5.777L21.75 7Zm-1.076 16.242h1.7L11.404 8.74H9.58l11.094 14.503Z\"><\/path><\/svg><\/span><\/a><a aria-label=\"Print\" class=\"heateor_sss_button_print\" href=\"https:\/\/ricom-collectivites3.com\/ccsb\/index.php?rest_route=%2Fwp%2Fv2%2Fpages%2F3871\" onclick=\"event.preventDefault();window.print()\" title=\"Print\" rel=\"noopener\" style=\"font-size:32px!important;box-shadow:none;display:inline-block;vertical-align:middle\"><span class=\"heateor_sss_svg heateor_sss_s__default heateor_sss_s_print\" style=\"background-color:#fd6500;width:30px;height:30px;border-radius:999px;display:inline-block;opacity:1;float:left;font-size:32px;box-shadow:none;display:inline-block;font-size:16px;padding:0 4px;vertical-align:middle;background-repeat:repeat;overflow:hidden;padding:0;cursor:pointer;box-sizing:content-box\"><svg style=\"display:block;border-radius:999px;\" focusable=\"false\" aria-hidden=\"true\" xmlns=\"http:\/\/www.w3.org\/2000\/svg\" width=\"100%\" height=\"100%\" viewBox=\"-2.8 -4.5 35 35\"><path stroke=\"#fff\" class=\"heateor_sss_svg_stroke\" d=\"M 7 10 h 2 v 3 h 12 v -3 h 2 v 7 h -2 v -3 h -12 v 3 h -2 z\" stroke-width=\"1\" fill=\"#fff\"><\/path><rect class=\"heateor_sss_no_fill heateor_sss_svg_stroke\" stroke=\"#fff\" stroke-width=\"1.8\" height=\"7\" width=\"10\" x=\"10\" y=\"5\" fill=\"none\"><\/rect><rect class=\"heateor_sss_svg_stroke\" stroke=\"#fff\" stroke-width=\"1\" height=\"5\" width=\"8\" x=\"11\" y=\"16\" fill=\"#fff\"><\/rect><\/svg><\/span><\/a><\/div><div class=\"heateorSssClear\"><\/div><\/div>[\/et_pb_code][et_pb_text admin_label=\u00a0\u00bbBloc de t\u00e9l\u00e9chargement\u00a0\u00bb module_class=\u00a0\u00bbtelechargement\u00a0\u00bb _builder_version=\u00a0\u00bb4.24.0&Prime; _module_preset=\u00a0\u00bbdefault\u00a0\u00bb background_enable_color=\u00a0\u00bboff\u00a0\u00bb background_enable_image=\u00a0\u00bboff\u00a0\u00bb background_size=\u00a0\u00bbinitial\u00a0\u00bb background_position=\u00a0\u00bbtop_left\u00a0\u00bb custom_padding=\u00a0\u00bb0px|20px|20px|20px|false|true\u00a0\u00bb hover_enabled=\u00a0\u00bb0&Prime; global_colors_info=\u00a0\u00bb{}\u00a0\u00bb sticky_enabled=\u00a0\u00bb0&Prime;]<\/p>\n<p><span class=\"tt_tel\">Documents<br \/><strong>\u00e0 consulter<\/strong><\/span><\/p>\n<ul>\n<li><a href=\"https:\/\/ricom-collectivites3.com\/ccsb\/wp-content\/uploads\/2023\/12\/GUIDE_ADEME_photovoltaique-autoconsommation.pdf\">Guide de l&rsquo;ADEME sur le photovolta\u00efque<\/a><\/li>\n<li><a href=\"https:\/\/www.photovoltaique.info\/fr\/\" target=\"_blank\" rel=\"noopener\">Site Internet photovoltaique.info<\/a><\/li>\n<\/ul>\n<p>[\/et_pb_text][et_pb_text admin_label=\u00a0\u00bbBloc contact\u00a0\u00bb module_class=\u00a0\u00bbsidebar_contact\u00a0\u00bb _builder_version=\u00a0\u00bb4.24.0&Prime; _module_preset=\u00a0\u00bbdefault\u00a0\u00bb text_font=\u00a0\u00bb||||||||\u00a0\u00bb text_font_size=\u00a0\u00bb1.1em\u00a0\u00bb text_line_height=\u00a0\u00bb1.3em\u00a0\u00bb header_4_font=\u00a0\u00bb|800|||||||\u00a0\u00bb background_color=\u00a0\u00bb#FFFFFF\u00a0\u00bb custom_padding=\u00a0\u00bb0px|30px|17px|30px|false|true\u00a0\u00bb hover_enabled=\u00a0\u00bb0&Prime; border_width_all=\u00a0\u00bb1px\u00a0\u00bb border_style_all=\u00a0\u00bbdotted\u00a0\u00bb locked=\u00a0\u00bboff\u00a0\u00bb global_colors_info=\u00a0\u00bb{}\u00a0\u00bb sticky_enabled=\u00a0\u00bb0&Prime;]<\/p>\n<h3>Votre<br \/><strong>Contact<\/strong><\/h3>\n<p>&nbsp;<\/p>\n<p><strong><span class=\"contact_service\">P\u00f4le D\u00e9veloppement durable<\/span><\/strong><br \/><span class=\"contact_adresse\">105, rue de la R\u00e9publique<br \/>69220 Belleville-en-Beaujolais<\/span><\/p>\n<p><span class=\"contact_telephone\">04 74 66 35 98<\/span><br \/><span class=\"contact_mail\">developpementdurable@ccsb-saonebeaujolais.fr<\/span><\/p>\n<p>[\/et_pb_text][\/et_pb_column][\/et_pb_row][\/et_pb_section]<\/p>\n","protected":false},"excerpt":{"rendered":"<p>Les grands projets photovolta\u00efques\u00a0: massifier la production La Communaut\u00e9 de Communes Sa\u00f4ne-Beaujolais est fortement impliqu\u00e9e pour le d\u00e9veloppement des \u00e9nergies renouvelables. Elle est \u00e9galement consciente de la n\u00e9cessit\u00e9 de passer \u00e0 la vitesse sup\u00e9rieure afin d\u2019atteindre les objectifs ambitieux d\u00e9finis dans ses documents de planification. La CCSB a fait le choix d\u2019inscrire dans ses statuts [&hellip;]<\/p>\n","protected":false},"author":2,"featured_media":0,"parent":301,"menu_order":0,"comment_status":"open","ping_status":"open","template":"","meta":{"_acf_changed":false,"_et_pb_use_builder":"on","_et_pb_old_content":"","_et_gb_content_width":"","_relevanssi_hide_post":"","_relevanssi_hide_content":"","_relevanssi_pin_for_all":"","_relevanssi_pin_keywords":"","_relevanssi_unpin_keywords":"","_relevanssi_related_keywords":"","_relevanssi_related_include_ids":"","_relevanssi_related_exclude_ids":"","_relevanssi_related_no_append":"","_relevanssi_related_not_related":"","_relevanssi_related_posts":"","_relevanssi_noindex_reason":"","footnotes":""},"class_list":["post-3871","page","type-page","status-publish","hentry"],"acf":[],"_links":{"self":[{"href":"https:\/\/ricom-collectivites3.com\/ccsb\/index.php?rest_route=\/wp\/v2\/pages\/3871","targetHints":{"allow":["GET"]}}],"collection":[{"href":"https:\/\/ricom-collectivites3.com\/ccsb\/index.php?rest_route=\/wp\/v2\/pages"}],"about":[{"href":"https:\/\/ricom-collectivites3.com\/ccsb\/index.php?rest_route=\/wp\/v2\/types\/page"}],"author":[{"embeddable":true,"href":"https:\/\/ricom-collectivites3.com\/ccsb\/index.php?rest_route=\/wp\/v2\/users\/2"}],"replies":[{"embeddable":true,"href":"https:\/\/ricom-collectivites3.com\/ccsb\/index.php?rest_route=%2Fwp%2Fv2%2Fcomments&post=3871"}],"version-history":[{"count":4,"href":"https:\/\/ricom-collectivites3.com\/ccsb\/index.php?rest_route=\/wp\/v2\/pages\/3871\/revisions"}],"predecessor-version":[{"id":4405,"href":"https:\/\/ricom-collectivites3.com\/ccsb\/index.php?rest_route=\/wp\/v2\/pages\/3871\/revisions\/4405"}],"up":[{"embeddable":true,"href":"https:\/\/ricom-collectivites3.com\/ccsb\/index.php?rest_route=\/wp\/v2\/pages\/301"}],"wp:attachment":[{"href":"https:\/\/ricom-collectivites3.com\/ccsb\/index.php?rest_route=%2Fwp%2Fv2%2Fmedia&parent=3871"}],"curies":[{"name":"wp","href":"https:\/\/api.w.org\/{rel}","templated":true}]}}