{"id":3208,"date":"2023-12-22T07:41:18","date_gmt":"2023-12-22T07:41:18","guid":{"rendered":"https:\/\/ricom-web7.com\/ccsb\/?page_id=3208"},"modified":"2024-02-21T16:52:41","modified_gmt":"2024-02-21T16:52:41","slug":"compostage-individuel","status":"publish","type":"page","link":"https:\/\/ricom-collectivites3.com\/ccsb\/?page_id=3208","title":{"rendered":"Compostage individuel"},"content":{"rendered":"<p>[et_pb_section fb_built=\u00a0\u00bb1&Prime; module_class=\u00a0\u00bbfd_raye\u00a0\u00bb _builder_version=\u00a0\u00bb4.20.4&Prime; _module_preset=\u00a0\u00bbdefault\u00a0\u00bb background_enable_color=\u00a0\u00bboff\u00a0\u00bb background_enable_image=\u00a0\u00bboff\u00a0\u00bb custom_padding=\u00a0\u00bb30px||0px||false|false\u00a0\u00bb locked=\u00a0\u00bboff\u00a0\u00bb global_colors_info=\u00a0\u00bb{}\u00a0\u00bb][et_pb_row _builder_version=\u00a0\u00bb4.20.4&Prime; _module_preset=\u00a0\u00bbdefault\u00a0\u00bb background_color=\u00a0\u00bb#FFFFFF\u00a0\u00bb width=\u00a0\u00bb100%\u00a0\u00bb max_width=\u00a0\u00bb1150px\u00a0\u00bb module_alignment=\u00a0\u00bbcenter\u00a0\u00bb custom_padding=\u00a0\u00bb23px|25px|0px|25px|false|true\u00a0\u00bb global_colors_info=\u00a0\u00bb{}\u00a0\u00bb][et_pb_column type=\u00a0\u00bb4_4&Prime; _builder_version=\u00a0\u00bb4.20.4&Prime; _module_preset=\u00a0\u00bbdefault\u00a0\u00bb global_colors_info=\u00a0\u00bb{}\u00a0\u00bb][et_pb_post_title _builder_version=\u00a0\u00bb4.20.4&Prime; _module_preset=\u00a0\u00bbdefault\u00a0\u00bb locked=\u00a0\u00bbon\u00a0\u00bb global_colors_info=\u00a0\u00bb{}\u00a0\u00bb][\/et_pb_post_title][\/et_pb_column][\/et_pb_row][\/et_pb_section][et_pb_section fb_built=\u00a0\u00bb1&Prime; _builder_version=\u00a0\u00bb4.20.4&Prime; _module_preset=\u00a0\u00bbdefault\u00a0\u00bb custom_padding=\u00a0\u00bb28px|||||\u00a0\u00bb global_colors_info=\u00a0\u00bb{}\u00a0\u00bb][et_pb_row column_structure=\u00a0\u00bb3_5,2_5&Prime; _builder_version=\u00a0\u00bb4.20.4&Prime; _module_preset=\u00a0\u00bbdefault\u00a0\u00bb width=\u00a0\u00bb100%\u00a0\u00bb custom_padding=\u00a0\u00bb0px|||||\u00a0\u00bb global_colors_info=\u00a0\u00bb{}\u00a0\u00bb][et_pb_column type=\u00a0\u00bb3_5&Prime; _builder_version=\u00a0\u00bb4.20.4&Prime; _module_preset=\u00a0\u00bbdefault\u00a0\u00bb global_colors_info=\u00a0\u00bb{}\u00a0\u00bb][et_pb_text admin_label=\u00a0\u00bbCorps de texte\u00a0\u00bb _builder_version=\u00a0\u00bb4.23.2&Prime; _module_preset=\u00a0\u00bbdefault\u00a0\u00bb locked=\u00a0\u00bboff\u00a0\u00bb global_colors_info=\u00a0\u00bb{}\u00a0\u00bb]<\/p>\n<h2>Gr\u00e2ce au compostage, valorisons et recyclons nous-m\u00eames !<\/h2>\n<blockquote><p>\u00c0 la maison comme au jardin, nous produisons des d\u00e9chets organiques (\u00e9pluchures de l\u00e9gumes, restes de repas, tontes de gazon, feuilles mortes, tailles de haies\u2026). Bonne nouvelle, il existe des solutions pour leur offrir une nouvelle vie\u00a0! Gr\u00e2ce au compostage, nous pouvons les valoriser et les recycler nous-m\u00eames\u00a0! Cette pratique, inspir\u00e9e du processus de r\u00e9g\u00e9n\u00e9ration dans la nature, am\u00e9liore la fertilit\u00e9 de la terre, sans produits chimiques. Un geste doublement b\u00e9n\u00e9fique : nous r\u00e9duisons les d\u00e9chets produits et nous faisons du bien \u00e0 nos plantations.<br \/>\nEn plus, la CCSB vous accompagne et vous propose des composteurs \u00e0 prix r\u00e9duits\u00a0!<\/p><\/blockquote>\n<h3>R\u00e9ussir son compost<\/h3>\n<p>Pour transformer ses d\u00e9chets organiques en compost, il suffit de respecter quelques r\u00e8gles simples. Objectif : fournir les meilleures conditions de travail aux micro-organismes qui d\u00e9composent les d\u00e9chets.<\/p>\n<p><strong>Dans mon composteur, je peux d\u00e9poser<br \/>\n<\/strong><u>Des d\u00e9chets de cuisine\u00a0:<\/u><br \/>\n&#8211; \u00e9pluchures de fruits et de l\u00e9gumes,<br \/>\n&#8211; coquilles d\u2019\u0153ufs,<br \/>\n&#8211; restes de repas,<br \/>\n&#8211; marc de caf\u00e9 avec le filtre<br \/>\n&#8211; sachets de th\u00e9 (sauf forme pyramidale = fibre plastique\u00a0!)<\/p>\n<p><u>Des d\u00e9chets verts\u00a0:<\/u><br \/>\n(si je ne les utilise pas pour le paillage. Voir brochure Compostage et Paillage de l\u2019ADEME)<br \/>\n&#8211; feuilles mortes, aiguilles de m\u00e9l\u00e8ze,<br \/>\n&#8211; gazon en fines couches, s\u00e9ch\u00e9 pr\u00e9alablement,<br \/>\n&#8211; taille de haies coup\u00e9e en petits morceaux,<br \/>\n&#8211; fleurs fan\u00e9es,<br \/>\n&#8211; fanes de l\u00e9gumes (je peux aussi les r\u00e9utiliser en cuisine\u00a0!)<br \/>\n&#8211; herbes s\u00e8ches<\/p>\n<p><u>Et aussi, en petites quantit\u00e9s\u00a0:<\/u><br \/>\n&#8211; cendres de bois froides,<br \/>\n&#8211; pain sec en morceaux (je peux trouver pleins de recettes anti-gaspi pour le pain\u00a0!)<br \/>\n&#8211; copaux et sciures non trait\u00e9s,<br \/>\n&#8211; serviettes en papier et essuie-tout non imprim\u00e9s,<br \/>\n&#8211; paille et foin,<br \/>\n&#8211; papiers et cartons non imprim\u00e9s, en morceaux,<br \/>\n&#8211; cheveux, poils, plumes<\/p>\n<p><strong>Je ne d\u00e9pose pas dans mon composteur\u00a0: <\/strong><br \/>\nOs, mati\u00e8res grasses, plantes malades, gros branchages, v\u00e9g\u00e9taux trait\u00e9s, m\u00e9dicaments, d\u00e9chets toxiques, liti\u00e8res, sac d\u2019aspirateur et son contenu.<br \/>\nEt la viande\u00a0? Elle peut se mettre au composteur, en morceaux et bien enfouie au centre du composteur pour la laisser hors d\u2019atteinte des animaux.<\/p>\n<p>&nbsp;<\/p>\n<p><strong>Les 4 marches \u00e0 suivre pour r\u00e9ussir son compost <\/strong><\/p>\n<ul>\n<li><u>Equilibrez les d\u00e9chets<br \/>\n<\/u>Pour bien composter, il faut m\u00e9langer des cat\u00e9gories oppos\u00e9es, en les brassant d\u00e8s le d\u00e9part ou en les disposant en couches altern\u00e9es\u00a0: d\u00e9chets secs et humides, d\u00e9chets de cuisine et d\u00e9chets verts, d\u00e9chets grossiers et d\u00e9chets fins \u2026 Varier les ingr\u00e9dients est la cl\u00e9 pour un compost r\u00e9ussi\u00a0!<\/li>\n<li><u>Morceler les d\u00e9chets<\/u><br \/>\nPour faciliter l\u2019action des micro-organismes qui d\u00e9composent vos d\u00e9chets, prenez l\u2019habitude de couper vos d\u00e9chets pour une d\u00e9composition plus rapide et efficace. Donc, pas de l\u00e9gumes ni de fruits d\u00e9pos\u00e9s entiers dans le composteur\u00a0!<\/li>\n<li><u>Brassez\u00a0!<\/u><br \/>\nA\u00e9rer les mati\u00e8res est un geste indispensable pour apporter l\u2019oxyg\u00e8ne n\u00e9cessaire \u00e0 la bonne d\u00e9composition. Nos conseils\u00a0: avec une griffe, m\u00e9langer en surface \u00e0 chaque nouvel apport de d\u00e9chets frais. Avec une fourche, brasser de temps en temps les 20 \u00e0 30 premiers centim\u00e8tres pour d\u00e9compacter votre compost.<\/li>\n<li><u>V\u00e9rifiez l\u2019humidit\u00e9<\/u><br \/>\nLe compost doit \u00eatre humide mais sans exc\u00e8s. Pour v\u00e9rifier l\u2019humidit\u00e9, utiliser le test du poing\u00a0: pr\u00e9levez de la mati\u00e8re dans votre main et pressez-la. Si le compost s\u2019\u00e9goutte, c\u2019est qu\u2019il est trop humide\u00a0: ajoutez de la mati\u00e8re s\u00e8che. Si le compost s\u2019effrite, c\u2019est qu\u2019il est trop sec\u00a0: il faut humidifier, vous pouvez ouvrir le couvercle un jour de pluie par exemple.<\/li>\n<\/ul>\n<p>&nbsp;<\/p>\n<p><strong>Comment utiliser son compost\u00a0?<\/strong><\/p>\n<p>Il existe plusieurs utilisations des composts (compost frais, m\u00fbr, tamis\u00e9 \u2026).<br \/>\nRetrouvez le guide d&rsquo;utilisation du compost en bas de page, r\u00e9dig\u00e9 par le R\u00e9seau Compost Citoyen. Pour acc\u00e9der \u00e0 leur site internet :\u00a0<a href=\"https:\/\/reseaucompost.org\/\">c&rsquo;est par ici !<\/a><\/p>\n<p>Pour plus de d\u00e9tails sur la pratique du compostage et celle du paillage, nous vous invitons \u00e0 lire la brochure de l\u2019ADEME, l\u2019agence de la transition \u00e9cologique, \u00e0 d\u00e9couvrir dans les documents \u00e0 t\u00e9l\u00e9charger.<\/p>\n<p>&nbsp;<\/p>\n<p><strong>Pour vous \u00e9quiper\u00a0: <\/strong><\/p>\n<p>La CCSB propose aux habitants de son territoire des composteurs \u00e0 prix r\u00e9duits.<\/p>\n<p>Le composteur propos\u00e9 est un composteur en bois, de 400 L (id\u00e9al pour un foyer de 2 adultes et deux enfants par exemple), pour un montant de 20 \u20ac.<br \/>\nDimensions H78cm x L74cm x l74cm.<\/p>\n<p>Pour commander votre composteur, merci de retourner le bon de commande compl\u00e9t\u00e9, accompagn\u00e9 du r\u00e8glement par ch\u00e8que ou esp\u00e8ces, par courrier \u00e0\u00a0:<br \/>\n<strong>Communaut\u00e9 de Communes Sa\u00f4ne Beaujolais<\/strong><strong><br \/>\n<\/strong><strong>Service Gestion des d\u00e9chets<\/strong><strong><br \/>\n<\/strong><strong>105 Rue de la R\u00e9publique \u2013 69220<\/strong> BELLEVILLE EN BEAUJOLAIS<\/p>\n<p>Les composteurs se r\u00e9cup\u00e8rent sur RDV uniquement, au Centre Technique Municipal de Belleville-en-Beaujolais.<br \/>\nDes distributions sont \u00e9galement propos\u00e9es r\u00e9guli\u00e8rement sur les communes du territoire, regardez les actualit\u00e9s\u00a0!<\/p>\n<p>Des lombricomposteurs sont \u00e9galement propos\u00e9s au prix de 30 \u20ac l\u2019unit\u00e9\u00a0: ces composteurs d\u2019int\u00e9rieur r\u00e9pondent \u00e0 des consignes et des r\u00e8gles de compostage l\u00e9g\u00e8rement diff\u00e9rentes, mais fonctionnent tout aussi bien pour d\u00e9composer vos d\u00e9chets et produire du compost\u00a0!<br \/>\n[\/et_pb_text][\/et_pb_column][et_pb_column type=\u00a0\u00bb2_5&Prime; _builder_version=\u00a0\u00bb4.23.2&Prime; _module_preset=\u00a0\u00bbdefault\u00a0\u00bb global_colors_info=\u00a0\u00bb{}\u00a0\u00bb][et_pb_code module_id=\u00a0\u00bbpartager\u00a0\u00bb _builder_version=\u00a0\u00bb4.23.1&Prime; _module_preset=\u00a0\u00bbdefault\u00a0\u00bb text_orientation=\u00a0\u00bbcenter\u00a0\u00bb custom_margin=\u00a0\u00bb||10px||false|false\u00a0\u00bb custom_padding=\u00a0\u00bb||10px||false|false\u00a0\u00bb border_style_bottom=\u00a0\u00bbdotted\u00a0\u00bb global_module=\u00a0\u00bb2806&Prime; saved_tabs=\u00a0\u00bball\u00a0\u00bb locked=\u00a0\u00bboff\u00a0\u00bb global_colors_info=\u00a0\u00bb{}\u00a0\u00bb]<span class=\"partager\">Partager ce contenu<\/span><!-- [et_pb_line_break_holder] --><div class=\"heateor_sss_sharing_container heateor_sss_horizontal_sharing\" data-heateor-ss-offset=\"0\" data-heateor-sss-href='https:\/\/ricom-collectivites3.com\/ccsb\/index.php?rest_route=%2Fwp%2Fv2%2Fpages%2F3208'><div class=\"heateor_sss_sharing_ul\"><a aria-label=\"Facebook\" class=\"heateor_sss_facebook\" href=\"https:\/\/www.facebook.com\/sharer\/sharer.php?u=https%3A%2F%2Fricom-collectivites3.com%2Fccsb%2Findex.php%3Frest_route%3D%252Fwp%252Fv2%252Fpages%252F3208\" title=\"Facebook\" rel=\"nofollow noopener\" target=\"_blank\" style=\"font-size:32px!important;box-shadow:none;display:inline-block;vertical-align:middle\"><span class=\"heateor_sss_svg\" style=\"background-color:#0765FE;width:30px;height:30px;border-radius:999px;display:inline-block;opacity:1;float:left;font-size:32px;box-shadow:none;display:inline-block;font-size:16px;padding:0 4px;vertical-align:middle;background-repeat:repeat;overflow:hidden;padding:0;cursor:pointer;box-sizing:content-box\"><svg style=\"display:block;border-radius:999px;\" focusable=\"false\" aria-hidden=\"true\" xmlns=\"http:\/\/www.w3.org\/2000\/svg\" width=\"100%\" height=\"100%\" viewBox=\"0 0 32 32\"><path fill=\"#fff\" d=\"M28 16c0-6.627-5.373-12-12-12S4 9.373 4 16c0 5.628 3.875 10.35 9.101 11.647v-7.98h-2.474V16H13.1v-1.58c0-4.085 1.849-5.978 5.859-5.978.76 0 2.072.15 2.608.298v3.325c-.283-.03-.775-.045-1.386-.045-1.967 0-2.728.745-2.728 2.683V16h3.92l-.673 3.667h-3.247v8.245C23.395 27.195 28 22.135 28 16Z\"><\/path><\/svg><\/span><\/a><a aria-label=\"Linkedin\" class=\"heateor_sss_button_linkedin\" href=\"https:\/\/www.linkedin.com\/sharing\/share-offsite\/?url=https%3A%2F%2Fricom-collectivites3.com%2Fccsb%2Findex.php%3Frest_route%3D%252Fwp%252Fv2%252Fpages%252F3208\" title=\"Linkedin\" rel=\"nofollow noopener\" target=\"_blank\" style=\"font-size:32px!important;box-shadow:none;display:inline-block;vertical-align:middle\"><span class=\"heateor_sss_svg heateor_sss_s__default heateor_sss_s_linkedin\" style=\"background-color:#0077b5;width:30px;height:30px;border-radius:999px;display:inline-block;opacity:1;float:left;font-size:32px;box-shadow:none;display:inline-block;font-size:16px;padding:0 4px;vertical-align:middle;background-repeat:repeat;overflow:hidden;padding:0;cursor:pointer;box-sizing:content-box\"><svg style=\"display:block;border-radius:999px;\" focusable=\"false\" aria-hidden=\"true\" xmlns=\"http:\/\/www.w3.org\/2000\/svg\" width=\"100%\" height=\"100%\" viewBox=\"0 0 32 32\"><path d=\"M6.227 12.61h4.19v13.48h-4.19V12.61zm2.095-6.7a2.43 2.43 0 0 1 0 4.86c-1.344 0-2.428-1.09-2.428-2.43s1.084-2.43 2.428-2.43m4.72 6.7h4.02v1.84h.058c.56-1.058 1.927-2.176 3.965-2.176 4.238 0 5.02 2.792 5.02 6.42v7.395h-4.183v-6.56c0-1.564-.03-3.574-2.178-3.574-2.18 0-2.514 1.7-2.514 3.46v6.668h-4.187V12.61z\" fill=\"#fff\"><\/path><\/svg><\/span><\/a><a aria-label=\"Whatsapp\" class=\"heateor_sss_whatsapp\" href=\"https:\/\/api.whatsapp.com\/send?text=Compostage%20individuel%20https%3A%2F%2Fricom-collectivites3.com%2Fccsb%2Findex.php%3Frest_route%3D%252Fwp%252Fv2%252Fpages%252F3208\" title=\"Whatsapp\" rel=\"nofollow noopener\" target=\"_blank\" style=\"font-size:32px!important;box-shadow:none;display:inline-block;vertical-align:middle\"><span class=\"heateor_sss_svg\" style=\"background-color:#55eb4c;width:30px;height:30px;border-radius:999px;display:inline-block;opacity:1;float:left;font-size:32px;box-shadow:none;display:inline-block;font-size:16px;padding:0 4px;vertical-align:middle;background-repeat:repeat;overflow:hidden;padding:0;cursor:pointer;box-sizing:content-box\"><svg style=\"display:block;border-radius:999px;\" focusable=\"false\" aria-hidden=\"true\" xmlns=\"http:\/\/www.w3.org\/2000\/svg\" width=\"100%\" height=\"100%\" viewBox=\"-6 -5 40 40\"><path class=\"heateor_sss_svg_stroke heateor_sss_no_fill\" stroke=\"#fff\" stroke-width=\"2\" fill=\"none\" d=\"M 11.579798566743314 24.396926207859085 A 10 10 0 1 0 6.808479557110079 20.73576436351046\"><\/path><path d=\"M 7 19 l -1 6 l 6 -1\" class=\"heateor_sss_no_fill heateor_sss_svg_stroke\" stroke=\"#fff\" stroke-width=\"2\" fill=\"none\"><\/path><path d=\"M 10 10 q -1 8 8 11 c 5 -1 0 -6 -1 -3 q -4 -3 -5 -5 c 4 -2 -1 -5 -1 -4\" fill=\"#fff\"><\/path><\/svg><\/span><\/a><a aria-label=\"Instagram\" class=\"heateor_sss_button_instagram\" href=\"https:\/\/www.instagram.com\/\" title=\"Instagram\" rel=\"nofollow noopener\" target=\"_blank\" style=\"font-size:32px!important;box-shadow:none;display:inline-block;vertical-align:middle\"><span class=\"heateor_sss_svg\" style=\"background-color:#53beee;width:30px;height:30px;border-radius:999px;display:inline-block;opacity:1;float:left;font-size:32px;box-shadow:none;display:inline-block;font-size:16px;padding:0 4px;vertical-align:middle;background-repeat:repeat;overflow:hidden;padding:0;cursor:pointer;box-sizing:content-box\"><svg style=\"display:block;border-radius:999px;\" version=\"1.1\" viewBox=\"-10 -10 148 148\" width=\"100%\" height=\"100%\" xml:space=\"preserve\" xmlns=\"http:\/\/www.w3.org\/2000\/svg\" xmlns:xlink=\"http:\/\/www.w3.org\/1999\/xlink\"><g><g><path d=\"M86,112H42c-14.336,0-26-11.663-26-26V42c0-14.337,11.664-26,26-26h44c14.337,0,26,11.663,26,26v44 C112,100.337,100.337,112,86,112z M42,24c-9.925,0-18,8.074-18,18v44c0,9.925,8.075,18,18,18h44c9.926,0,18-8.075,18-18V42 c0-9.926-8.074-18-18-18H42z\" fill=\"#fff\"><\/path><\/g><g><path d=\"M64,88c-13.234,0-24-10.767-24-24c0-13.234,10.766-24,24-24s24,10.766,24,24C88,77.233,77.234,88,64,88z M64,48c-8.822,0-16,7.178-16,16s7.178,16,16,16c8.822,0,16-7.178,16-16S72.822,48,64,48z\" fill=\"#fff\"><\/path><\/g><g><circle cx=\"89.5\" cy=\"38.5\" fill=\"#fff\" r=\"5.5\"><\/circle><\/g><\/g><\/svg><\/span><\/a><a aria-label=\"X\" class=\"heateor_sss_button_x\" href=\"https:\/\/twitter.com\/intent\/tweet?text=Compostage%20individuel&url=https%3A%2F%2Fricom-collectivites3.com%2Fccsb%2Findex.php%3Frest_route%3D%252Fwp%252Fv2%252Fpages%252F3208\" title=\"X\" rel=\"nofollow noopener\" target=\"_blank\" style=\"font-size:32px!important;box-shadow:none;display:inline-block;vertical-align:middle\"><span class=\"heateor_sss_svg heateor_sss_s__default heateor_sss_s_x\" style=\"background-color:#2a2a2a;width:30px;height:30px;border-radius:999px;display:inline-block;opacity:1;float:left;font-size:32px;box-shadow:none;display:inline-block;font-size:16px;padding:0 4px;vertical-align:middle;background-repeat:repeat;overflow:hidden;padding:0;cursor:pointer;box-sizing:content-box\"><svg width=\"100%\" height=\"100%\" style=\"display:block;border-radius:999px;\" focusable=\"false\" aria-hidden=\"true\" xmlns=\"http:\/\/www.w3.org\/2000\/svg\" viewBox=\"0 0 32 32\"><path fill=\"#fff\" d=\"M21.751 7h3.067l-6.7 7.658L26 25.078h-6.172l-4.833-6.32-5.531 6.32h-3.07l7.167-8.19L6 7h6.328l4.37 5.777L21.75 7Zm-1.076 16.242h1.7L11.404 8.74H9.58l11.094 14.503Z\"><\/path><\/svg><\/span><\/a><a aria-label=\"Print\" class=\"heateor_sss_button_print\" href=\"https:\/\/ricom-collectivites3.com\/ccsb\/index.php?rest_route=%2Fwp%2Fv2%2Fpages%2F3208\" onclick=\"event.preventDefault();window.print()\" title=\"Print\" rel=\"noopener\" style=\"font-size:32px!important;box-shadow:none;display:inline-block;vertical-align:middle\"><span class=\"heateor_sss_svg heateor_sss_s__default heateor_sss_s_print\" style=\"background-color:#fd6500;width:30px;height:30px;border-radius:999px;display:inline-block;opacity:1;float:left;font-size:32px;box-shadow:none;display:inline-block;font-size:16px;padding:0 4px;vertical-align:middle;background-repeat:repeat;overflow:hidden;padding:0;cursor:pointer;box-sizing:content-box\"><svg style=\"display:block;border-radius:999px;\" focusable=\"false\" aria-hidden=\"true\" xmlns=\"http:\/\/www.w3.org\/2000\/svg\" width=\"100%\" height=\"100%\" viewBox=\"-2.8 -4.5 35 35\"><path stroke=\"#fff\" class=\"heateor_sss_svg_stroke\" d=\"M 7 10 h 2 v 3 h 12 v -3 h 2 v 7 h -2 v -3 h -12 v 3 h -2 z\" stroke-width=\"1\" fill=\"#fff\"><\/path><rect class=\"heateor_sss_no_fill heateor_sss_svg_stroke\" stroke=\"#fff\" stroke-width=\"1.8\" height=\"7\" width=\"10\" x=\"10\" y=\"5\" fill=\"none\"><\/rect><rect class=\"heateor_sss_svg_stroke\" stroke=\"#fff\" stroke-width=\"1\" height=\"5\" width=\"8\" x=\"11\" y=\"16\" fill=\"#fff\"><\/rect><\/svg><\/span><\/a><\/div><div class=\"heateorSssClear\"><\/div><\/div>[\/et_pb_code][et_pb_text admin_label=\u00a0\u00bbBloc de t\u00e9l\u00e9chargement\u00a0\u00bb module_class=\u00a0\u00bbtelechargement\u00a0\u00bb _builder_version=\u00a0\u00bb4.23.4&Prime; _module_preset=\u00a0\u00bbdefault\u00a0\u00bb background_enable_color=\u00a0\u00bboff\u00a0\u00bb background_enable_image=\u00a0\u00bboff\u00a0\u00bb background_size=\u00a0\u00bbinitial\u00a0\u00bb background_position=\u00a0\u00bbtop_left\u00a0\u00bb custom_padding=\u00a0\u00bb0px|20px|20px|20px|false|true\u00a0\u00bb global_colors_info=\u00a0\u00bb{}\u00a0\u00bb]<span class=\"tt_tel\">Documents<br \/>\n<strong>\u00e0 t\u00e9l\u00e9charger<\/strong><\/span><\/p>\n<ul>\n<li><a href=\"https:\/\/ricom-collectivites3.com\/ccsb\/wp-content\/uploads\/2023\/12\/Bon-de-commande-Composteurs-2023.pdf\" target=\"_blank\" rel=\"noopener\">Bon de commande de composteurs<\/a><\/li>\n<li><a href=\"https:\/\/ricom-collectivites3.com\/ccsb\/wp-content\/uploads\/2023\/12\/guide-pratique-compostage-et-paillage-ADEME.pdf\" target=\"_blank\" rel=\"noopener\">Guide ADEME Compostage et Paillage<\/a><\/li>\n<li><a href=\"https:\/\/ricom-collectivites3.com\/ccsb\/wp-content\/uploads\/2023\/12\/Planches-coloriage-Compost-CCSB.pdf\" target=\"_blank\" rel=\"noopener\">Coloriages<\/a><\/li>\n<li><a href=\"https:\/\/ricom-collectivites3.com\/ccsb\/wp-content\/uploads\/2023\/12\/RCC-guide-dutilisation-du-compost.pdf\" target=\"_blank\" rel=\"noopener\">Guide d&rsquo;utilisation du compost<\/a><\/li>\n<\/ul>\n<p>[\/et_pb_text][et_pb_text admin_label=\u00a0\u00bbBloc contact\u00a0\u00bb module_class=\u00a0\u00bbsidebar_contact\u00a0\u00bb _builder_version=\u00a0\u00bb4.23.2&Prime; _module_preset=\u00a0\u00bbdefault\u00a0\u00bb text_font=\u00a0\u00bb||||||||\u00a0\u00bb text_font_size=\u00a0\u00bb1.1em\u00a0\u00bb text_line_height=\u00a0\u00bb1.3em\u00a0\u00bb header_4_font=\u00a0\u00bb|800|||||||\u00a0\u00bb background_color=\u00a0\u00bb#FFFFFF\u00a0\u00bb custom_padding=\u00a0\u00bb0px|30px|17px|30px|false|true\u00a0\u00bb border_width_all=\u00a0\u00bb1px\u00a0\u00bb border_style_all=\u00a0\u00bbdotted\u00a0\u00bb locked=\u00a0\u00bboff\u00a0\u00bb global_colors_info=\u00a0\u00bb{}\u00a0\u00bb]<\/p>\n<h3>Votre<br \/>\n<strong>Contact<\/strong><\/h3>\n<p>&nbsp;<\/p>\n<p><strong><span class=\"contact_service\">Service Gestion des d\u00e9chets<\/span><\/strong><br \/>\n<span class=\"contact_adresse\">65, rue Pierre Cothenet<br \/>\n69220 Belleville-en-Beaujolais<br \/>\n<\/span><span class=\"contact_telephone\">04 74 66 18 24<\/span><br \/>\n<span class=\"contact_mail\"><a href=\"mailto:dechets@ccsb-saonebeaujolais.fr\">dechets@ccsb-saonebeaujolais.fr<\/a><\/span><br \/>\n[\/et_pb_text][\/et_pb_column][\/et_pb_row][\/et_pb_section]<\/p>\n","protected":false},"excerpt":{"rendered":"<p>Gr\u00e2ce au compostage, valorisons et recyclons nous-m\u00eames ! \u00c0 la maison comme au jardin, nous produisons des d\u00e9chets organiques (\u00e9pluchures de l\u00e9gumes, restes de repas, tontes de gazon, feuilles mortes, tailles de haies\u2026). Bonne nouvelle, il existe des solutions pour leur offrir une nouvelle vie\u00a0! Gr\u00e2ce au compostage, nous pouvons les valoriser et les recycler [&hellip;]<\/p>\n","protected":false},"author":3,"featured_media":0,"parent":0,"menu_order":0,"comment_status":"closed","ping_status":"closed","template":"","meta":{"_acf_changed":false,"_et_pb_use_builder":"on","_et_pb_old_content":"","_et_gb_content_width":"","_relevanssi_hide_post":"","_relevanssi_hide_content":"","_relevanssi_pin_for_all":"","_relevanssi_pin_keywords":"","_relevanssi_unpin_keywords":"","_relevanssi_related_keywords":"","_relevanssi_related_include_ids":"","_relevanssi_related_exclude_ids":"","_relevanssi_related_no_append":"","_relevanssi_related_not_related":"","_relevanssi_related_posts":"","_relevanssi_noindex_reason":"","footnotes":""},"class_list":["post-3208","page","type-page","status-publish","hentry"],"acf":[],"_links":{"self":[{"href":"https:\/\/ricom-collectivites3.com\/ccsb\/index.php?rest_route=\/wp\/v2\/pages\/3208","targetHints":{"allow":["GET"]}}],"collection":[{"href":"https:\/\/ricom-collectivites3.com\/ccsb\/index.php?rest_route=\/wp\/v2\/pages"}],"about":[{"href":"https:\/\/ricom-collectivites3.com\/ccsb\/index.php?rest_route=\/wp\/v2\/types\/page"}],"author":[{"embeddable":true,"href":"https:\/\/ricom-collectivites3.com\/ccsb\/index.php?rest_route=\/wp\/v2\/users\/3"}],"replies":[{"embeddable":true,"href":"https:\/\/ricom-collectivites3.com\/ccsb\/index.php?rest_route=%2Fwp%2Fv2%2Fcomments&post=3208"}],"version-history":[{"count":12,"href":"https:\/\/ricom-collectivites3.com\/ccsb\/index.php?rest_route=\/wp\/v2\/pages\/3208\/revisions"}],"predecessor-version":[{"id":4940,"href":"https:\/\/ricom-collectivites3.com\/ccsb\/index.php?rest_route=\/wp\/v2\/pages\/3208\/revisions\/4940"}],"wp:attachment":[{"href":"https:\/\/ricom-collectivites3.com\/ccsb\/index.php?rest_route=%2Fwp%2Fv2%2Fmedia&parent=3208"}],"curies":[{"name":"wp","href":"https:\/\/api.w.org\/{rel}","templated":true}]}}