{"id":3091,"date":"2023-12-20T13:39:20","date_gmt":"2023-12-20T13:39:20","guid":{"rendered":"https:\/\/ricom-web7.com\/ccsb\/?page_id=3091"},"modified":"2024-01-30T12:47:51","modified_gmt":"2024-01-30T12:47:51","slug":"logement-social","status":"publish","type":"page","link":"https:\/\/ricom-collectivites3.com\/ccsb\/?page_id=3091","title":{"rendered":"Logement social"},"content":{"rendered":"<p>[et_pb_section fb_built=\u00a0\u00bb1&Prime; module_class=\u00a0\u00bbfd_raye\u00a0\u00bb _builder_version=\u00a0\u00bb4.20.4&Prime; _module_preset=\u00a0\u00bbdefault\u00a0\u00bb background_enable_color=\u00a0\u00bboff\u00a0\u00bb background_enable_image=\u00a0\u00bboff\u00a0\u00bb custom_padding=\u00a0\u00bb30px||0px||false|false\u00a0\u00bb locked=\u00a0\u00bboff\u00a0\u00bb global_colors_info=\u00a0\u00bb{}\u00a0\u00bb][et_pb_row _builder_version=\u00a0\u00bb4.20.4&Prime; _module_preset=\u00a0\u00bbdefault\u00a0\u00bb background_color=\u00a0\u00bb#FFFFFF\u00a0\u00bb width=\u00a0\u00bb100%\u00a0\u00bb max_width=\u00a0\u00bb1150px\u00a0\u00bb module_alignment=\u00a0\u00bbcenter\u00a0\u00bb custom_padding=\u00a0\u00bb23px|25px|0px|25px|false|true\u00a0\u00bb global_colors_info=\u00a0\u00bb{}\u00a0\u00bb][et_pb_column type=\u00a0\u00bb4_4&Prime; _builder_version=\u00a0\u00bb4.20.4&Prime; _module_preset=\u00a0\u00bbdefault\u00a0\u00bb global_colors_info=\u00a0\u00bb{}\u00a0\u00bb][et_pb_post_title _builder_version=\u00a0\u00bb4.20.4&Prime; _module_preset=\u00a0\u00bbdefault\u00a0\u00bb locked=\u00a0\u00bbon\u00a0\u00bb global_colors_info=\u00a0\u00bb{}\u00a0\u00bb][\/et_pb_post_title][\/et_pb_column][\/et_pb_row][\/et_pb_section][et_pb_section fb_built=\u00a0\u00bb1&Prime; _builder_version=\u00a0\u00bb4.20.4&Prime; _module_preset=\u00a0\u00bbdefault\u00a0\u00bb custom_padding=\u00a0\u00bb28px|||||\u00a0\u00bb global_colors_info=\u00a0\u00bb{}\u00a0\u00bb][et_pb_row column_structure=\u00a0\u00bb2_3,1_3&Prime; use_custom_gutter=\u00a0\u00bbon\u00a0\u00bb gutter_width=\u00a0\u00bb2&Prime; _builder_version=\u00a0\u00bb4.20.4&Prime; _module_preset=\u00a0\u00bbdefault\u00a0\u00bb width=\u00a0\u00bb100%\u00a0\u00bb max_width=\u00a0\u00bb1100px\u00a0\u00bb custom_padding=\u00a0\u00bb0px|||||\u00a0\u00bb global_colors_info=\u00a0\u00bb{}\u00a0\u00bb][et_pb_column type=\u00a0\u00bb2_3&Prime; _builder_version=\u00a0\u00bb4.20.4&Prime; _module_preset=\u00a0\u00bbdefault\u00a0\u00bb global_colors_info=\u00a0\u00bb{}\u00a0\u00bb][et_pb_text admin_label=\u00a0\u00bbCorps de texte\u00a0\u00bb _builder_version=\u00a0\u00bb4.24.0&Prime; _module_preset=\u00a0\u00bbdefault\u00a0\u00bb hover_enabled=\u00a0\u00bb0&Prime; locked=\u00a0\u00bboff\u00a0\u00bb global_colors_info=\u00a0\u00bb{}\u00a0\u00bb sticky_enabled=\u00a0\u00bb0&Prime;]<\/p>\n<h2>Qu&rsquo;est-ce que le logement social ?<\/h2>\n<blockquote>\n<p>Le logement social est un logement dont la construction b\u00e9n\u00e9ficie de financements publics et qui est destin\u00e9 \u00e0 loger des personnes \u00e0 ressources modestes.<\/p>\n<\/blockquote>\n<p>Il existe trois cat\u00e9gories de logements sociaux :<\/p>\n<ul>\n<li><strong>PLAI<\/strong> : Pr\u00eat locatif aid\u00e9 d\u2019int\u00e9gration (loyers les plus bas)<\/li>\n<li><strong>PLUS<\/strong> : Pr\u00eat locatif \u00e0 usage social (loyers un peu plus \u00e9lev\u00e9s)<\/li>\n<li><strong>PLS<\/strong> : Pr\u00eat locatif social (loyers les plus \u00e9lev\u00e9s)<\/li>\n<\/ul>\n<ul><\/ul>\n<p>Ces diff\u00e9rentes cat\u00e9gories de logements vous seront accessibles en fonction de votre situation personnelle (ressources et composition familiale). Ils correspondent \u00e0 des appartements en immeubles collectifs, ou parfois \u00e0 des logements individuels.<\/p>\n<h3>Puis-je b\u00e9n\u00e9ficier d&rsquo;un logement social ?<\/h3>\n<p>Oui, si je remplis les trois conditions suivantes :<\/p>\n<ul>\n<li>Je suis de nationalit\u00e9 fran\u00e7aise ou je suis titulaire d\u2019une carte de<br \/>s\u00e9jour en cours de validit\u00e9<\/li>\n<li>J\u2019ai besoin d\u2019un logement pour ma r\u00e9sidence principale<\/li>\n<li>En fonction de ma situation familiale, mes ressources ne d\u00e9passent<br \/>pas le plafond d\u00e9fini par l\u2019\u00c9tat<\/li>\n<\/ul>\n<h3><strong>Quels sont les bailleurs pr\u00e9sents sur mon territoire ?<\/strong><\/h3>\n<ul>\n<li><strong>OPAC DU RH\u00d4NE<\/strong> : Aigueperse, Beaujeu, Belleville-en-Beaujolais,<br \/>Charentay, Corcelles-en-Beaujolais, Deux-Grosnes, Fleurie, Juli\u00e9nas,<br \/>Lanci\u00e9, Lantigni\u00e9, R\u00e9gni\u00e9-Durette, Saint-Georges-de-Reneins,<br \/>Saint-Lager, Vauxrenard, Villi\u00e9-Morgon.<\/li>\n<li><strong>ALLIADE HABITAT<\/strong> : Beaujeu, Belleville-en-Beaujolais, Cerci\u00e9,<br \/>Charentay, Ch\u00e9nas, Corcelles-en-Beaujolais, Deux-Grosnes, Fleurie,<br \/>Marchampt, Odenas, Propi\u00e8res, Quinci\u00e9-en-Beaujolais, Saint-Didier-sur-<br \/>Beaujeu, Saint-\u00c9tienne-la-Varenne, Saint-Georges-de-Reneins,<br \/>Saint-Lager.<\/li>\n<li><strong>SEMCODA<\/strong> : Belleville-en-Beaujolais, Fleurie, Saint-Didier-sur-Beaujeu,<br \/>Saint-Georges-de-Reneins.<\/li>\n<li><strong>SAEMIB<\/strong> : Belleville-en-Beaujolais.<\/li>\n<\/ul>\n<h3><strong>Comment faire ma demande de logement social ?<\/strong><\/h3>\n<ul>\n<li>Je remplis ma demande en priorit\u00e9 sur internet (<a href=\"http:\/\/www.demande-logement-social.gouv.fr\">www.demande-logement-social.gouv.fr<\/a>) ou sur papier avec le CERFA n\u00b0 14069*04 (disponible \u00e0 la mairie de mon lieu de r\u00e9sidence) que j\u2019adresse au bailleur de mon choix.<\/li>\n<li>Ma demande est enregistr\u00e9e dans le SNE (Syst\u00e8me National d\u2019Enregistrement). Elle est visible automatiquement par tous les bailleurs, mairies&#8230; qui peuvent proposer ma candidature.<\/li>\n<li>Je re\u00e7ois une attestation d\u2019enregistrement ou de renouvellement indiquant mon Num\u00e9ro Unique D\u00e9partemental au maximum dans le mois qui suit ma demande.<\/li>\n<\/ul>\n<p><strong>Attention ! <\/strong>La demande est valable un an. Au bout de cette ann\u00e9e, si je suis toujours en attente d\u2019un logement social, je dois la renouveler chaque ann\u00e9e pour qu\u2019elle ne soit pas radi\u00e9e et ainsi ne pas perdre mon anciennet\u00e9.<\/p>\n<h3>\u00a0<b>J&rsquo;ai besoin d&rsquo;aide pour effectuer ma demande d\u00e9mat\u00e9rialis\u00e9e sur le SNE ?<\/b><\/h3>\n<p>Je m\u2019adresse \u00e0 l\u2019une des deux Maisons France Services de mon territoire :<\/p>\n<ol>\n<li>\u00c0 Beaujeu au sein de la Maison du Rh\u00f4ne \/ 35 rue du prince<br \/>T\u00e9l. : 04 74 69 51 63<br \/>Courriel : mdr.beaujeu@rhone.fr<br \/>Horaires d\u2019ouverture : du lundi au jeudi 8h30-12h15 et 13h30-17h \/ le vendredi 8h30-12h15 et 13h30-16h30<\/li>\n<li>\u00c0 Belleville-en-Beaujolais \/ 8 rue du 14 juillet<br \/>T\u00e9l. : 04 74 04 65 21<br \/>Courriel : france-services@belleville-en-beaujolais.fr<br \/>Horaires d\u2019ouverture : le lundi 13h30-17h30 \/ du mardi au jeudi 8h45-12h et 13h30-17h30 \/ le vendredi 8h45-12h et 13h30-17h \/ le samedi sur rendez-vous<\/li>\n<\/ol>\n<h3><b>J&rsquo;ai des questions sur ma demande de logement en cours ?<\/b><\/h3>\n<p>J\u2019ai une demande active (Num\u00e9ro Unique D\u00e9partemental), je prends rendez-vous aupr\u00e8s de la Maison France Services de Belleville-en-Beaujolais durant les temps de permanences des bailleurs les jeudis apr\u00e8s-midi. Ce dernier acc\u00e8dera \u00e0 mon dossier et pourra me renseigner sur le fonctionnement du logement social et les proc\u00e9dures d\u2019attribution, me conseiller et modifier ma demande si besoin\u2026<\/p>\n<h3>NOUVEAU : <b>la cotation du logement sur le territoire de la CCSB<\/b><\/h3>\n<p>La cotation de la demande de logement social est un syst\u00e8me de points attribu\u00e9s \u00e0 chaque demandeur de logement social en fonction des crit\u00e8res renseign\u00e9s lors du d\u00e9p\u00f4t de sa demande de logement. Elle peut \u00eatre modifi\u00e9e lors d\u2019une actualisation du dossier de demande et sur pr\u00e9sentation des pi\u00e8ces justificatives. Le nombre de points attribu\u00e9s permet de classer les demandes de mani\u00e8res \u00e9quitable et objective en fonction de la situation de chaque demandeur. Ce syst\u00e8me de cotation est \u00e9galement une aide \u00e0 la d\u00e9cision des bailleurs sociaux lors de l\u2019attribution du logement en commission.<\/p>\n<p>Il existe deux grilles de cotations\u00a0:<\/p>\n<ul>\n<li>Pour les primo demandeurs de logement social<\/li>\n<li>Pour les demandes de mutations au sein du parc social<\/li>\n<\/ul>\n<p><span style=\"text-decoration: underline\"><em><strong>La commune de Belleville-en-Beaujolais<\/strong><\/em><\/span> est r\u00e9servataire de quelques logements au sein du parc des bailleurs sociaux OPAC, SAEMIB, SEMCODA, ALLIADE HABITAT. \u00c0 ce titre, les \u00e9lus en charge du logement peuvent proposer des candidats au logement aupr\u00e8s des bailleurs concern\u00e9s, lorsqu\u2019ils re\u00e7oivent une proposition de logement soumis \u00e0 r\u00e9servation. Les candidatures doivent respecter les crit\u00e8res du logement social, il n\u2019y a pas de d\u00e9rogations sp\u00e9cifiques.<\/p>\n<p>[\/et_pb_text][\/et_pb_column][et_pb_column type=\u00a0\u00bb1_3&Prime; _builder_version=\u00a0\u00bb4.20.4&Prime; _module_preset=\u00a0\u00bbdefault\u00a0\u00bb global_colors_info=\u00a0\u00bb{}\u00a0\u00bb][et_pb_code module_id=\u00a0\u00bbpartager\u00a0\u00bb _builder_version=\u00a0\u00bb4.23.1&Prime; _module_preset=\u00a0\u00bbdefault\u00a0\u00bb text_orientation=\u00a0\u00bbcenter\u00a0\u00bb custom_margin=\u00a0\u00bb||10px||false|false\u00a0\u00bb custom_padding=\u00a0\u00bb||10px||false|false\u00a0\u00bb border_style_bottom=\u00a0\u00bbdotted\u00a0\u00bb global_module=\u00a0\u00bb2806&Prime; saved_tabs=\u00a0\u00bball\u00a0\u00bb locked=\u00a0\u00bboff\u00a0\u00bb global_colors_info=\u00a0\u00bb{}\u00a0\u00bb]<span class=\"partager\">Partager ce contenu<\/span><!-- [et_pb_line_break_holder] --><div class=\"heateor_sss_sharing_container heateor_sss_horizontal_sharing\" data-heateor-ss-offset=\"0\" data-heateor-sss-href='https:\/\/ricom-collectivites3.com\/ccsb\/index.php?rest_route=%2Fwp%2Fv2%2Fpages%2F3091'><div class=\"heateor_sss_sharing_ul\"><a aria-label=\"Facebook\" class=\"heateor_sss_facebook\" href=\"https:\/\/www.facebook.com\/sharer\/sharer.php?u=https%3A%2F%2Fricom-collectivites3.com%2Fccsb%2Findex.php%3Frest_route%3D%252Fwp%252Fv2%252Fpages%252F3091\" title=\"Facebook\" rel=\"nofollow noopener\" target=\"_blank\" style=\"font-size:32px!important;box-shadow:none;display:inline-block;vertical-align:middle\"><span class=\"heateor_sss_svg\" style=\"background-color:#0765FE;width:30px;height:30px;border-radius:999px;display:inline-block;opacity:1;float:left;font-size:32px;box-shadow:none;display:inline-block;font-size:16px;padding:0 4px;vertical-align:middle;background-repeat:repeat;overflow:hidden;padding:0;cursor:pointer;box-sizing:content-box\"><svg style=\"display:block;border-radius:999px;\" focusable=\"false\" aria-hidden=\"true\" xmlns=\"http:\/\/www.w3.org\/2000\/svg\" width=\"100%\" height=\"100%\" viewBox=\"0 0 32 32\"><path fill=\"#fff\" d=\"M28 16c0-6.627-5.373-12-12-12S4 9.373 4 16c0 5.628 3.875 10.35 9.101 11.647v-7.98h-2.474V16H13.1v-1.58c0-4.085 1.849-5.978 5.859-5.978.76 0 2.072.15 2.608.298v3.325c-.283-.03-.775-.045-1.386-.045-1.967 0-2.728.745-2.728 2.683V16h3.92l-.673 3.667h-3.247v8.245C23.395 27.195 28 22.135 28 16Z\"><\/path><\/svg><\/span><\/a><a aria-label=\"Linkedin\" class=\"heateor_sss_button_linkedin\" href=\"https:\/\/www.linkedin.com\/sharing\/share-offsite\/?url=https%3A%2F%2Fricom-collectivites3.com%2Fccsb%2Findex.php%3Frest_route%3D%252Fwp%252Fv2%252Fpages%252F3091\" title=\"Linkedin\" rel=\"nofollow noopener\" target=\"_blank\" style=\"font-size:32px!important;box-shadow:none;display:inline-block;vertical-align:middle\"><span class=\"heateor_sss_svg heateor_sss_s__default heateor_sss_s_linkedin\" style=\"background-color:#0077b5;width:30px;height:30px;border-radius:999px;display:inline-block;opacity:1;float:left;font-size:32px;box-shadow:none;display:inline-block;font-size:16px;padding:0 4px;vertical-align:middle;background-repeat:repeat;overflow:hidden;padding:0;cursor:pointer;box-sizing:content-box\"><svg style=\"display:block;border-radius:999px;\" focusable=\"false\" aria-hidden=\"true\" xmlns=\"http:\/\/www.w3.org\/2000\/svg\" width=\"100%\" height=\"100%\" viewBox=\"0 0 32 32\"><path d=\"M6.227 12.61h4.19v13.48h-4.19V12.61zm2.095-6.7a2.43 2.43 0 0 1 0 4.86c-1.344 0-2.428-1.09-2.428-2.43s1.084-2.43 2.428-2.43m4.72 6.7h4.02v1.84h.058c.56-1.058 1.927-2.176 3.965-2.176 4.238 0 5.02 2.792 5.02 6.42v7.395h-4.183v-6.56c0-1.564-.03-3.574-2.178-3.574-2.18 0-2.514 1.7-2.514 3.46v6.668h-4.187V12.61z\" fill=\"#fff\"><\/path><\/svg><\/span><\/a><a aria-label=\"Whatsapp\" class=\"heateor_sss_whatsapp\" href=\"https:\/\/api.whatsapp.com\/send?text=Logement%20social%20https%3A%2F%2Fricom-collectivites3.com%2Fccsb%2Findex.php%3Frest_route%3D%252Fwp%252Fv2%252Fpages%252F3091\" title=\"Whatsapp\" rel=\"nofollow noopener\" target=\"_blank\" style=\"font-size:32px!important;box-shadow:none;display:inline-block;vertical-align:middle\"><span class=\"heateor_sss_svg\" style=\"background-color:#55eb4c;width:30px;height:30px;border-radius:999px;display:inline-block;opacity:1;float:left;font-size:32px;box-shadow:none;display:inline-block;font-size:16px;padding:0 4px;vertical-align:middle;background-repeat:repeat;overflow:hidden;padding:0;cursor:pointer;box-sizing:content-box\"><svg style=\"display:block;border-radius:999px;\" focusable=\"false\" aria-hidden=\"true\" xmlns=\"http:\/\/www.w3.org\/2000\/svg\" width=\"100%\" height=\"100%\" viewBox=\"-6 -5 40 40\"><path class=\"heateor_sss_svg_stroke heateor_sss_no_fill\" stroke=\"#fff\" stroke-width=\"2\" fill=\"none\" d=\"M 11.579798566743314 24.396926207859085 A 10 10 0 1 0 6.808479557110079 20.73576436351046\"><\/path><path d=\"M 7 19 l -1 6 l 6 -1\" class=\"heateor_sss_no_fill heateor_sss_svg_stroke\" stroke=\"#fff\" stroke-width=\"2\" fill=\"none\"><\/path><path d=\"M 10 10 q -1 8 8 11 c 5 -1 0 -6 -1 -3 q -4 -3 -5 -5 c 4 -2 -1 -5 -1 -4\" fill=\"#fff\"><\/path><\/svg><\/span><\/a><a aria-label=\"Instagram\" class=\"heateor_sss_button_instagram\" href=\"https:\/\/www.instagram.com\/\" title=\"Instagram\" rel=\"nofollow noopener\" target=\"_blank\" style=\"font-size:32px!important;box-shadow:none;display:inline-block;vertical-align:middle\"><span class=\"heateor_sss_svg\" style=\"background-color:#53beee;width:30px;height:30px;border-radius:999px;display:inline-block;opacity:1;float:left;font-size:32px;box-shadow:none;display:inline-block;font-size:16px;padding:0 4px;vertical-align:middle;background-repeat:repeat;overflow:hidden;padding:0;cursor:pointer;box-sizing:content-box\"><svg style=\"display:block;border-radius:999px;\" version=\"1.1\" viewBox=\"-10 -10 148 148\" width=\"100%\" height=\"100%\" xml:space=\"preserve\" xmlns=\"http:\/\/www.w3.org\/2000\/svg\" xmlns:xlink=\"http:\/\/www.w3.org\/1999\/xlink\"><g><g><path d=\"M86,112H42c-14.336,0-26-11.663-26-26V42c0-14.337,11.664-26,26-26h44c14.337,0,26,11.663,26,26v44 C112,100.337,100.337,112,86,112z M42,24c-9.925,0-18,8.074-18,18v44c0,9.925,8.075,18,18,18h44c9.926,0,18-8.075,18-18V42 c0-9.926-8.074-18-18-18H42z\" fill=\"#fff\"><\/path><\/g><g><path d=\"M64,88c-13.234,0-24-10.767-24-24c0-13.234,10.766-24,24-24s24,10.766,24,24C88,77.233,77.234,88,64,88z M64,48c-8.822,0-16,7.178-16,16s7.178,16,16,16c8.822,0,16-7.178,16-16S72.822,48,64,48z\" fill=\"#fff\"><\/path><\/g><g><circle cx=\"89.5\" cy=\"38.5\" fill=\"#fff\" r=\"5.5\"><\/circle><\/g><\/g><\/svg><\/span><\/a><a aria-label=\"X\" class=\"heateor_sss_button_x\" href=\"https:\/\/twitter.com\/intent\/tweet?text=Logement%20social&url=https%3A%2F%2Fricom-collectivites3.com%2Fccsb%2Findex.php%3Frest_route%3D%252Fwp%252Fv2%252Fpages%252F3091\" title=\"X\" rel=\"nofollow noopener\" target=\"_blank\" style=\"font-size:32px!important;box-shadow:none;display:inline-block;vertical-align:middle\"><span class=\"heateor_sss_svg heateor_sss_s__default heateor_sss_s_x\" style=\"background-color:#2a2a2a;width:30px;height:30px;border-radius:999px;display:inline-block;opacity:1;float:left;font-size:32px;box-shadow:none;display:inline-block;font-size:16px;padding:0 4px;vertical-align:middle;background-repeat:repeat;overflow:hidden;padding:0;cursor:pointer;box-sizing:content-box\"><svg width=\"100%\" height=\"100%\" style=\"display:block;border-radius:999px;\" focusable=\"false\" aria-hidden=\"true\" xmlns=\"http:\/\/www.w3.org\/2000\/svg\" viewBox=\"0 0 32 32\"><path fill=\"#fff\" d=\"M21.751 7h3.067l-6.7 7.658L26 25.078h-6.172l-4.833-6.32-5.531 6.32h-3.07l7.167-8.19L6 7h6.328l4.37 5.777L21.75 7Zm-1.076 16.242h1.7L11.404 8.74H9.58l11.094 14.503Z\"><\/path><\/svg><\/span><\/a><a aria-label=\"Print\" class=\"heateor_sss_button_print\" href=\"https:\/\/ricom-collectivites3.com\/ccsb\/index.php?rest_route=%2Fwp%2Fv2%2Fpages%2F3091\" onclick=\"event.preventDefault();window.print()\" title=\"Print\" rel=\"noopener\" style=\"font-size:32px!important;box-shadow:none;display:inline-block;vertical-align:middle\"><span class=\"heateor_sss_svg heateor_sss_s__default heateor_sss_s_print\" style=\"background-color:#fd6500;width:30px;height:30px;border-radius:999px;display:inline-block;opacity:1;float:left;font-size:32px;box-shadow:none;display:inline-block;font-size:16px;padding:0 4px;vertical-align:middle;background-repeat:repeat;overflow:hidden;padding:0;cursor:pointer;box-sizing:content-box\"><svg style=\"display:block;border-radius:999px;\" focusable=\"false\" aria-hidden=\"true\" xmlns=\"http:\/\/www.w3.org\/2000\/svg\" width=\"100%\" height=\"100%\" viewBox=\"-2.8 -4.5 35 35\"><path stroke=\"#fff\" class=\"heateor_sss_svg_stroke\" d=\"M 7 10 h 2 v 3 h 12 v -3 h 2 v 7 h -2 v -3 h -12 v 3 h -2 z\" stroke-width=\"1\" fill=\"#fff\"><\/path><rect class=\"heateor_sss_no_fill heateor_sss_svg_stroke\" stroke=\"#fff\" stroke-width=\"1.8\" height=\"7\" width=\"10\" x=\"10\" y=\"5\" fill=\"none\"><\/rect><rect class=\"heateor_sss_svg_stroke\" stroke=\"#fff\" stroke-width=\"1\" height=\"5\" width=\"8\" x=\"11\" y=\"16\" fill=\"#fff\"><\/rect><\/svg><\/span><\/a><\/div><div class=\"heateorSssClear\"><\/div><\/div>[\/et_pb_code][et_pb_text admin_label=\u00a0\u00bbBloc de t\u00e9l\u00e9chargement\u00a0\u00bb module_class=\u00a0\u00bbtelechargement\u00a0\u00bb _builder_version=\u00a0\u00bb4.24.0&Prime; _module_preset=\u00a0\u00bbdefault\u00a0\u00bb background_enable_color=\u00a0\u00bboff\u00a0\u00bb background_enable_image=\u00a0\u00bboff\u00a0\u00bb background_size=\u00a0\u00bbinitial\u00a0\u00bb background_position=\u00a0\u00bbtop_left\u00a0\u00bb custom_padding=\u00a0\u00bb0px|20px|20px|20px|false|true\u00a0\u00bb global_colors_info=\u00a0\u00bb{}\u00a0\u00bb]<\/p>\n<p><span class=\"tt_tel\">Documents<br \/><strong>\u00e0 t\u00e9l\u00e9charger<\/strong><\/span><\/p>\n<ul>\n<li><a href=\"https:\/\/ricom-collectivites3.com\/ccsb\/wp-content\/uploads\/2023\/12\/plaquette_logement_social.pdf\" target=\"_blank\" rel=\"noopener\">Plaquette d&rsquo;information sur le logement social en Sa\u00f4ne-Beaujolais<\/a><\/li>\n<\/ul>\n<p>[\/et_pb_text][et_pb_text admin_label=\u00a0\u00bbBloc contact\u00a0\u00bb module_class=\u00a0\u00bbsidebar_contact\u00a0\u00bb _builder_version=\u00a0\u00bb4.24.0&Prime; _module_preset=\u00a0\u00bbdefault\u00a0\u00bb text_font=\u00a0\u00bb||||||||\u00a0\u00bb text_font_size=\u00a0\u00bb1.1em\u00a0\u00bb text_line_height=\u00a0\u00bb1.3em\u00a0\u00bb header_4_font=\u00a0\u00bb|800|||||||\u00a0\u00bb background_color=\u00a0\u00bb#FFFFFF\u00a0\u00bb custom_padding=\u00a0\u00bb0px|0px|17px|30px|false|false\u00a0\u00bb border_width_all=\u00a0\u00bb1px\u00a0\u00bb border_style_all=\u00a0\u00bbdotted\u00a0\u00bb locked=\u00a0\u00bboff\u00a0\u00bb global_colors_info=\u00a0\u00bb{}\u00a0\u00bb]<\/p>\n<h3>Votre<br \/><strong>Contact<\/strong><\/h3>\n<p><strong><\/strong><\/p>\n<p><strong><span class=\"contact_service\">Maisons France Services<\/span><\/strong><br \/><span class=\"contact_telephone\">04 74 69 51 63 (Beaujeu)<br \/>04 74 04 65 21 (Belleville-en-Beaujolais)<\/span><\/p>\n<p>[\/et_pb_text][\/et_pb_column][\/et_pb_row][\/et_pb_section]<\/p>\n","protected":false},"excerpt":{"rendered":"<p>Qu&rsquo;est-ce que le logement social ? Le logement social est un logement dont la construction b\u00e9n\u00e9ficie de financements publics et qui est destin\u00e9 \u00e0 loger des personnes \u00e0 ressources modestes. Il existe trois cat\u00e9gories de logements sociaux : PLAI : Pr\u00eat locatif aid\u00e9 d\u2019int\u00e9gration (loyers les plus bas) PLUS : Pr\u00eat locatif \u00e0 usage social [&hellip;]<\/p>\n","protected":false},"author":3,"featured_media":0,"parent":297,"menu_order":0,"comment_status":"closed","ping_status":"closed","template":"","meta":{"_acf_changed":false,"_et_pb_use_builder":"on","_et_pb_old_content":"","_et_gb_content_width":"","_relevanssi_hide_post":"","_relevanssi_hide_content":"","_relevanssi_pin_for_all":"","_relevanssi_pin_keywords":"","_relevanssi_unpin_keywords":"","_relevanssi_related_keywords":"","_relevanssi_related_include_ids":"","_relevanssi_related_exclude_ids":"","_relevanssi_related_no_append":"","_relevanssi_related_not_related":"","_relevanssi_related_posts":"","_relevanssi_noindex_reason":"","footnotes":""},"class_list":["post-3091","page","type-page","status-publish","hentry"],"acf":[],"_links":{"self":[{"href":"https:\/\/ricom-collectivites3.com\/ccsb\/index.php?rest_route=\/wp\/v2\/pages\/3091","targetHints":{"allow":["GET"]}}],"collection":[{"href":"https:\/\/ricom-collectivites3.com\/ccsb\/index.php?rest_route=\/wp\/v2\/pages"}],"about":[{"href":"https:\/\/ricom-collectivites3.com\/ccsb\/index.php?rest_route=\/wp\/v2\/types\/page"}],"author":[{"embeddable":true,"href":"https:\/\/ricom-collectivites3.com\/ccsb\/index.php?rest_route=\/wp\/v2\/users\/3"}],"replies":[{"embeddable":true,"href":"https:\/\/ricom-collectivites3.com\/ccsb\/index.php?rest_route=%2Fwp%2Fv2%2Fcomments&post=3091"}],"version-history":[{"count":14,"href":"https:\/\/ricom-collectivites3.com\/ccsb\/index.php?rest_route=\/wp\/v2\/pages\/3091\/revisions"}],"predecessor-version":[{"id":4393,"href":"https:\/\/ricom-collectivites3.com\/ccsb\/index.php?rest_route=\/wp\/v2\/pages\/3091\/revisions\/4393"}],"up":[{"embeddable":true,"href":"https:\/\/ricom-collectivites3.com\/ccsb\/index.php?rest_route=\/wp\/v2\/pages\/297"}],"wp:attachment":[{"href":"https:\/\/ricom-collectivites3.com\/ccsb\/index.php?rest_route=%2Fwp%2Fv2%2Fmedia&parent=3091"}],"curies":[{"name":"wp","href":"https:\/\/api.w.org\/{rel}","templated":true}]}}