{"id":307,"date":"2023-10-16T15:50:45","date_gmt":"2023-10-16T15:50:45","guid":{"rendered":"http:\/\/ricom-web7.com\/ccsb\/equipements-touristiques\/"},"modified":"2024-02-22T13:00:51","modified_gmt":"2024-02-22T13:00:51","slug":"equipements-touristiques","status":"publish","type":"page","link":"https:\/\/ricom-collectivites3.com\/ccsb\/?page_id=307","title":{"rendered":"Equipements touristiques"},"content":{"rendered":"<p>[et_pb_section fb_built=\u00a0\u00bb1&Prime; module_class=\u00a0\u00bbfd_raye\u00a0\u00bb _builder_version=\u00a0\u00bb4.24.2&Prime; _module_preset=\u00a0\u00bbdefault\u00a0\u00bb background_enable_color=\u00a0\u00bboff\u00a0\u00bb custom_padding=\u00a0\u00bb30px||0px|||\u00a0\u00bb locked=\u00a0\u00bboff\u00a0\u00bb global_colors_info=\u00a0\u00bb{}\u00a0\u00bb theme_builder_area=\u00a0\u00bbpost_content\u00a0\u00bb][et_pb_row _builder_version=\u00a0\u00bb4.23.1&Prime; _module_preset=\u00a0\u00bbdefault\u00a0\u00bb background_color=\u00a0\u00bb#FFFFFF\u00a0\u00bb width=\u00a0\u00bb100%\u00a0\u00bb max_width=\u00a0\u00bb1150px\u00a0\u00bb module_alignment=\u00a0\u00bbcenter\u00a0\u00bb custom_padding=\u00a0\u00bb23px|25px|0px|25px|false|true\u00a0\u00bb global_colors_info=\u00a0\u00bb{}\u00a0\u00bb theme_builder_area=\u00a0\u00bbpost_content\u00a0\u00bb][et_pb_column type=\u00a0\u00bb4_4&Prime; _builder_version=\u00a0\u00bb4.20.4&Prime; _module_preset=\u00a0\u00bbdefault\u00a0\u00bb global_colors_info=\u00a0\u00bb{}\u00a0\u00bb theme_builder_area=\u00a0\u00bbpost_content\u00a0\u00bb][et_pb_post_title _builder_version=\u00a0\u00bb4.20.4&Prime; _module_preset=\u00a0\u00bbdefault\u00a0\u00bb locked=\u00a0\u00bbon\u00a0\u00bb global_colors_info=\u00a0\u00bb{}\u00a0\u00bb theme_builder_area=\u00a0\u00bbpost_content\u00a0\u00bb][\/et_pb_post_title][\/et_pb_column][\/et_pb_row][\/et_pb_section][et_pb_section fb_built=\u00a0\u00bb1&Prime; _builder_version=\u00a0\u00bb4.20.4&Prime; _module_preset=\u00a0\u00bbdefault\u00a0\u00bb custom_padding=\u00a0\u00bb28px|||||\u00a0\u00bb locked=\u00a0\u00bboff\u00a0\u00bb global_colors_info=\u00a0\u00bb{}\u00a0\u00bb theme_builder_area=\u00a0\u00bbpost_content\u00a0\u00bb][et_pb_row _builder_version=\u00a0\u00bb4.24.2&Prime; _module_preset=\u00a0\u00bbdefault\u00a0\u00bb max_width=\u00a0\u00bb900px\u00a0\u00bb module_alignment=\u00a0\u00bbcenter\u00a0\u00bb custom_padding=\u00a0\u00bb0px|||||\u00a0\u00bb global_colors_info=\u00a0\u00bb{}\u00a0\u00bb theme_builder_area=\u00a0\u00bbpost_content\u00a0\u00bb][et_pb_column type=\u00a0\u00bb4_4&Prime; _builder_version=\u00a0\u00bb4.24.2&Prime; _module_preset=\u00a0\u00bbdefault\u00a0\u00bb global_colors_info=\u00a0\u00bb{}\u00a0\u00bb theme_builder_area=\u00a0\u00bbpost_content\u00a0\u00bb][et_pb_text _builder_version=\u00a0\u00bb4.24.2&Prime; _module_preset=\u00a0\u00bbdefault\u00a0\u00bb global_colors_info=\u00a0\u00bb{}\u00a0\u00bb theme_builder_area=\u00a0\u00bbpost_content\u00a0\u00bb]<\/p>\n<h2>Liste des pages de cette rubrique<\/h2>\n<p>[\/et_pb_text][et_pb_code _builder_version=\u00a0\u00bb4.24.2&Prime; _module_preset=\u00a0\u00bbdefault\u00a0\u00bb global_colors_info=\u00a0\u00bb{}\u00a0\u00bb theme_builder_area=\u00a0\u00bbpost_content\u00a0\u00bb]<div class=\"sous-pages\"><div id=\"parent-3490\" class=\"parent-page\">\r\n        <a href=\"https:\/\/ricom-collectivites3.com\/ccsb\/?page_id=3490\" title=\"Le Mont-Brouilly et le Clos Vitis\">Le Mont-Brouilly et le Clos Vitis<\/a>\r\n        <\/div><div id=\"parent-3493\" class=\"parent-page\">\r\n        <a href=\"https:\/\/ricom-collectivites3.com\/ccsb\/?page_id=3493\" title=\"La Terrasse de Chiroubles\">La Terrasse de Chiroubles<\/a>\r\n        <\/div><div id=\"parent-3495\" class=\"parent-page\">\r\n        <a href=\"https:\/\/ricom-collectivites3.com\/ccsb\/?page_id=3495\" title=\"Le massif du Saint-Rigaud\">Le massif du Saint-Rigaud<\/a>\r\n        <\/div><div id=\"parent-3497\" class=\"parent-page\">\r\n        <a href=\"https:\/\/ricom-collectivites3.com\/ccsb\/?page_id=3497\" title=\"Le site de la Roche\">Le site de la Roche<\/a>\r\n        <\/div><div id=\"parent-3499\" class=\"parent-page\">\r\n        <a href=\"https:\/\/ricom-collectivites3.com\/ccsb\/?page_id=3499\" title=\"L&rsquo;\u00cele aux loisirs de Trades et le site de cyclo-cross\">L&rsquo;\u00cele aux loisirs de Trades et le site de cyclo-cross<\/a>\r\n        <\/div><div id=\"parent-3506\" class=\"parent-page\">\r\n        <a href=\"https:\/\/ricom-collectivites3.com\/ccsb\/?page_id=3506\" title=\"L&rsquo;H\u00f4tel-Dieu de Belleville-en-Beaujolais\">L&rsquo;H\u00f4tel-Dieu de Belleville-en-Beaujolais<\/a>\r\n        <\/div><div id=\"parent-508\" class=\"parent-page\">\r\n        <a href=\"https:\/\/ricom-collectivites3.com\/ccsb\/?page_id=508\" title=\"Le site du Col de Crie et la Maison de la randonn\u00e9e et du trail\">Le site du Col de Crie et la Maison de la randonn\u00e9e et du trail<\/a>\r\n        <\/div><div id=\"parent-509\" class=\"parent-page\">\r\n        <a href=\"https:\/\/ricom-collectivites3.com\/ccsb\/?page_id=509\" title=\"La Maison du terroir beaujolais\">La Maison du terroir beaujolais<\/a>\r\n        <\/div><\/div>[\/et_pb_code][\/et_pb_column][\/et_pb_row][\/et_pb_section]<\/p>\n","protected":false},"excerpt":{"rendered":"<p>Promotion du territoire et valorisation du terroir La Maison du terroir beaujolais est un \u00e9tablissement touristique g\u00e9r\u00e9 par la communaut\u00e9 de communes. Le site a pour vocation la promotion du Beaujolais de notre territoire et la valorisation de notre terroir et de ses produits. &nbsp; Dans cet espace de saveurs et de d\u00e9couverteVous trouverez : [&hellip;]<\/p>\n","protected":false},"author":1,"featured_media":0,"parent":286,"menu_order":0,"comment_status":"open","ping_status":"closed","template":"","meta":{"_acf_changed":false,"_et_pb_use_builder":"on","_et_pb_old_content":"","_et_gb_content_width":"","_relevanssi_hide_post":"","_relevanssi_hide_content":"","_relevanssi_pin_for_all":"","_relevanssi_pin_keywords":"","_relevanssi_unpin_keywords":"","_relevanssi_related_keywords":"","_relevanssi_related_include_ids":"","_relevanssi_related_exclude_ids":"","_relevanssi_related_no_append":"","_relevanssi_related_not_related":"","_relevanssi_related_posts":"","_relevanssi_noindex_reason":"","footnotes":""},"class_list":["post-307","page","type-page","status-publish","hentry"],"acf":[],"_links":{"self":[{"href":"https:\/\/ricom-collectivites3.com\/ccsb\/index.php?rest_route=\/wp\/v2\/pages\/307","targetHints":{"allow":["GET"]}}],"collection":[{"href":"https:\/\/ricom-collectivites3.com\/ccsb\/index.php?rest_route=\/wp\/v2\/pages"}],"about":[{"href":"https:\/\/ricom-collectivites3.com\/ccsb\/index.php?rest_route=\/wp\/v2\/types\/page"}],"author":[{"embeddable":true,"href":"https:\/\/ricom-collectivites3.com\/ccsb\/index.php?rest_route=\/wp\/v2\/users\/1"}],"replies":[{"embeddable":true,"href":"https:\/\/ricom-collectivites3.com\/ccsb\/index.php?rest_route=%2Fwp%2Fv2%2Fcomments&post=307"}],"version-history":[{"count":5,"href":"https:\/\/ricom-collectivites3.com\/ccsb\/index.php?rest_route=\/wp\/v2\/pages\/307\/revisions"}],"predecessor-version":[{"id":4993,"href":"https:\/\/ricom-collectivites3.com\/ccsb\/index.php?rest_route=\/wp\/v2\/pages\/307\/revisions\/4993"}],"up":[{"embeddable":true,"href":"https:\/\/ricom-collectivites3.com\/ccsb\/index.php?rest_route=\/wp\/v2\/pages\/286"}],"wp:attachment":[{"href":"https:\/\/ricom-collectivites3.com\/ccsb\/index.php?rest_route=%2Fwp%2Fv2%2Fmedia&parent=307"}],"curies":[{"name":"wp","href":"https:\/\/api.w.org\/{rel}","templated":true}]}}