{"id":3036,"date":"2023-12-19T16:33:07","date_gmt":"2023-12-19T16:33:07","guid":{"rendered":"https:\/\/ricom-web7.com\/ccsb\/?page_id=3036"},"modified":"2024-01-09T10:29:24","modified_gmt":"2024-01-09T10:29:24","slug":"liste-des-structures","status":"publish","type":"page","link":"https:\/\/ricom-collectivites3.com\/ccsb\/?page_id=3036","title":{"rendered":"Liste des structures RPE"},"content":{"rendered":"<p>[et_pb_section fb_built=\u00a0\u00bb1&Prime; module_class=\u00a0\u00bbfd_raye\u00a0\u00bb _builder_version=\u00a0\u00bb4.20.4&Prime; _module_preset=\u00a0\u00bbdefault\u00a0\u00bb background_enable_color=\u00a0\u00bboff\u00a0\u00bb background_image=\u00a0\u00bbhttps:\/\/ricom-collectivites3.com\/ccsb\/wp-content\/uploads\/2023\/10\/bandeau2.jpg\u00a0\u00bb custom_padding=\u00a0\u00bb62px||0px|||\u00a0\u00bb locked=\u00a0\u00bboff\u00a0\u00bb global_colors_info=\u00a0\u00bb{}\u00a0\u00bb][et_pb_row _builder_version=\u00a0\u00bb4.20.4&Prime; _module_preset=\u00a0\u00bbdefault\u00a0\u00bb background_color=\u00a0\u00bb#FFFFFF\u00a0\u00bb width=\u00a0\u00bb100%\u00a0\u00bb max_width=\u00a0\u00bb1150px\u00a0\u00bb module_alignment=\u00a0\u00bbcenter\u00a0\u00bb custom_padding=\u00a0\u00bb23px|25px|0px|25px|false|true\u00a0\u00bb global_colors_info=\u00a0\u00bb{}\u00a0\u00bb][et_pb_column type=\u00a0\u00bb4_4&Prime; _builder_version=\u00a0\u00bb4.20.4&Prime; _module_preset=\u00a0\u00bbdefault\u00a0\u00bb global_colors_info=\u00a0\u00bb{}\u00a0\u00bb][et_pb_post_title _builder_version=\u00a0\u00bb4.20.4&Prime; _module_preset=\u00a0\u00bbdefault\u00a0\u00bb locked=\u00a0\u00bbon\u00a0\u00bb global_colors_info=\u00a0\u00bb{}\u00a0\u00bb][\/et_pb_post_title][\/et_pb_column][\/et_pb_row][\/et_pb_section][et_pb_section fb_built=\u00a0\u00bb1&Prime; _builder_version=\u00a0\u00bb4.20.4&Prime; _module_preset=\u00a0\u00bbdefault\u00a0\u00bb custom_padding=\u00a0\u00bb28px|||||\u00a0\u00bb global_colors_info=\u00a0\u00bb{}\u00a0\u00bb][et_pb_row column_structure=\u00a0\u00bb2_3,1_3&Prime; use_custom_gutter=\u00a0\u00bbon\u00a0\u00bb gutter_width=\u00a0\u00bb2&Prime; _builder_version=\u00a0\u00bb4.20.4&Prime; _module_preset=\u00a0\u00bbdefault\u00a0\u00bb width=\u00a0\u00bb100%\u00a0\u00bb max_width=\u00a0\u00bb1100px\u00a0\u00bb min_height=\u00a0\u00bb3636.5px\u00a0\u00bb custom_padding=\u00a0\u00bb0px|||||\u00a0\u00bb global_colors_info=\u00a0\u00bb{}\u00a0\u00bb][et_pb_column type=\u00a0\u00bb2_3&Prime; _builder_version=\u00a0\u00bb4.20.4&Prime; _module_preset=\u00a0\u00bbdefault\u00a0\u00bb global_colors_info=\u00a0\u00bb{}\u00a0\u00bb][et_pb_text admin_label=\u00a0\u00bbCorps de texte\u00a0\u00bb _builder_version=\u00a0\u00bb4.23.4&Prime; _module_preset=\u00a0\u00bbdefault\u00a0\u00bb hover_enabled=\u00a0\u00bb0&Prime; locked=\u00a0\u00bboff\u00a0\u00bb global_colors_info=\u00a0\u00bb{}\u00a0\u00bb sticky_enabled=\u00a0\u00bb0&Prime;]<\/p>\n<h2>RPE Les P\u2019tits Lapins \u2013 Belleville-en-Beaujolais<\/h2>\n<blockquote>\n<p>Le Relais Petite Enfance Les P\u2019tits Lapins est un lieu \u00e0 destination des assistant(e)s maternel(le)s Belleville-en-Beaujolais et Taponas, des familles et des enfants. Il offre ainsi un lieu de rencontres, d\u2019\u00e9changes, bas\u00e9 autour de l\u2019enfant, du jeu, et d\u2019activit\u00e9s pour les professionnels.<\/p>\n<\/blockquote>\n<p><strong>Pour les familles :<\/strong><\/p>\n<ul>\n<li>Informer et orienter sur l\u2019ensemble des modes d\u2019accueil existants sur le territoire<\/li>\n<li>D\u00e9livrer une information g\u00e9n\u00e9rale en mati\u00e8re de droit du travail,<\/li>\n<li>Orienter les parents vers les interlocuteurs privil\u00e9gi\u00e9s en cas de questions sp\u00e9cifiques<\/li>\n<\/ul>\n<p><strong>En direction des<\/strong> <strong>professionnels Assistants Maternels (AM) et garde d\u2019enfants \u00e0 domicile<\/strong>:<\/p>\n<ul>\n<li>informer quant aux conditions d\u2019acc\u00e8s et d\u2019exercice de ces m\u00e9tiers (statuts, convention collective, agr\u00e9ment, formation, r\u00e9gime fiscal, tarifs\u2026)<\/li>\n<li>proposition de formations<\/li>\n<li>informer sur les diff\u00e9rentes aides auxquelles ils peuvent pr\u00e9tendre<\/li>\n<li>informer les futurs professionnels sur l\u2019ensemble des m\u00e9tiers de la petite enfance<\/li>\n<\/ul>\n<p>Les animatrices du RPE, propose des temps d\u2019animation collectif pour les gardes \u00e0 domicile, les assistants maternels et les enfants de moins de 6 ans. Des ateliers parents\/enfants sont propos\u00e9s en matin\u00e9e. Des portes ouvertes, conf\u00e9rences, ateliers parentalit\u00e9s, sont propos\u00e9s tout au long de l\u2019ann\u00e9e \u00e0 destination des professionnels et des familles.<\/p>\n<h3>Horaires d&rsquo;ouverture\u00a0:<\/h3>\n<ul>\n<li>Lundi et mardi de 8h00 \u00e0 19h00<\/li>\n<li>Mercredi de 8h00 \u00e0 11h30<\/li>\n<li>Jeudi et vendredi de 8h00 \u00e0 17h00<\/li>\n<li>Fermeture 4 semaines en \u00e9t\u00e9 et une semaine \u00e0 Noel<\/li>\n<\/ul>\n<h3>Temps collectifs\u00a0:<\/h3>\n<ul>\n<li>Tous les matins de 8h30 \u00e0 11h30<\/li>\n<li>Un apr\u00e8s-midi par semaine le lundi ou jeudi de 13h00 \u00e0 16h30<\/li>\n<\/ul>\n<p><strong>Contact<\/strong> : 15 Rue des Ecoles &#8211; 69220 Belleville-en-Beaujolais<\/p>\n<p><strong>Tel<\/strong> : 04.74.66.10.85\u00a0 \u00a0 \u00a0 \u00a0 \u00a0<strong> Mail<\/strong> :\u00a0<a href=\"mailto:ptits.lapins@wanadoo.fr\">ptits.lapins@wanadoo.fr<\/a><\/p>\n<p>&nbsp;<\/p>\n<h2>RPEI Les Petits Lapins en Balade \u2013 Belleville-en-Beaujolais<\/h2>\n<blockquote>\n<p>Le Relais Petite Enfance Itin\u00e9rant \u00ab Les P\u2019tits Lapins en Balade \u00bb est un service gratuit,\u00a0 \u00e0 destination des assistant(e)s maternel(le)s et parents employeurs. Il est g\u00e9r\u00e9 par un bureau de b\u00e9n\u00e9voles et anim\u00e9 par une \u00e9ducatrice de jeunes enfants.<\/p>\n<\/blockquote>\n<p>Le RPEI intervient sur 7 communes autour de Belleville-en-Beaujolais\u00a0: Saint-Georges-de-Reneins, Charentay, Odenas, Saint-Etienne-La-Varenne, Saint-Lager, Cerci\u00e9 et Drac\u00e9.<\/p>\n<p><strong>Les missions \u00e0 destination des assistant(e)s maternel(le)s<\/strong>\u00a0: proposition de temps collectifs en pr\u00e9sence des enfants de moins de 6 ans (lieu d\u2019\u00e9change, d\u2019\u00e9coute, de d\u00e9couvertes, ateliers\u2026), aide \u00e0 la professionnalisation (\u00e9changes, formations\u2026), informations et aide sur les contrats de travail, la convention collective\u2026<\/p>\n<p><strong>Les missions\u00a0\u00e0 destination des familles<\/strong>\u00a0:\u00a0 accompagnement dans la recherche d\u2019un mode de garde et dans le r\u00f4le de parent employeur d\u2019assistant(e) maternel(le) (contrat, informations sur la convention collective, proposition de conf\u00e9rences\u2026). Temps collectifs parents\/enfants une fois par mois.<\/p>\n<h3>Permanences pour les familles et assistant(e)s maternel(le)s\u00a0:<\/h3>\n<p>Lundi de 13h00 \u00e0 19h00 (\u00e0 Saint-Georges-de-Reneins ou Belleville-en-Beaujolais) \u2013 Mardi de 13h00 \u00e0 16h30 \u2013 Vendredi de 13h00 \u00e0 16h30.<\/p>\n<p><strong>Contact :<\/strong> St\u00e9phanie CAHORS<\/p>\n<p>15, rue des Ecoles \u2013 69220 BELLEVILLE-EN-BEAUJOLAIS<\/p>\n<p><strong>Tel<\/strong> : 06 01 06 61 34\u00a0 \u00a0 \u00a0 \u00a0 \u00a0 \u00a0<strong>Mail<\/strong> : <a href=\"mailto:rami.ptitslapinsenbalade@gmail.com\">rami.ptitslapinsenbalade@gmail.com<\/a><\/p>\n<p>&nbsp;<\/p>\n<h2>RPEI Bambin\u2019o\u00f9 \u2013 Villi\u00e9-Morgon<\/h2>\n<blockquote>\n<p>Le Relais petite enfance \u00ab\u00a0Bambin&rsquo;o\u00f9? est n\u00e9 en 2005. Il est g\u00e9r\u00e9 par une association d\u2019assistant(e)s Maternel(le)s et de parents. Il couvre\u00a019 communes.<\/p>\n<\/blockquote>\n<p>C\u2019est un service d\u2019information, d\u2019accompagnement et d\u2019animation \u00e0 destination des Professionnels de l\u2019accueil Individuel, des parents et des enfants de \u2013 de 6ans.<\/p>\n<p>Pour les Professionnels de l\u2019accueil individuel\u00a0: actualisation et mutualisation des pratiques professionnelles, facilitateur des relations avec l\u2019employeur, encouragement \u00e0 la formation, rompt l\u2019isolement, location de mat\u00e9riel de pu\u00e9riculture\u2026.<\/p>\n<p><strong>Pour les parents\u00a0<\/strong>: information sur les diff\u00e9rents modes d\u2019accueil, mise en relation avec les Assistant(s) Maternel(le)s, aide \u00e0 la fonction d\u2019employeur, lieu d\u2019\u00e9change et d\u2019\u00e9coute\u2026<\/p>\n<p><strong>Pour les enfants\u00a0:<\/strong> lieu de jeux et de socialisation.<\/p>\n<h3>Permanences administratives au RPE de Villi\u00e9-Morgon:<\/h3>\n<ul>\n<li>Lundi 8h30 \u00e0 11h30<\/li>\n<li>Mardi et Jeudi de 17h00 \u00e0 19h00<\/li>\n<\/ul>\n<h3>Temps collectifs\u00a0:<\/h3>\n<ul>\n<li>Tous les matins de 8h30 \u00e0 11h45 au Relais Fixe de Villi\u00e9-Morgon<\/li>\n<\/ul>\n<h3>Temps d\u2019animation itin\u00e9rants\u00a0: dans les 19 salles communales<\/h3>\n<ul>\n<li>Mardi et Jeudi Matin de 8h45 \u00e0 11h45 (ouvert \u00e0 TOUS, Assistant(s) Maternel(le)s\u00a0, parents, enfants, gardes \u00e0 domicile et assistants familiaux)<\/li>\n<li>Vendredi et 1 mercredi\/mois de 8h45 \u00e0 11h45 (r\u00e9serv\u00e9 aux professionnels de l\u2019accueil individuel).<\/li>\n<\/ul>\n<p><strong>Contact :<\/strong> 220 Avenue J.B. Sornay &#8211; 69910 Villi\u00e9-Morgon<\/p>\n<p><strong>Tel<\/strong> : 04.74.04.27.21 ou 06.20.11.55.65\u00a0 \u00a0 \u00a0 \u00a0 \u00a0 <strong>Mail<\/strong> : r<a href=\"mailto:pe.bambinou@orange.fr\">pe.bambinou@orange.fr<\/a><\/p>\n<p>&nbsp;<\/p>\n<h2>RPEI La Ronde des Sapinous \u2013 Deux-Grosnes<\/h2>\n<blockquote>\n<p>Le RPEI \u00ab\u00a0la Ronde des Sapinous\u00a0\u00bb a pour particularit\u00e9 d&rsquo;\u00eatre itin\u00e9rant et de ce fait il part \u00e0 la rencontre des personnes habitants sur le territoire pour \u00eatre au plus pr\u00e8s de leurs besoins.<\/p>\n<\/blockquote>\n<p>Cr\u00e9\u00e9 en 2013, il se situe sur un territoire de 12 communes et intervient sur les communes de Monsols et de St Cl\u00e9ment de Vers pour la CCSB.<\/p>\n<h3><strong>Horaires :\u00a0<\/strong><\/h3>\n<p><strong>Temps d&rsquo;animation : <\/strong>Mardi et Jeudi de 9h00 \u00e0 11h30<\/p>\n<p><strong>Temps de permanence<\/strong> : Lundi de 9h00 \u00e0 13h00 et le Mardi de 13h00 \u00e0 18h00<\/p>\n<p><strong>Plus d&rsquo;info : <a href=\"https:\/\/www.centresocialvhb.fr\/relais-petite-enfance-la-ronde-des-sapinous\/\" target=\"_blank\" rel=\"noopener\">RPE CENTRE SOCIAL VHB<\/a><\/strong><\/p>\n<p><strong>Contacts :<\/strong> 327 Mont\u00e9e des Esses- Monsols &#8211; 69860 DEUX-GROSNES<br \/>T\u00e9l 04 74 04 73 87\u00a0 \u00a0 \u00a0 \u00a0 \u00a0 Mail : <a href=\"https:\/\/fra01.safelinks.protection.outlook.com\/?url=http%3A%2F%2Fwww.ccsb-saonebeaujolais.fr%2Fdefault%2Fmailto%2520%3A%2520rondedessapinous%40orange.fr&amp;data=05%7C01%7Cs.duvernay%40ccsb-saonebeaujolais.fr%7C14e24a22167a412a24d408dbf03148f2%7C7eaf81bb3892404aa84f9ec64972707a%7C0%7C0%7C638367866693636626%7CUnknown%7CTWFpbGZsb3d8eyJWIjoiMC4wLjAwMDAiLCJQIjoiV2luMzIiLCJBTiI6Ik1haWwiLCJXVCI6Mn0%3D%7C3000%7C%7C%7C&amp;sdata=l4y16qIqEYCZmxwm1lRhWTm%2BoCtxcKlUMpBJVbFalz4%3D&amp;reserved=0\">sapinous@centresocialvhb.fr<\/a><\/p>\n<p>[\/et_pb_text][\/et_pb_column][et_pb_column type=\u00a0\u00bb1_3&Prime; _builder_version=\u00a0\u00bb4.20.4&Prime; _module_preset=\u00a0\u00bbdefault\u00a0\u00bb global_colors_info=\u00a0\u00bb{}\u00a0\u00bb][et_pb_code module_id=\u00a0\u00bbpartager\u00a0\u00bb _builder_version=\u00a0\u00bb4.23.1&Prime; _module_preset=\u00a0\u00bbdefault\u00a0\u00bb text_orientation=\u00a0\u00bbcenter\u00a0\u00bb custom_margin=\u00a0\u00bb||10px||false|false\u00a0\u00bb custom_padding=\u00a0\u00bb||10px||false|false\u00a0\u00bb border_style_bottom=\u00a0\u00bbdotted\u00a0\u00bb global_module=\u00a0\u00bb2806&Prime; saved_tabs=\u00a0\u00bball\u00a0\u00bb locked=\u00a0\u00bboff\u00a0\u00bb global_colors_info=\u00a0\u00bb{}\u00a0\u00bb]<span class=\"partager\">Partager ce contenu<\/span><!-- [et_pb_line_break_holder] --><div class=\"heateor_sss_sharing_container heateor_sss_horizontal_sharing\" data-heateor-ss-offset=\"0\" data-heateor-sss-href='https:\/\/ricom-collectivites3.com\/ccsb\/index.php?rest_route=%2Fwp%2Fv2%2Fpages%2F3036'><div class=\"heateor_sss_sharing_ul\"><a aria-label=\"Facebook\" class=\"heateor_sss_facebook\" href=\"https:\/\/www.facebook.com\/sharer\/sharer.php?u=https%3A%2F%2Fricom-collectivites3.com%2Fccsb%2Findex.php%3Frest_route%3D%252Fwp%252Fv2%252Fpages%252F3036\" title=\"Facebook\" rel=\"nofollow noopener\" target=\"_blank\" style=\"font-size:32px!important;box-shadow:none;display:inline-block;vertical-align:middle\"><span class=\"heateor_sss_svg\" style=\"background-color:#0765FE;width:30px;height:30px;border-radius:999px;display:inline-block;opacity:1;float:left;font-size:32px;box-shadow:none;display:inline-block;font-size:16px;padding:0 4px;vertical-align:middle;background-repeat:repeat;overflow:hidden;padding:0;cursor:pointer;box-sizing:content-box\"><svg style=\"display:block;border-radius:999px;\" focusable=\"false\" aria-hidden=\"true\" xmlns=\"http:\/\/www.w3.org\/2000\/svg\" width=\"100%\" height=\"100%\" viewBox=\"0 0 32 32\"><path fill=\"#fff\" d=\"M28 16c0-6.627-5.373-12-12-12S4 9.373 4 16c0 5.628 3.875 10.35 9.101 11.647v-7.98h-2.474V16H13.1v-1.58c0-4.085 1.849-5.978 5.859-5.978.76 0 2.072.15 2.608.298v3.325c-.283-.03-.775-.045-1.386-.045-1.967 0-2.728.745-2.728 2.683V16h3.92l-.673 3.667h-3.247v8.245C23.395 27.195 28 22.135 28 16Z\"><\/path><\/svg><\/span><\/a><a aria-label=\"Linkedin\" class=\"heateor_sss_button_linkedin\" href=\"https:\/\/www.linkedin.com\/sharing\/share-offsite\/?url=https%3A%2F%2Fricom-collectivites3.com%2Fccsb%2Findex.php%3Frest_route%3D%252Fwp%252Fv2%252Fpages%252F3036\" title=\"Linkedin\" rel=\"nofollow noopener\" target=\"_blank\" style=\"font-size:32px!important;box-shadow:none;display:inline-block;vertical-align:middle\"><span class=\"heateor_sss_svg heateor_sss_s__default heateor_sss_s_linkedin\" style=\"background-color:#0077b5;width:30px;height:30px;border-radius:999px;display:inline-block;opacity:1;float:left;font-size:32px;box-shadow:none;display:inline-block;font-size:16px;padding:0 4px;vertical-align:middle;background-repeat:repeat;overflow:hidden;padding:0;cursor:pointer;box-sizing:content-box\"><svg style=\"display:block;border-radius:999px;\" focusable=\"false\" aria-hidden=\"true\" xmlns=\"http:\/\/www.w3.org\/2000\/svg\" width=\"100%\" height=\"100%\" viewBox=\"0 0 32 32\"><path d=\"M6.227 12.61h4.19v13.48h-4.19V12.61zm2.095-6.7a2.43 2.43 0 0 1 0 4.86c-1.344 0-2.428-1.09-2.428-2.43s1.084-2.43 2.428-2.43m4.72 6.7h4.02v1.84h.058c.56-1.058 1.927-2.176 3.965-2.176 4.238 0 5.02 2.792 5.02 6.42v7.395h-4.183v-6.56c0-1.564-.03-3.574-2.178-3.574-2.18 0-2.514 1.7-2.514 3.46v6.668h-4.187V12.61z\" fill=\"#fff\"><\/path><\/svg><\/span><\/a><a aria-label=\"Whatsapp\" class=\"heateor_sss_whatsapp\" href=\"https:\/\/api.whatsapp.com\/send?text=Liste%20des%20structures%20RPE%20https%3A%2F%2Fricom-collectivites3.com%2Fccsb%2Findex.php%3Frest_route%3D%252Fwp%252Fv2%252Fpages%252F3036\" title=\"Whatsapp\" rel=\"nofollow noopener\" target=\"_blank\" style=\"font-size:32px!important;box-shadow:none;display:inline-block;vertical-align:middle\"><span class=\"heateor_sss_svg\" style=\"background-color:#55eb4c;width:30px;height:30px;border-radius:999px;display:inline-block;opacity:1;float:left;font-size:32px;box-shadow:none;display:inline-block;font-size:16px;padding:0 4px;vertical-align:middle;background-repeat:repeat;overflow:hidden;padding:0;cursor:pointer;box-sizing:content-box\"><svg style=\"display:block;border-radius:999px;\" focusable=\"false\" aria-hidden=\"true\" xmlns=\"http:\/\/www.w3.org\/2000\/svg\" width=\"100%\" height=\"100%\" viewBox=\"-6 -5 40 40\"><path class=\"heateor_sss_svg_stroke heateor_sss_no_fill\" stroke=\"#fff\" stroke-width=\"2\" fill=\"none\" d=\"M 11.579798566743314 24.396926207859085 A 10 10 0 1 0 6.808479557110079 20.73576436351046\"><\/path><path d=\"M 7 19 l -1 6 l 6 -1\" class=\"heateor_sss_no_fill heateor_sss_svg_stroke\" stroke=\"#fff\" stroke-width=\"2\" fill=\"none\"><\/path><path d=\"M 10 10 q -1 8 8 11 c 5 -1 0 -6 -1 -3 q -4 -3 -5 -5 c 4 -2 -1 -5 -1 -4\" fill=\"#fff\"><\/path><\/svg><\/span><\/a><a aria-label=\"Instagram\" class=\"heateor_sss_button_instagram\" href=\"https:\/\/www.instagram.com\/\" title=\"Instagram\" rel=\"nofollow noopener\" target=\"_blank\" style=\"font-size:32px!important;box-shadow:none;display:inline-block;vertical-align:middle\"><span class=\"heateor_sss_svg\" style=\"background-color:#53beee;width:30px;height:30px;border-radius:999px;display:inline-block;opacity:1;float:left;font-size:32px;box-shadow:none;display:inline-block;font-size:16px;padding:0 4px;vertical-align:middle;background-repeat:repeat;overflow:hidden;padding:0;cursor:pointer;box-sizing:content-box\"><svg style=\"display:block;border-radius:999px;\" version=\"1.1\" viewBox=\"-10 -10 148 148\" width=\"100%\" height=\"100%\" xml:space=\"preserve\" xmlns=\"http:\/\/www.w3.org\/2000\/svg\" xmlns:xlink=\"http:\/\/www.w3.org\/1999\/xlink\"><g><g><path d=\"M86,112H42c-14.336,0-26-11.663-26-26V42c0-14.337,11.664-26,26-26h44c14.337,0,26,11.663,26,26v44 C112,100.337,100.337,112,86,112z M42,24c-9.925,0-18,8.074-18,18v44c0,9.925,8.075,18,18,18h44c9.926,0,18-8.075,18-18V42 c0-9.926-8.074-18-18-18H42z\" fill=\"#fff\"><\/path><\/g><g><path d=\"M64,88c-13.234,0-24-10.767-24-24c0-13.234,10.766-24,24-24s24,10.766,24,24C88,77.233,77.234,88,64,88z M64,48c-8.822,0-16,7.178-16,16s7.178,16,16,16c8.822,0,16-7.178,16-16S72.822,48,64,48z\" fill=\"#fff\"><\/path><\/g><g><circle cx=\"89.5\" cy=\"38.5\" fill=\"#fff\" r=\"5.5\"><\/circle><\/g><\/g><\/svg><\/span><\/a><a aria-label=\"X\" class=\"heateor_sss_button_x\" href=\"https:\/\/twitter.com\/intent\/tweet?text=Liste%20des%20structures%20RPE&url=https%3A%2F%2Fricom-collectivites3.com%2Fccsb%2Findex.php%3Frest_route%3D%252Fwp%252Fv2%252Fpages%252F3036\" title=\"X\" rel=\"nofollow noopener\" target=\"_blank\" style=\"font-size:32px!important;box-shadow:none;display:inline-block;vertical-align:middle\"><span class=\"heateor_sss_svg heateor_sss_s__default heateor_sss_s_x\" style=\"background-color:#2a2a2a;width:30px;height:30px;border-radius:999px;display:inline-block;opacity:1;float:left;font-size:32px;box-shadow:none;display:inline-block;font-size:16px;padding:0 4px;vertical-align:middle;background-repeat:repeat;overflow:hidden;padding:0;cursor:pointer;box-sizing:content-box\"><svg width=\"100%\" height=\"100%\" style=\"display:block;border-radius:999px;\" focusable=\"false\" aria-hidden=\"true\" xmlns=\"http:\/\/www.w3.org\/2000\/svg\" viewBox=\"0 0 32 32\"><path fill=\"#fff\" d=\"M21.751 7h3.067l-6.7 7.658L26 25.078h-6.172l-4.833-6.32-5.531 6.32h-3.07l7.167-8.19L6 7h6.328l4.37 5.777L21.75 7Zm-1.076 16.242h1.7L11.404 8.74H9.58l11.094 14.503Z\"><\/path><\/svg><\/span><\/a><a aria-label=\"Print\" class=\"heateor_sss_button_print\" href=\"https:\/\/ricom-collectivites3.com\/ccsb\/index.php?rest_route=%2Fwp%2Fv2%2Fpages%2F3036\" onclick=\"event.preventDefault();window.print()\" title=\"Print\" rel=\"noopener\" style=\"font-size:32px!important;box-shadow:none;display:inline-block;vertical-align:middle\"><span class=\"heateor_sss_svg heateor_sss_s__default heateor_sss_s_print\" style=\"background-color:#fd6500;width:30px;height:30px;border-radius:999px;display:inline-block;opacity:1;float:left;font-size:32px;box-shadow:none;display:inline-block;font-size:16px;padding:0 4px;vertical-align:middle;background-repeat:repeat;overflow:hidden;padding:0;cursor:pointer;box-sizing:content-box\"><svg style=\"display:block;border-radius:999px;\" focusable=\"false\" aria-hidden=\"true\" xmlns=\"http:\/\/www.w3.org\/2000\/svg\" width=\"100%\" height=\"100%\" viewBox=\"-2.8 -4.5 35 35\"><path stroke=\"#fff\" class=\"heateor_sss_svg_stroke\" d=\"M 7 10 h 2 v 3 h 12 v -3 h 2 v 7 h -2 v -3 h -12 v 3 h -2 z\" stroke-width=\"1\" fill=\"#fff\"><\/path><rect class=\"heateor_sss_no_fill heateor_sss_svg_stroke\" stroke=\"#fff\" stroke-width=\"1.8\" height=\"7\" width=\"10\" x=\"10\" y=\"5\" fill=\"none\"><\/rect><rect class=\"heateor_sss_svg_stroke\" stroke=\"#fff\" stroke-width=\"1\" height=\"5\" width=\"8\" x=\"11\" y=\"16\" fill=\"#fff\"><\/rect><\/svg><\/span><\/a><\/div><div class=\"heateorSssClear\"><\/div><\/div>[\/et_pb_code][et_pb_text admin_label=\u00a0\u00bbBloc de t\u00e9l\u00e9chargement\u00a0\u00bb module_class=\u00a0\u00bbtelechargement\u00a0\u00bb _builder_version=\u00a0\u00bb4.23.4&Prime; _module_preset=\u00a0\u00bbdefault\u00a0\u00bb background_enable_color=\u00a0\u00bboff\u00a0\u00bb background_enable_image=\u00a0\u00bboff\u00a0\u00bb background_size=\u00a0\u00bbinitial\u00a0\u00bb background_position=\u00a0\u00bbtop_left\u00a0\u00bb custom_padding=\u00a0\u00bb0px|20px|20px|20px|false|true\u00a0\u00bb global_colors_info=\u00a0\u00bb{}\u00a0\u00bb]<\/p>\n<p><span class=\"tt_tel\">Documents<br \/><strong>\u00e0 t\u00e9l\u00e9charger<\/strong><\/span><\/p>\n<ul>\n<li><\/li>\n<li><\/li>\n<\/ul>\n<p>[\/et_pb_text][et_pb_text admin_label=\u00a0\u00bbBloc contact\u00a0\u00bb module_class=\u00a0\u00bbsidebar_contact\u00a0\u00bb _builder_version=\u00a0\u00bb4.23.4&Prime; _module_preset=\u00a0\u00bbdefault\u00a0\u00bb text_font=\u00a0\u00bb||||||||\u00a0\u00bb text_font_size=\u00a0\u00bb1.1em\u00a0\u00bb text_line_height=\u00a0\u00bb1.3em\u00a0\u00bb header_4_font=\u00a0\u00bb|800|||||||\u00a0\u00bb background_color=\u00a0\u00bb#FFFFFF\u00a0\u00bb custom_padding=\u00a0\u00bb0px|30px|17px|30px|false|true\u00a0\u00bb border_width_all=\u00a0\u00bb1px\u00a0\u00bb border_style_all=\u00a0\u00bbdotted\u00a0\u00bb locked=\u00a0\u00bboff\u00a0\u00bb global_colors_info=\u00a0\u00bb{}\u00a0\u00bb]<\/p>\n<h3>Votre<br \/><strong>Contact<\/strong><\/h3>\n<p>&nbsp;<\/p>\n<p><strong><span class=\"contact_service\">Service Coh\u00e9sion Sociale Egalit\u00e9s des Chances<\/span><\/strong><br \/><span class=\"contact_adresse\">105, rue de la R\u00e9publique<br \/>CS 30010, 69 220 Belleville<\/span><\/p>\n<p><span class=\"contact_telephone\">04 74 66 35 98<\/span><br \/><span class=\"contact_mail\">contact@ccsb.fr<\/span><br \/><span class=\"contact_web\">www.ccsb-saonebeaujolais.fr<\/span><\/p>\n<p>[\/et_pb_text][\/et_pb_column][\/et_pb_row][\/et_pb_section]<\/p>\n","protected":false},"excerpt":{"rendered":"<p>RPE Les P\u2019tits Lapins \u2013 Belleville-en-Beaujolais Le Relais Petite Enfance Les P\u2019tits Lapins est un lieu \u00e0 destination des assistant(e)s maternel(le)s Belleville-en-Beaujolais et Taponas, des familles et des enfants. Il offre ainsi un lieu de rencontres, d\u2019\u00e9changes, bas\u00e9 autour de l\u2019enfant, du jeu, et d\u2019activit\u00e9s pour les professionnels. Pour les familles : Informer et orienter [&hellip;]<\/p>\n","protected":false},"author":2,"featured_media":0,"parent":2164,"menu_order":0,"comment_status":"closed","ping_status":"closed","template":"","meta":{"_acf_changed":false,"_et_pb_use_builder":"on","_et_pb_old_content":"","_et_gb_content_width":"","_relevanssi_hide_post":"","_relevanssi_hide_content":"","_relevanssi_pin_for_all":"","_relevanssi_pin_keywords":"","_relevanssi_unpin_keywords":"","_relevanssi_related_keywords":"","_relevanssi_related_include_ids":"","_relevanssi_related_exclude_ids":"","_relevanssi_related_no_append":"","_relevanssi_related_not_related":"","_relevanssi_related_posts":"","_relevanssi_noindex_reason":"","footnotes":""},"class_list":["post-3036","page","type-page","status-publish","hentry"],"acf":[],"_links":{"self":[{"href":"https:\/\/ricom-collectivites3.com\/ccsb\/index.php?rest_route=\/wp\/v2\/pages\/3036","targetHints":{"allow":["GET"]}}],"collection":[{"href":"https:\/\/ricom-collectivites3.com\/ccsb\/index.php?rest_route=\/wp\/v2\/pages"}],"about":[{"href":"https:\/\/ricom-collectivites3.com\/ccsb\/index.php?rest_route=\/wp\/v2\/types\/page"}],"author":[{"embeddable":true,"href":"https:\/\/ricom-collectivites3.com\/ccsb\/index.php?rest_route=\/wp\/v2\/users\/2"}],"replies":[{"embeddable":true,"href":"https:\/\/ricom-collectivites3.com\/ccsb\/index.php?rest_route=%2Fwp%2Fv2%2Fcomments&post=3036"}],"version-history":[{"count":14,"href":"https:\/\/ricom-collectivites3.com\/ccsb\/index.php?rest_route=\/wp\/v2\/pages\/3036\/revisions"}],"predecessor-version":[{"id":3681,"href":"https:\/\/ricom-collectivites3.com\/ccsb\/index.php?rest_route=\/wp\/v2\/pages\/3036\/revisions\/3681"}],"up":[{"embeddable":true,"href":"https:\/\/ricom-collectivites3.com\/ccsb\/index.php?rest_route=\/wp\/v2\/pages\/2164"}],"wp:attachment":[{"href":"https:\/\/ricom-collectivites3.com\/ccsb\/index.php?rest_route=%2Fwp%2Fv2%2Fmedia&parent=3036"}],"curies":[{"name":"wp","href":"https:\/\/api.w.org\/{rel}","templated":true}]}}