{"id":286,"date":"2023-10-16T15:47:38","date_gmt":"2023-10-16T15:47:38","guid":{"rendered":"http:\/\/ricom-web7.com\/ccsb\/tourisme-et-patrimoine\/"},"modified":"2024-02-22T12:56:34","modified_gmt":"2024-02-22T12:56:34","slug":"tourisme-et-patrimoine","status":"publish","type":"page","link":"https:\/\/ricom-collectivites3.com\/ccsb\/?page_id=286","title":{"rendered":"Tourisme et patrimoine"},"content":{"rendered":"<p>[et_pb_section fb_built=\u00a0\u00bb1&Prime; module_class=\u00a0\u00bbfd_raye\u00a0\u00bb _builder_version=\u00a0\u00bb4.24.2&Prime; _module_preset=\u00a0\u00bbdefault\u00a0\u00bb background_enable_color=\u00a0\u00bboff\u00a0\u00bb custom_padding=\u00a0\u00bb30px||0px|||\u00a0\u00bb locked=\u00a0\u00bboff\u00a0\u00bb global_colors_info=\u00a0\u00bb{}\u00a0\u00bb theme_builder_area=\u00a0\u00bbpost_content\u00a0\u00bb][et_pb_row _builder_version=\u00a0\u00bb4.23.1&Prime; _module_preset=\u00a0\u00bbdefault\u00a0\u00bb background_color=\u00a0\u00bb#FFFFFF\u00a0\u00bb width=\u00a0\u00bb100%\u00a0\u00bb max_width=\u00a0\u00bb1150px\u00a0\u00bb module_alignment=\u00a0\u00bbcenter\u00a0\u00bb custom_padding=\u00a0\u00bb23px|25px|0px|25px|false|true\u00a0\u00bb global_colors_info=\u00a0\u00bb{}\u00a0\u00bb theme_builder_area=\u00a0\u00bbpost_content\u00a0\u00bb][et_pb_column type=\u00a0\u00bb4_4&Prime; _builder_version=\u00a0\u00bb4.20.4&Prime; _module_preset=\u00a0\u00bbdefault\u00a0\u00bb global_colors_info=\u00a0\u00bb{}\u00a0\u00bb theme_builder_area=\u00a0\u00bbpost_content\u00a0\u00bb][et_pb_post_title _builder_version=\u00a0\u00bb4.20.4&Prime; _module_preset=\u00a0\u00bbdefault\u00a0\u00bb locked=\u00a0\u00bbon\u00a0\u00bb global_colors_info=\u00a0\u00bb{}\u00a0\u00bb theme_builder_area=\u00a0\u00bbpost_content\u00a0\u00bb][\/et_pb_post_title][\/et_pb_column][\/et_pb_row][\/et_pb_section][et_pb_section fb_built=\u00a0\u00bb1&Prime; _builder_version=\u00a0\u00bb4.20.4&Prime; _module_preset=\u00a0\u00bbdefault\u00a0\u00bb custom_padding=\u00a0\u00bb28px|||||\u00a0\u00bb locked=\u00a0\u00bboff\u00a0\u00bb global_colors_info=\u00a0\u00bb{}\u00a0\u00bb theme_builder_area=\u00a0\u00bbpost_content\u00a0\u00bb][et_pb_row _builder_version=\u00a0\u00bb4.24.2&Prime; _module_preset=\u00a0\u00bbdefault\u00a0\u00bb max_width=\u00a0\u00bb900px\u00a0\u00bb module_alignment=\u00a0\u00bbcenter\u00a0\u00bb custom_padding=\u00a0\u00bb0px|||||\u00a0\u00bb global_colors_info=\u00a0\u00bb{}\u00a0\u00bb theme_builder_area=\u00a0\u00bbpost_content\u00a0\u00bb][et_pb_column type=\u00a0\u00bb4_4&Prime; _builder_version=\u00a0\u00bb4.24.2&Prime; _module_preset=\u00a0\u00bbdefault\u00a0\u00bb global_colors_info=\u00a0\u00bb{}\u00a0\u00bb theme_builder_area=\u00a0\u00bbpost_content\u00a0\u00bb][et_pb_text _builder_version=\u00a0\u00bb4.24.2&Prime; _module_preset=\u00a0\u00bbdefault\u00a0\u00bb global_colors_info=\u00a0\u00bb{}\u00a0\u00bb theme_builder_area=\u00a0\u00bbpost_content\u00a0\u00bb]<\/p>\n<h2>Liste des pages de cette rubrique<\/h2>\n<p>[\/et_pb_text][et_pb_code _builder_version=\u00a0\u00bb4.24.2&Prime; _module_preset=\u00a0\u00bbdefault\u00a0\u00bb global_colors_info=\u00a0\u00bb{}\u00a0\u00bb theme_builder_area=\u00a0\u00bbpost_content\u00a0\u00bb]<div class=\"sous-pages\"><div id=\"parent-306\" class=\"parent-page\">\r\n        <a href=\"https:\/\/ricom-collectivites3.com\/ccsb\/?page_id=306\" title=\"Office de tourisme\">Office de tourisme<\/a>\r\n        <\/div><div id=\"parent-307\" class=\"parent-page\">\r\n        <a href=\"https:\/\/ricom-collectivites3.com\/ccsb\/?page_id=307\" title=\"Equipements touristiques\">Equipements touristiques<\/a>\r\n        <\/div><div id=\"parent-308\" class=\"parent-page\">\r\n        <a href=\"https:\/\/ricom-collectivites3.com\/ccsb\/?page_id=308\" title=\"Labels et marque territoriale\">Labels et marque territoriale<\/a>\r\n        <\/div><div id=\"parent-309\" class=\"parent-page\">\r\n        <a href=\"https:\/\/ricom-collectivites3.com\/ccsb\/?page_id=309\" title=\"Taxe de s\u00e9jour\">Taxe de s\u00e9jour<\/a>\r\n        <\/div><div id=\"parent-310\" class=\"parent-page\">\r\n        <a href=\"https:\/\/ricom-collectivites3.com\/ccsb\/?page_id=310\" title=\"Soutien aux manifestations\">Soutien aux manifestations<\/a>\r\n        <\/div><div id=\"parent-2115\" class=\"parent-page\">\r\n        <a href=\"https:\/\/ricom-collectivites3.com\/ccsb\/?page_id=2115\" title=\"\u00c9quipements et projets touristiques\">\u00c9quipements et projets touristiques<\/a>\r\n        <\/div><div id=\"parent-3012\" class=\"parent-page\">\r\n        <a href=\"https:\/\/ricom-collectivites3.com\/ccsb\/?page_id=3012\" title=\"La randonn\u00e9e, le trail, le v\u00e9lo\">La randonn\u00e9e, le trail, le v\u00e9lo<\/a>\r\n        <\/div><\/div>[\/et_pb_code][\/et_pb_column][\/et_pb_row][\/et_pb_section]<\/p>\n","protected":false},"excerpt":{"rendered":"<p>La randonn\u00e9e est la premi\u00e8re demande formul\u00e9e par nos visiteurs aupr\u00e8s de notre Office de Tourisme. Mais elle int\u00e9resse aussi les locaux qui appr\u00e9cient de d\u00e9couvrir les villages voisins en randonnant. Afin d&rsquo;offrir une offre de qualit\u00e9, la CCSB travaille en \u00e9troite collaboration avec les 35 communes et l&rsquo;Office de Tourisme du Beaujolais, que ce [&hellip;]<\/p>\n","protected":false},"author":1,"featured_media":0,"parent":0,"menu_order":0,"comment_status":"open","ping_status":"closed","template":"","meta":{"_acf_changed":false,"_et_pb_use_builder":"on","_et_pb_old_content":"","_et_gb_content_width":"","_relevanssi_hide_post":"","_relevanssi_hide_content":"","_relevanssi_pin_for_all":"","_relevanssi_pin_keywords":"","_relevanssi_unpin_keywords":"","_relevanssi_related_keywords":"","_relevanssi_related_include_ids":"","_relevanssi_related_exclude_ids":"","_relevanssi_related_no_append":"","_relevanssi_related_not_related":"","_relevanssi_related_posts":"","_relevanssi_noindex_reason":"","footnotes":""},"class_list":["post-286","page","type-page","status-publish","hentry"],"acf":[],"_links":{"self":[{"href":"https:\/\/ricom-collectivites3.com\/ccsb\/index.php?rest_route=\/wp\/v2\/pages\/286","targetHints":{"allow":["GET"]}}],"collection":[{"href":"https:\/\/ricom-collectivites3.com\/ccsb\/index.php?rest_route=\/wp\/v2\/pages"}],"about":[{"href":"https:\/\/ricom-collectivites3.com\/ccsb\/index.php?rest_route=\/wp\/v2\/types\/page"}],"author":[{"embeddable":true,"href":"https:\/\/ricom-collectivites3.com\/ccsb\/index.php?rest_route=\/wp\/v2\/users\/1"}],"replies":[{"embeddable":true,"href":"https:\/\/ricom-collectivites3.com\/ccsb\/index.php?rest_route=%2Fwp%2Fv2%2Fcomments&post=286"}],"version-history":[{"count":3,"href":"https:\/\/ricom-collectivites3.com\/ccsb\/index.php?rest_route=\/wp\/v2\/pages\/286\/revisions"}],"predecessor-version":[{"id":4990,"href":"https:\/\/ricom-collectivites3.com\/ccsb\/index.php?rest_route=\/wp\/v2\/pages\/286\/revisions\/4990"}],"wp:attachment":[{"href":"https:\/\/ricom-collectivites3.com\/ccsb\/index.php?rest_route=%2Fwp%2Fv2%2Fmedia&parent=286"}],"curies":[{"name":"wp","href":"https:\/\/api.w.org\/{rel}","templated":true}]}}